{"id":2104,"date":"2018-05-11T17:13:01","date_gmt":"2018-05-11T17:13:01","guid":{"rendered":"http:\/\/carrizosarq.com\/?page_id=2104"},"modified":"2018-12-01T15:14:19","modified_gmt":"2018-12-01T15:14:19","slug":"servicios","status":"publish","type":"page","link":"http:\/\/carrizosarq.com\/pt_PT\/servicios\/","title":{"rendered":"Servi\u00e7os"},"content":{"rendered":"<h5><strong><span\n style=\"color: #003366;\">APOIO INICIAL<\/span><\/strong><\/h5>\n<p style=\"text-align: justify;\"><strong><span style=\"color: #003366;\">Construir ou reformar um edif\u00edcio, seja uma moradia, uma loja ou um escrit\u00f3rio, \u00e9 um investimento importante no que depositamos muito entusiasmo e energia, e que requer conhecimento e ajuda de expertos. Em Carrizosa Arquitectura somos cientes da relev\u00e2ncia&nbsp;de ter tudo claro ao tomar uma decis\u00e3o t\u00e3o importante e por isso oferecemos um <a style=\"font-weight: bold;\" href=\"http:\/\/carrizosarq.com\/es_ES\/contacto\/\">Servi\u00e7os Gratuitos<\/a> para ajudar a gui\u00e1-lo nos primeiros passos.<\/span><\/strong><\/p>\n<ul>\n<li><strong><span style=\"color: #003366;\">Encontro no terreno ou constru\u00e7\u00e3o para reformar para discutir sua ideia do projeto<\/span><\/strong><\/li>\n<li><strong><span style=\"color: #003366;\">Orienta\u00e7\u00e3o&nbsp;na procura do terreno para&nbsp;constru\u00e7\u00e3o<\/span><\/strong><\/li>\n<li><strong><span style=\"color: #003366;\">Or\u00e7amento dos projetos<\/span><\/strong><\/li>\n<li><strong><span style=\"color: #003366;\">Estimativa do custo das obras<\/span><\/strong><\/li>\n<li><strong><span style=\"color: #003366;\">Assessoria<\/span><\/strong><\/li>\n<\/ul>\n<h5 class=\"iconlist_title\"><strong><span style=\"color: #003366;\">PROJETOS DE ARQUITETURA E ESPECIALIDADES<\/span><\/strong><\/h5>\n<p><strong><span style=\"color: #003366;\">Desenvolvimento de Projetos de edifica\u00e7\u00e3o&nbsp;e Dire\u00e7\u00e3o&nbsp;de obra:<\/span><\/strong><\/p>\n<ul>\n<li><strong><span style=\"color: #003366;\">Edifica\u00e7\u00e3o&nbsp;nova<\/span><\/strong><\/li>\n<li><strong><span style=\"color: #003366;\">Reabilita\u00e7\u00e3o, reforma e amplia\u00e7\u00f5es&nbsp;de&nbsp;edif\u00edcios<\/span><\/strong><\/li>\n<li><strong><span style=\"color: #003366;\">Vivendas unifamiliares e plurifamiliares<\/span><\/strong><\/li>\n<li><strong><span style=\"color: #003366;\">Edifica\u00e7\u00f5es comerciais<\/span><\/strong><\/li>\n<li><strong><span style=\"color: #003366;\">Escritorios<\/span><\/strong><\/li>\n<li><span style=\"color: #003366;\"><strong>Edifica\u00e7\u00f5es&nbsp;industriais<\/strong><\/span><\/li>\n<li><strong><span style=\"color: #003366;\">Edif\u00edcios sanit\u00e1rios<\/span><\/strong><\/li>\n<\/ul>\n<h5 class=\"iconlist_title\"><strong><span style=\"color: #003366;\">GEST\u00c3O INTEGRADA DE PROJETOS E AUTO-PROMO\u00c7\u00c3O<\/span><\/strong><\/h5>\n<ul>\n<li><strong><span style=\"color: #003366;\">Localiza\u00e7\u00e3o&nbsp;de terreno&nbsp;edific\u00e1vel<\/span><\/strong><\/li>\n<li><strong><span style=\"color: #003366;\">Estudo de&nbsp;viabilidade&nbsp;<\/span><\/strong><\/li>\n<li><strong><span style=\"color: #003366;\">Gest\u00e3o da autopromo\u00e7\u00e3o de moradias e tramites de licenciamento<\/span><\/strong><\/li>\n<\/ul>\n<h5 class=\"iconlist_title\"><strong><span style=\"color: #003366;\">DESIGN DE INTERIORES E PAISAGISMO<\/span><\/strong><\/h5>\n<ul>\n<li><strong><span style=\"color: #003366;\">Projetos de design de interiores para espa\u00e7os residenciais e comerciais<\/span><\/strong><\/li>\n<li><strong><span style=\"color: #003366;\">Gest\u00e3o de projeto e constru\u00e7\u00e3o de jardins em resid\u00eancias unifamiliares e complexos residenciais<\/span><\/strong><\/li>\n<\/ul>\n<h5 class=\"iconlist_title\"><strong><span style=\"color: #003366;\">DOCUMENTOS&nbsp; DE DESENVOLVIMENTO URBANO<\/span><\/strong><\/h5>\n<ul>\n<li><strong><span style=\"color: #003366;\">Projetos de Urbaniza\u00e7\u00e3o e Parcelamento<\/span><\/strong><\/li>\n<li><strong><span style=\"color: #003366;\">Relat\u00f3rios de planejamento urbano<\/span><\/strong><\/li>\n<\/ul>\n<h5 class=\"iconlist_title\"><strong><span style=\"color: #003366;\">OUTROS SERVI\u00c7OS DE ARQUITETURA<\/span><\/strong><\/h5>\n<ul>\n<li><strong><span style=\"color: #003366;\">Relat\u00f3rios, Pareceres e Certificados T\u00e9cnicos<\/span><\/strong><\/li>\n<li><strong><span style=\"color: #003366;\">Certifica\u00e7\u00e3o energ\u00e9tica<\/span><\/strong><\/li>\n<li><strong><span style=\"color: #003366;\">Inspe\u00e7\u00f5es T\u00e9cnicas de Edif\u00edcios<\/span><\/strong><\/li>\n<li><strong><span style=\"color: #003366;\">Consultoria t\u00e9cnica<\/span><\/strong><\/li>\n<li><strong><span style=\"color: #003366;\">Seguran\u00e7a e sa\u00fade na constru\u00e7\u00e3o.&nbsp;<\/span><\/strong><\/li>\n<\/ul>\n<h5 class=\"iconlist_title\"><strong><span style=\"color: #003366;\">CONSTRU\u00c7\u00c3O<\/span><\/strong><\/h5>\n<ul>\n<li><strong><span style=\"color: #003366;\">Atrav\u00e9s de empresas de constru\u00e7\u00e3o&nbsp;parceiras<\/span><\/strong><\/li>\n<li><strong><span style=\"color: #003366;\">Manuten\u00e7\u00e3o predial<\/span><\/strong><\/li>\n<\/ul>\n<p style=\"text-align: center;\"><b><a href=\"http:\/\/carrizosarq.com\/es_ES\/contacto\/\">Solicite or\u00e7amento<\/a><\/b><\/p>\n","protected":false},"excerpt":{"rendered":"<h5><strong><span style=\"color: #003366;\">APOIO INICIAL<\/span><\/strong><\/h5>\n<p style=\"text-align: justify;\"><strong><span style=\"color: #003366;\">Construir ou reformar um edif\u00edcio, seja uma moradia, uma loja ou um escrit\u00f3rio, \u00e9 um investimento import&#8230;<\/p>\n","protected":false},"author":1,"featured_media":0,"parent":0,"menu_order":0,"comment_status":"closed","ping_status":"closed","template":"","meta":{"_mi_skip_tracking":false,"ngg_post_thumbnail":0},"_links":{"self":[{"href":"http:\/\/carrizosarq.com\/pt_PT\/wp-json\/wp\/v2\/pages\/2104"}],"collection":[{"href":"http:\/\/carrizosarq.com\/pt_PT\/wp-json\/wp\/v2\/pages"}],"about":[{"href":"http:\/\/carrizosarq.com\/pt_PT\/wp-json\/wp\/v2\/types\/page"}],"author":[{"embeddable":true,"href":"http:\/\/carrizosarq.com\/pt_PT\/wp-json\/wp\/v2\/users\/1"}],"replies":[{"embeddable":true,"href":"http:\/\/carrizosarq.com\/pt_PT\/wp-json\/wp\/v2\/comments?post=2104"}],"version-history":[{"count":42,"href":"http:\/\/carrizosarq.com\/pt_PT\/wp-json\/wp\/v2\/pages\/2104\/revisions"}],"predecessor-version":[{"id":3161,"href":"http:\/\/carrizosarq.com\/pt_PT\/wp-json\/wp\/v2\/pages\/2104\/revisions\/3161"}],"wp:attachment":[{"href":"http:\/\/carrizosarq.com\/pt_PT\/wp-json\/wp\/v2\/media?parent=2104"}],"curies":[{"name":"wp","href":"https:\/\/api.w.org\/{rel}","templated":true}]}}