{"id":1852,"date":"2018-05-09T11:10:56","date_gmt":"2018-05-09T11:10:56","guid":{"rendered":"http:\/\/carrizosarq.com\/?page_id=1852"},"modified":"2020-11-08T19:05:13","modified_gmt":"2020-11-08T19:05:13","slug":"moreno-torroba-4","status":"publish","type":"page","link":"http:\/\/carrizosarq.com\/pt_PT\/moreno-torroba-4\/","title":{"rendered":"Casa Sustent\u00e1vel Moreno Torroba 4 "},"content":{"rendered":"<div id=\"metaslider-id-2573\" style=\"max-width: 700px; margin: 0 auto;\" class=\"ml-slider-3-29-1 metaslider metaslider-nivo metaslider-2573 ml-slider ml-slider-lightbox-1-12-0 easy-fancybox-1-9-5\">\n    <div id=\"metaslider_container_2573\">\n        <div class='slider-wrapper theme-default'><div class='ribbon'><\/div><div id='metaslider_2573' class='nivoSlider'><a href=\"http:\/\/carrizosarq.com\/wp-content\/uploads\/2018\/10\/Fachada-01E.jpg\" target=\"_self\" rel=\"lightbox[2573]\"><img src=\"http:\/\/carrizosarq.com\/wp-content\/uploads\/2018\/10\/Fachada-01E-700x300.jpg\" height=\"300\" width=\"700\" title=\"Fachada 01E\" alt=\"\" class=\"slider-2573 slide-2605\" \/><\/a><a href=\"http:\/\/carrizosarq.com\/wp-content\/uploads\/2018\/10\/Fachada-OTRA-VISTA.jpg\" target=\"_self\" rel=\"lightbox[2573]\"><img src=\"http:\/\/carrizosarq.com\/wp-content\/uploads\/2018\/10\/Fachada-OTRA-VISTA-700x300.jpg\" height=\"300\" width=\"700\" title=\"Fachada OTRA VISTA\" alt=\"\" class=\"slider-2573 slide-2606\" \/><\/a><a href=\"http:\/\/carrizosarq.com\/wp-content\/uploads\/2019\/03\/Area-Barbacoa-Cerrada.jpg\" target=\"_self\" rel=\"lightbox[2573]\"><img src=\"http:\/\/carrizosarq.com\/wp-content\/uploads\/2019\/03\/Area-Barbacoa-Cerrada-700x300.jpg\" height=\"300\" width=\"700\" title=\"Area Barbacoa Cerrada\" alt=\"\" class=\"slider-2573 slide-3202\" \/><\/a><a href=\"http:\/\/carrizosarq.com\/wp-content\/uploads\/2019\/03\/Area-Barbacoa-Abierta.jpg\" target=\"_self\" rel=\"lightbox[2573]\"><img src=\"http:\/\/carrizosarq.com\/wp-content\/uploads\/2019\/03\/Area-Barbacoa-Abierta-700x300.jpg\" height=\"300\" width=\"700\" title=\"Area Barbacoa Abierta\" alt=\"\" class=\"slider-2573 slide-3201\" \/><\/a><a href=\"http:\/\/carrizosarq.com\/wp-content\/uploads\/2019\/03\/Area-Barbacoa-Detalle.jpg\" target=\"_self\" rel=\"lightbox[2573]\"><img src=\"http:\/\/carrizosarq.com\/wp-content\/uploads\/2019\/03\/Area-Barbacoa-Detalle-700x300.jpg\" height=\"300\" width=\"700\" title=\"Area Barbacoa Detalle\" alt=\"\" class=\"slider-2573 slide-3203\" \/><\/a><a href=\"http:\/\/carrizosarq.com\/wp-content\/uploads\/2018\/10\/Entrada-01.jpg\" target=\"_self\" rel=\"lightbox[2573]\"><img src=\"http:\/\/carrizosarq.com\/wp-content\/uploads\/2018\/10\/Entrada-01-700x300.jpg\" height=\"300\" width=\"700\" title=\"Entrada 01\" alt=\"\" class=\"slider-2573 slide-2604\" \/><\/a><a href=\"http:\/\/carrizosarq.com\/wp-content\/uploads\/2018\/10\/Sala-TV-05.jpg\" target=\"_self\" rel=\"lightbox[2573]\"><img src=\"http:\/\/carrizosarq.com\/wp-content\/uploads\/2018\/10\/Sala-TV-05-700x300.jpg\" height=\"300\" width=\"700\" title=\"Sala TV 05\" alt=\"\" class=\"slider-2573 slide-2607\" \/><\/a><a href=\"http:\/\/carrizosarq.com\/wp-content\/uploads\/2020\/11\/09-Caixas-horta-j\u00e1-com-grama.jpg\" target=\"_self\" rel=\"lightbox[2573]\"><img src=\"http:\/\/carrizosarq.com\/wp-content\/uploads\/2020\/11\/09-Caixas-horta-j\u00e1-com-grama-700x300.jpg\" height=\"300\" width=\"700\" title=\"09 Caixas horta (j\u00e1 com grama)\" alt=\"\" class=\"slider-2573 slide-3244\" \/><\/a><a href=\"http:\/\/carrizosarq.com\/wp-content\/uploads\/2020\/11\/01-Area-Churrasqueira-fechada.jpeg\" target=\"_self\" rel=\"lightbox[2573]\"><img src=\"http:\/\/carrizosarq.com\/wp-content\/uploads\/2020\/11\/01-Area-Churrasqueira-fechada-700x300.jpeg\" height=\"300\" width=\"700\" title=\"01 Area Churrasqueira fechada\" alt=\"\" class=\"slider-2573 slide-3236\" \/><\/a><a href=\"http:\/\/carrizosarq.com\/wp-content\/uploads\/2020\/11\/02-Area-Churrasqueira-aberta.jpg\" target=\"_self\" rel=\"lightbox[2573]\"><img src=\"http:\/\/carrizosarq.com\/wp-content\/uploads\/2020\/11\/02-Area-Churrasqueira-aberta-700x300.jpg\" height=\"300\" width=\"700\" data-caption=\"OLYMPUS DIGITAL CAMERA\" title=\"OLYMPUS DIGITAL CAMERA\" alt=\"\" class=\"slider-2573 slide-3237\" \/><\/a><a href=\"http:\/\/carrizosarq.com\/wp-content\/uploads\/2020\/11\/03-Area-Churrasqueira-fechada.jpeg\" target=\"_self\" rel=\"lightbox[2573]\"><img src=\"http:\/\/carrizosarq.com\/wp-content\/uploads\/2020\/11\/03-Area-Churrasqueira-fechada-700x300.jpeg\" height=\"300\" width=\"700\" title=\"03 Area Churrasqueira fechada\" alt=\"\" class=\"slider-2573 slide-3238\" \/><\/a><a href=\"http:\/\/carrizosarq.com\/wp-content\/uploads\/2020\/11\/04-Cozinha-Churrasqueira.jpeg\" target=\"_self\" rel=\"lightbox[2573]\"><img src=\"http:\/\/carrizosarq.com\/wp-content\/uploads\/2020\/11\/04-Cozinha-Churrasqueira-700x300.jpeg\" height=\"300\" width=\"700\" title=\"04 Cozinha Churrasqueira\" alt=\"\" class=\"slider-2573 slide-3239\" \/><\/a><a href=\"http:\/\/carrizosarq.com\/wp-content\/uploads\/2020\/11\/05-Detalhe-Banheiro-01.jpg\" target=\"_self\" rel=\"lightbox[2573]\"><img src=\"http:\/\/carrizosarq.com\/wp-content\/uploads\/2020\/11\/05-Detalhe-Banheiro-01-700x300.jpg\" height=\"300\" width=\"700\" data-caption=\"OLYMPUS DIGITAL CAMERA\" title=\"OLYMPUS DIGITAL CAMERA\" alt=\"\" class=\"slider-2573 slide-3240\" \/><\/a><a href=\"http:\/\/carrizosarq.com\/wp-content\/uploads\/2020\/11\/06-Detalhe-Banheiro-02.jpeg\" target=\"_self\" rel=\"lightbox[2573]\"><img src=\"http:\/\/carrizosarq.com\/wp-content\/uploads\/2020\/11\/06-Detalhe-Banheiro-02-700x300.jpeg\" height=\"300\" width=\"700\" title=\"06 Detalhe Banheiro 02\" alt=\"\" class=\"slider-2573 slide-3241\" \/><\/a><a href=\"http:\/\/carrizosarq.com\/wp-content\/uploads\/2020\/11\/07-Piscina.jpeg\" target=\"_self\" rel=\"lightbox[2573]\"><img src=\"http:\/\/carrizosarq.com\/wp-content\/uploads\/2020\/11\/07-Piscina-700x300.jpeg\" height=\"300\" width=\"700\" title=\"07 Piscina\" alt=\"\" class=\"slider-2573 slide-3242\" \/><\/a><a href=\"http:\/\/carrizosarq.com\/wp-content\/uploads\/2020\/11\/08-Detalhe-Piscina.jpg\" target=\"_self\" rel=\"lightbox[2573]\"><img src=\"http:\/\/carrizosarq.com\/wp-content\/uploads\/2020\/11\/08-Detalhe-Piscina-700x300.jpg\" height=\"300\" width=\"700\" title=\"08 Detalhe Piscina\" alt=\"\" class=\"slider-2573 slide-3243\" \/><\/a><a href=\"http:\/\/carrizosarq.com\/wp-content\/uploads\/2018\/10\/Planta-baja-copia.jpg\" target=\"_self\" rel=\"lightbox[2573]\"><img src=\"http:\/\/carrizosarq.com\/wp-content\/uploads\/2018\/10\/Planta-baja-copia-700x300.jpg\" height=\"300\" width=\"700\" title=\"Planta baja copia\" alt=\"\" class=\"slider-2573 slide-2630\" \/><\/a><a href=\"http:\/\/carrizosarq.com\/wp-content\/uploads\/2018\/10\/Planta-primera-copia.jpg\" target=\"_self\" rel=\"lightbox[2573]\"><img src=\"http:\/\/carrizosarq.com\/wp-content\/uploads\/2018\/10\/Planta-primera-copia-700x300.jpg\" height=\"300\" width=\"700\" title=\"Planta primera copia\" alt=\"\" class=\"slider-2573 slide-2631\" \/><\/a><a href=\"http:\/\/carrizosarq.com\/wp-content\/uploads\/2018\/10\/Seccion-01-copia.jpg\" target=\"_self\" rel=\"lightbox[2573]\"><img src=\"http:\/\/carrizosarq.com\/wp-content\/uploads\/2018\/10\/Seccion-01-copia-700x300.jpg\" height=\"300\" width=\"700\" title=\"Seccion 01 copia\" alt=\"\" class=\"slider-2573 slide-2632\" \/><\/a><a href=\"http:\/\/carrizosarq.com\/wp-content\/uploads\/2018\/10\/Seccion-02-copia.jpg\" target=\"_self\" rel=\"lightbox[2573]\"><img src=\"http:\/\/carrizosarq.com\/wp-content\/uploads\/2018\/10\/Seccion-02-copia-700x300.jpg\" height=\"300\" width=\"700\" title=\"Seccion 02 copia\" alt=\"\" class=\"slider-2573 slide-2633\" \/><\/a><a href=\"http:\/\/carrizosarq.com\/wp-content\/uploads\/2018\/10\/Fachada-lateral-copia.jpg\" target=\"_self\" rel=\"lightbox[2573]\"><img src=\"http:\/\/carrizosarq.com\/wp-content\/uploads\/2018\/10\/Fachada-lateral-copia-700x300.jpg\" height=\"300\" width=\"700\" title=\"Fachada lateral copia\" alt=\"\" class=\"slider-2573 slide-2628\" \/><\/a><a href=\"http:\/\/carrizosarq.com\/wp-content\/uploads\/2018\/10\/Fachada-posterior-copia.jpg\" target=\"_self\" rel=\"lightbox[2573]\"><img src=\"http:\/\/carrizosarq.com\/wp-content\/uploads\/2018\/10\/Fachada-posterior-copia-700x300.jpg\" height=\"300\" width=\"700\" title=\"Fachada posterior copia\" alt=\"\" class=\"slider-2573 slide-2629\" \/><\/a><\/div><\/div>\n        \n    <\/div>\n<\/div>\n<h4 class=\"font7\" style=\"text-align: justify;\"><span style=\"color: #003366;\"><b style=\"color: #003366;\">Casa unifamiliar <\/b><span style=\"color: #003366;\"><b>sustent\u00e1vel<\/b><\/span><b style=\"color: #003366;\">&nbsp;gem<span style=\"color: #003366;\">inada.<\/span><\/b><\/span><\/h4>\n<p style=\"text-align: justify;\"><span style=\"color: #003366;\"><strong>Os clientes escolheram o loteamento onde ser\u00e1 constru\u00eddo o seu novo lar em uma zona de grande expans\u00e3o de Badajoz, justo na fronteira com Portugal, pois ele \u00e9 professor de Universidade nessa cidade e ela m\u00e9dica em Portugal. Encomendaram uma casa de design contempor\u00e2neo e com um bom comportamento energ\u00e9tico.<\/strong><\/span><\/p>\n<p style=\"text-align: justify;\"><span style=\"color: #003366;\"><strong>No terreno, onde existe uma moradia em avan\u00e7ado estado de degrada\u00e7\u00e3o que dever\u00e1 ser demolida, projeta-se a moradia de dois andares, piscina, \u00e1rea de lazer e jardim com horta. No projeto procuram-se unir conceitos de arquitetura bioclim\u00e1tica e de efici\u00eancia energ\u00e9tica, aproveitando ao m\u00e1ximo as capta\u00e7\u00f5es de radia\u00e7\u00e3o solar e ventila\u00e7\u00f5es naturais e reduzindo a ilumina\u00e7\u00e3o artificial.<\/strong><\/span><\/p>\n<p style=\"text-align: justify;\"><span style=\"color: #003366;\"><strong>A envolvente da casa projeta-se garantindo o maior conforto tanto t\u00e9rmico quanto ac\u00fastico. O design da fachada inclui acabamento de tijolo visto autoventilado, melhorando o isolamento t\u00e9rmico da moradia. A laje do r\u00e9s de ch\u00e3o ser\u00e1 ventilada com o sistema de cofragem perdido tipo Caviti, isolando a laje gra\u00e7as \u00e0 circula\u00e7\u00e3o de ar, protegendo das umidades e das emiss\u00f5es do g\u00e1s rad\u00e3o. As coberturas planas da casa ser\u00e3o ajardinadas o que permitir\u00e1 reduzir o consumo energ\u00e9tico e as emiss\u00f5es de CO\u2082.<\/strong><\/span><\/p>\n<p style=\"text-align: justify;\"><span style=\"color: #003366;\"><strong>A climatiza\u00e7\u00e3o dos&nbsp;ambientes \u00e9&nbsp;obtida atrav\u00e9s do&nbsp;uso&nbsp;de um&nbsp;sistema&nbsp; de piso radiante, o qual nos permite atingir um grau de conforto \u00f3timo com uma temperatura da \u00e1gua menor, de apenas 35\u00ba. Para melhorar ainda mais a efici\u00eancia, o sistema ser\u00e1 abastecido por energia geot\u00e9rmica, limpa e renov\u00e1vel. A casa contar\u00e1 ainda com um sistema solar t\u00e9rmico para o aquecimento da \u00e1gua e est\u00e1 prevista a instala\u00e7\u00e3o de placas solares fotovoltaicas.<\/strong><\/span><\/p>\n<p style=\"text-align: justify;\"><span style=\"color: #003366;\"><strong>Estruturada em dois andares, no r\u00e9s de ch\u00e3o localiza-se uma garagem para dois carros e a \u00e1rea de acesso, assim como o espa\u00e7o principal da casa, que compreende um escrit\u00f3rio reservado para o trabalho do pai, uma casa de banho, uma grande sala com dupla altura, uma ampla cozinha, e uma su\u00edte. Sob a cozinha \u00e9 projetado um por\u00e3o para adega e despensa de alimentos. As paredes brancas&nbsp;refletem a luz&nbsp;para o interior e as amplas janelas e portas de vidro&nbsp;incluem o jardim exterior na composi\u00e7\u00e3o espacial.<\/strong><\/span><\/p>\n<p class=\"font7\" style=\"text-align: justify;\"><span style=\"color: #003366;\"><b style=\"color: #003366;\">A escada e o jardim interior apresentam-se como pe\u00e7as de grande protagonismo no interior da casa, sendo os&nbsp;elementos de coes\u00e3o entre os dois n\u00edveis. A escada transmite uma sensa\u00e7\u00e3o de leveza gra\u00e7as aos degraus revestidos de madeira natural e ancorados diretamente na parede que parecem flutuar. A luz difusa que entra atrav\u00e9s do jardim interior faz deste elemento vertebral um&nbsp;espa\u00e7o atraente e delicado, conectando o interior da casa com o exterior atrav\u00e9s da cobertura que n\u00e3o s\u00f3 ilumina, mas tamb\u00e9m serve como conduto t\u00e9rmico constituindo um sistema natural de ventila\u00e7\u00e3o e regula\u00e7\u00e3o da temperatura.&nbsp;<\/b><\/span><\/p>\n<p style=\"text-align: justify;\"><span style=\"color: #003366;\"><strong>No primeiro piso localizam-se duas casas de banho e quatro quartos, dois deles com sa\u00edda direta para o jardim na cobertura sobre a garagem. A entrada de luz zenital junto com uma&nbsp;combina\u00e7\u00e3o de materiais simples e naturais consegue transmitir uma sensa\u00e7\u00e3o de calma e equil\u00edbrio neste andar mais intimo. As zonas de dia e noite ficam assim&nbsp;organizadas por n\u00edveis&nbsp;e as atividades desenvolvem-se de forma natural.<\/strong><\/span><\/p>\n<p style=\"text-align: justify;\"><span style=\"color: #003366;\"><strong>No fundo do quintal, projeta-se uma \u00e1rea de churrasqueira coberta e descoberta, com casa de banho e arrecada\u00e7\u00e3o. Esse novo \u00e1rea de lazer, conecta com a casa atrav\u00e9s do jardim no que localiza-se a piscina de 30m\u00b2 e com tratamento da \u00e1gua com&nbsp;a&nbsp;t\u00e9cnica&nbsp;de clora\u00e7\u00e3o de&nbsp;sal.<\/strong><\/span><\/p>\n<p class=\"font7\" style=\"text-align: justify;\"><span style=\"color: #003366;\"><b style=\"color: #003366;\">Atualmente em <\/b><span style=\"color: #003366;\"><b>tramites<\/b><\/span><b style=\"color: #003366;\">&nbsp;de licencia de obras.&nbsp;<\/b><\/span><\/p>\n<p class=\"font7\"><span style=\"color: #003366;\"><strong>Localiza\u00e7\u00e3o: Badajoz (Espanha)<\/strong><\/span><\/p>\n<p class=\"font7\"><span style=\"color: #003366;\"><strong>Data: 2016-2018<\/strong><\/span><\/p>\n<p style=\"text-align: justify;\"><span style=\"color: #003366;\"><b style=\"color: #003366;\">Fun\u00e7\u00f5es: Estudo urban\u00edstico. Elabora\u00e7\u00e3o de Projeto B\u00e1sico e de Execu\u00e7\u00e3o. Design de interiores e&nbsp;<\/b><span style=\"color: #003366;\"><b>mob\u00edlia<\/b><\/span><b style=\"color: #003366;\">. Projetos de especialidades, incluindo c\u00e1lculo de estruturas e instala\u00e7\u00f5es. Projeto de Seguran\u00e7a em obra.&nbsp;<\/b><\/span><\/p>\n<p class=\"font7\"><span style=\"color: #003366;\"><strong style=\"color: #003366;\"><b>\u00c1rea<\/b> Lote: 495,00 m\u00b2 &nbsp;<\/strong><\/span><\/p>\n<p class=\"font7\"><span style=\"color: #003366;\"><span style=\"color: #003366;\"><span style=\"color: #003366;\"><b>\u00c1rea&nbsp;<\/b><\/span><b style=\"color: #003366;\"> <strong>Constru\u00e7\u00e3o<\/strong>: 290,00 m\u00b2<\/b><\/span><\/span><\/p>\n<p style=\"text-align: center;\"><a href=\"http:\/\/carrizosarq.com\/projetos\/residencial\/\">Voltar<\/a><\/p>\n","protected":false},"excerpt":{"rendered":"[metaslider id=\"2573\"]\n<h4 class=\"font7\" style=\"text-align: justify;\"><span style=\"color: #003366;\"><b style=\"color: #003366;\">Casa unifamiliar <\/b><span style=\"color: #003366;\"><b>sustent\u00e1vel<\/b><\/span><b style=\"color: #003366;\">&nbsp;gem<span...\n<\/p>\n","protected":false},"author":1,"featured_media":0,"parent":0,"menu_order":0,"comment_status":"closed","ping_status":"closed","template":"","meta":{"_mi_skip_tracking":false,"ngg_post_thumbnail":0},"_links":{"self":[{"href":"http:\/\/carrizosarq.com\/pt_PT\/wp-json\/wp\/v2\/pages\/1852"}],"collection":[{"href":"http:\/\/carrizosarq.com\/pt_PT\/wp-json\/wp\/v2\/pages"}],"about":[{"href":"http:\/\/carrizosarq.com\/pt_PT\/wp-json\/wp\/v2\/types\/page"}],"author":[{"embeddable":true,"href":"http:\/\/carrizosarq.com\/pt_PT\/wp-json\/wp\/v2\/users\/1"}],"replies":[{"embeddable":true,"href":"http:\/\/carrizosarq.com\/pt_PT\/wp-json\/wp\/v2\/comments?post=1852"}],"version-history":[{"count":75,"href":"http:\/\/carrizosarq.com\/pt_PT\/wp-json\/wp\/v2\/pages\/1852\/revisions"}],"predecessor-version":[{"id":3245,"href":"http:\/\/carrizosarq.com\/pt_PT\/wp-json\/wp\/v2\/pages\/1852\/revisions\/3245"}],"wp:attachment":[{"href":"http:\/\/carrizosarq.com\/pt_PT\/wp-json\/wp\/v2\/media?parent=1852"}],"curies":[{"name":"wp","href":"https:\/\/api.w.org\/{rel}","templated":true}]}}