{"id":1605,"date":"2018-03-17T19:58:27","date_gmt":"2018-03-17T19:58:27","guid":{"rendered":"http:\/\/localhost\/wordpress\/?page_id=1605"},"modified":"2018-12-01T12:50:51","modified_gmt":"2018-12-01T12:50:51","slug":"portaferrissa","status":"publish","type":"page","link":"http:\/\/carrizosarq.com\/pt_PT\/portaferrissa\/","title":{"rendered":"Reabilita\u00e7\u00e3o de edif\u00edcio tombado Portaferrissa"},"content":{"rendered":"<div id=\"metaslider-id-2775\" style=\"max-width: 700px; margin: 0 auto;\" class=\"ml-slider-3-29-1 metaslider metaslider-nivo metaslider-2775 ml-slider ml-slider-lightbox-1-12-0 easy-fancybox-1-9-5\">\n    <div id=\"metaslider_container_2775\">\n        <div class='slider-wrapper theme-default'><div class='ribbon'><\/div><div id='metaslider_2775' class='nivoSlider'><a href=\"http:\/\/carrizosarq.com\/wp-content\/uploads\/2018\/10\/1.png\" target=\"_self\" rel=\"lightbox[2775]\"><img src=\"http:\/\/carrizosarq.com\/wp-content\/uploads\/2018\/10\/1-655x280.png\" height=\"300\" width=\"700\" title=\"1\" alt=\"\" class=\"slider-2775 slide-2784\" \/><\/a><a href=\"http:\/\/carrizosarq.com\/wp-content\/uploads\/2018\/10\/DSC04412.jpg\" target=\"_self\" rel=\"lightbox[2775]\"><img src=\"http:\/\/carrizosarq.com\/wp-content\/uploads\/2018\/10\/DSC04412-700x300.jpg\" height=\"300\" width=\"700\" title=\"DSC04412\" alt=\"\" class=\"slider-2775 slide-2789\" \/><\/a><a href=\"http:\/\/carrizosarq.com\/wp-content\/uploads\/2018\/10\/Interior-caja-escaleras.jpg\" target=\"_self\" rel=\"lightbox[2775]\"><img src=\"http:\/\/carrizosarq.com\/wp-content\/uploads\/2018\/10\/Interior-caja-escaleras-371x159.jpg\" height=\"300\" width=\"700\" title=\"Interior caja escaleras\" alt=\"\" class=\"slider-2775 slide-2790\" \/><\/a><a href=\"http:\/\/carrizosarq.com\/wp-content\/uploads\/2018\/10\/Interior-zonas-comunes.jpg\" target=\"_self\" rel=\"lightbox[2775]\"><img src=\"http:\/\/carrizosarq.com\/wp-content\/uploads\/2018\/10\/Interior-zonas-comunes-369x158.jpg\" height=\"300\" width=\"700\" title=\"Interior zonas comunes\" alt=\"\" class=\"slider-2775 slide-2791\" \/><\/a><a href=\"http:\/\/carrizosarq.com\/wp-content\/uploads\/2018\/10\/17.jpg\" target=\"_self\" rel=\"lightbox[2775]\"><img src=\"http:\/\/carrizosarq.com\/wp-content\/uploads\/2018\/10\/17-655x280.jpg\" height=\"300\" width=\"700\" title=\"\\Servidornous projectesCURRICULUM FREIRE ARQUITECTES(7) ARCH\" alt=\"\" class=\"slider-2775 slide-2787\" \/><\/a><a href=\"http:\/\/carrizosarq.com\/wp-content\/uploads\/2018\/10\/18.jpg\" target=\"_self\" rel=\"lightbox[2775]\"><img src=\"http:\/\/carrizosarq.com\/wp-content\/uploads\/2018\/10\/18-655x280.jpg\" height=\"300\" width=\"700\" title=\"\\Servidornous projectesCURRICULUM FREIRE ARQUITECTES(7) ARCH\" alt=\"\" class=\"slider-2775 slide-2788\" \/><\/a><a href=\"http:\/\/carrizosarq.com\/wp-content\/uploads\/2018\/10\/2.jpg\" target=\"_self\" rel=\"lightbox[2775]\"><img src=\"http:\/\/carrizosarq.com\/wp-content\/uploads\/2018\/10\/2-655x280.jpg\" height=\"300\" width=\"700\" title=\"2\" alt=\"\" class=\"slider-2775 slide-2785\" \/><\/a><a href=\"http:\/\/carrizosarq.com\/wp-content\/uploads\/2018\/10\/3.jpg\" target=\"_self\" rel=\"lightbox[2775]\"><img src=\"http:\/\/carrizosarq.com\/wp-content\/uploads\/2018\/10\/3-655x280.jpg\" height=\"300\" width=\"700\" title=\"3\" alt=\"\" class=\"slider-2775 slide-2786\" \/><\/a><\/div><\/div>\n        \n    <\/div>\n<\/div>\n<p class=\"font7\" style=\"text-align: justify;\"><span style=\"color: #003366;\"><span style=\"color: #003366;\"><b>Reabilita\u00e7\u00e3o<\/b><\/span><b style=\"color: #003366;\">&nbsp;de <\/b><span style=\"color: #003366;\"><b>edif\u00edcio<\/b><\/span><b style=\"color: #003366;\">&nbsp;de <\/b><span style=\"color: #003366;\"><b>habita\u00e7\u00e3o<\/b><\/span><b style=\"color: #003366;\">&nbsp;tombado. Restauro dos elementos comuns e <\/b><span style=\"color: #003366;\"><b>reabilita\u00e7\u00e3o<\/b><\/span><b style=\"color: #003366;\">&nbsp;integral do interior para formar 14 novos apartamentos com um total de 1700 m\u00b2. <\/b><span style=\"color: #003366;\"><b>Recupera\u00e7\u00e3o<\/b><\/span><b style=\"color: #003366;\">&nbsp;de elementos de alto valor patrimonial.<\/b><\/span><\/p>\n<p class=\"font7\" style=\"text-align: justify;\"><span style=\"color: #003366;\"><span style=\"color: #003366;\"><b>Localiza\u00e7\u00e3o<\/b><\/span><strong style=\"color: #003366;\">: Portaferrissa,10. (Barcelona)<\/strong><\/span><\/p>\n<p><span style=\"color: #003366;\"><span style=\"color: #003366;\"><b>Fun\u00e7\u00f5es<\/b><\/span><b style=\"color: #003366;\">:&nbsp;Levantamento do <\/b><span style=\"color: #003366;\"><b>edif\u00edcio<\/b><\/span><b style=\"color: #003366;\">&nbsp;e <\/b><span style=\"color: #003366;\"><b>patologias<\/b><\/span><b style=\"color: #003366;\">. <\/b><span style=\"color: #003366;\"><b>Elabora\u00e7\u00e3o<\/b><\/span><b style=\"color: #003366;\">&nbsp;de Projeto B\u00e1sico e de <\/b><span style=\"color: #003366;\"><b>Execu\u00e7\u00e3o<\/b><\/span><b style=\"color: #003366;\">. Projeto em parceria com Freire Arquitectes.<\/b><\/span><\/p>\n<p class=\"font7\" style=\"text-align: justify;\"><span style=\"color: #003366;\"><strong>Data: 2005-2009<\/strong><\/span><\/p>\n<p class=\"font7\" style=\"text-align: justify;\"><span style=\"color: #003366;\"><span style=\"color: #003366;\"><b>Superf\u00edcie<\/b><\/span><strong style=\"color: #003366;\">: 1700 m\u00b2 &nbsp;<\/strong><\/span><\/p>\n<p style=\"text-align: center;\"><a href=\"http:\/\/carrizosarq.com\/projetos\/residencial\/\">Voltar<\/a><\/p>\n","protected":false},"excerpt":{"rendered":"[metaslider id=\"2775\"]\n<p class=\"font7\" style=\"text-align: justify;\"><span style=\"color: #003366;\"><span style=\"color: #003366;\"><b>Reabilita\u00e7\u00e3o<\/b><\/span><b style=\"color: #003366;\">&nbsp;de <\/b><span style=\"color: #003366;\"><b>edif\u00edcio<\/b><\/sp...\n<\/p>\n","protected":false},"author":1,"featured_media":0,"parent":0,"menu_order":0,"comment_status":"closed","ping_status":"closed","template":"","meta":{"_mi_skip_tracking":false,"ngg_post_thumbnail":0},"_links":{"self":[{"href":"http:\/\/carrizosarq.com\/pt_PT\/wp-json\/wp\/v2\/pages\/1605"}],"collection":[{"href":"http:\/\/carrizosarq.com\/pt_PT\/wp-json\/wp\/v2\/pages"}],"about":[{"href":"http:\/\/carrizosarq.com\/pt_PT\/wp-json\/wp\/v2\/types\/page"}],"author":[{"embeddable":true,"href":"http:\/\/carrizosarq.com\/pt_PT\/wp-json\/wp\/v2\/users\/1"}],"replies":[{"embeddable":true,"href":"http:\/\/carrizosarq.com\/pt_PT\/wp-json\/wp\/v2\/comments?post=1605"}],"version-history":[{"count":28,"href":"http:\/\/carrizosarq.com\/pt_PT\/wp-json\/wp\/v2\/pages\/1605\/revisions"}],"predecessor-version":[{"id":3108,"href":"http:\/\/carrizosarq.com\/pt_PT\/wp-json\/wp\/v2\/pages\/1605\/revisions\/3108"}],"wp:attachment":[{"href":"http:\/\/carrizosarq.com\/pt_PT\/wp-json\/wp\/v2\/media?parent=1605"}],"curies":[{"name":"wp","href":"https:\/\/api.w.org\/{rel}","templated":true}]}}