{"id":1597,"date":"2018-03-17T11:53:19","date_gmt":"2018-03-17T11:53:19","guid":{"rendered":"http:\/\/localhost\/wordpress\/?page_id=1597"},"modified":"2019-01-10T14:31:41","modified_gmt":"2019-01-10T14:31:41","slug":"apartamentos","status":"publish","type":"page","link":"http:\/\/carrizosarq.com\/pt_PT\/apartamentos\/","title":{"rendered":"Remodela\u00e7\u00f5es de interiores"},"content":{"rendered":"<div id=\"metaslider-id-2670\" style=\"max-width: 700px; margin: 0 auto;\" class=\"ml-slider-3-29-1 metaslider metaslider-nivo metaslider-2670 ml-slider ml-slider-lightbox-1-12-0 easy-fancybox-1-9-5\">\n    <div id=\"metaslider_container_2670\">\n        <div class='slider-wrapper theme-default'><div class='ribbon'><\/div><div id='metaslider_2670' class='nivoSlider'><a href=\"http:\/\/carrizosarq.com\/wp-content\/uploads\/2018\/10\/Isla-cocina.jpg\" target=\"_self\" rel=\"lightbox[2670]\"><img src=\"http:\/\/carrizosarq.com\/wp-content\/uploads\/2018\/10\/Isla-cocina-700x300.jpg\" height=\"300\" width=\"700\" title=\"Isla cocina\" alt=\"\" class=\"slider-2670 slide-2674\" \/><\/a><a href=\"http:\/\/carrizosarq.com\/wp-content\/uploads\/2018\/10\/MG_2079_Comprimido.jpg\" target=\"_self\" rel=\"lightbox[2670]\"><img src=\"http:\/\/carrizosarq.com\/wp-content\/uploads\/2018\/10\/MG_2079_Comprimido-700x300.jpg\" height=\"300\" width=\"700\" title=\"_MG_2079_Comprimido\" alt=\"\" class=\"slider-2670 slide-2673\" \/><\/a><a href=\"http:\/\/carrizosarq.com\/wp-content\/uploads\/2018\/10\/PA160022.jpg\" target=\"_self\" rel=\"lightbox[2670]\"><img src=\"http:\/\/carrizosarq.com\/wp-content\/uploads\/2018\/10\/PA160022-700x300.jpg\" height=\"300\" width=\"700\" data-caption=\"OLYMPUS DIGITAL CAMERA\" title=\"OLYMPUS DIGITAL CAMERA\" alt=\"\" class=\"slider-2670 slide-2691\" \/><\/a><a href=\"http:\/\/carrizosarq.com\/wp-content\/uploads\/2018\/10\/Casa-Carmen-Ba\u00f1o-02.jpg\" target=\"_self\" rel=\"lightbox[2670]\"><img src=\"http:\/\/carrizosarq.com\/wp-content\/uploads\/2018\/10\/Casa-Carmen-Ba\u00f1o-02-700x300.jpg\" height=\"300\" width=\"700\" title=\"Casa Carmen Ba\u00f1o 02\" alt=\"\" class=\"slider-2670 slide-2685\" \/><\/a><a href=\"http:\/\/carrizosarq.com\/wp-content\/uploads\/2018\/10\/Casa-Carmen-ba\u00f1o-02_B.jpg\" target=\"_self\" rel=\"lightbox[2670]\"><img src=\"http:\/\/carrizosarq.com\/wp-content\/uploads\/2018\/10\/Casa-Carmen-ba\u00f1o-02_B-700x300.jpg\" height=\"300\" width=\"700\" data-caption=\"OLYMPUS DIGITAL CAMERA\" title=\"OLYMPUS DIGITAL CAMERA\" alt=\"\" class=\"slider-2670 slide-2686\" \/><\/a><a href=\"http:\/\/carrizosarq.com\/wp-content\/uploads\/2018\/10\/Apartamento.jpg\" target=\"_self\" rel=\"lightbox[2670]\"><img src=\"http:\/\/carrizosarq.com\/wp-content\/uploads\/2018\/10\/Apartamento-655x280.jpg\" height=\"300\" width=\"700\" title=\"Apartamento\" alt=\"\" class=\"slider-2670 slide-2677\" \/><\/a><a href=\"http:\/\/carrizosarq.com\/wp-content\/uploads\/2019\/01\/Cabezero-Cama-Lisboa-3.jpg\" target=\"_self\" rel=\"lightbox[2670]\"><img src=\"http:\/\/carrizosarq.com\/wp-content\/uploads\/2019\/01\/Cabezero-Cama-Lisboa-3-700x300.jpg\" height=\"300\" width=\"700\" title=\"Cabezero Cama Lisboa 3\" alt=\"\" class=\"slider-2670 slide-3184\" \/><\/a><a href=\"http:\/\/carrizosarq.com\/wp-content\/uploads\/2018\/10\/PA160044.jpg\" target=\"_self\" rel=\"lightbox[2670]\"><img src=\"http:\/\/carrizosarq.com\/wp-content\/uploads\/2018\/10\/PA160044-700x300.jpg\" height=\"300\" width=\"700\" data-caption=\"OLYMPUS DIGITAL CAMERA\" title=\"OLYMPUS DIGITAL CAMERA\" alt=\"\" class=\"slider-2670 slide-2689\" \/><\/a><a href=\"http:\/\/carrizosarq.com\/wp-content\/uploads\/2018\/10\/Dormitorio.jpg\" target=\"_self\" rel=\"lightbox[2670]\"><img src=\"http:\/\/carrizosarq.com\/wp-content\/uploads\/2018\/10\/Dormitorio-655x280.jpg\" height=\"300\" width=\"700\" title=\"Dormitorio\" alt=\"\" class=\"slider-2670 slide-2678\" \/><\/a><a href=\"http:\/\/carrizosarq.com\/wp-content\/uploads\/2018\/10\/PA150063-e1540927428756.jpg\" target=\"_self\" rel=\"lightbox[2670]\"><img src=\"http:\/\/carrizosarq.com\/wp-content\/uploads\/2018\/10\/PA150063-e1540927428756-700x300.jpg\" height=\"300\" width=\"700\" data-caption=\"OLYMPUS DIGITAL CAMERA\" title=\"OLYMPUS DIGITAL CAMERA\" alt=\"\" class=\"slider-2670 slide-2687\" \/><\/a><a href=\"http:\/\/carrizosarq.com\/wp-content\/uploads\/2018\/10\/Ba\u00f1o-vidrio.jpg\" target=\"_self\" rel=\"lightbox[2670]\"><img src=\"http:\/\/carrizosarq.com\/wp-content\/uploads\/2018\/10\/Ba\u00f1o-vidrio-655x280.jpg\" height=\"300\" width=\"700\" title=\"Ba\u00f1o vidrio\" alt=\"\" class=\"slider-2670 slide-2680\" \/><\/a><a href=\"http:\/\/carrizosarq.com\/wp-content\/uploads\/2020\/11\/20201004_144803.jpg\" target=\"_self\" rel=\"lightbox[2670]\"><img src=\"http:\/\/carrizosarq.com\/wp-content\/uploads\/2020\/11\/20201004_144803-700x300.jpg\" height=\"300\" width=\"700\" title=\"20201004_144803\" alt=\"\" class=\"slider-2670 slide-3265\" \/><\/a><\/div><\/div>\n        \n    <\/div>\n<\/div>\n<p class=\"font7\"><span style=\"color: #003366;\"><strong>Reformas integrais de apartamentos. Desenvolvimento de projetos, incluindo instala\u00e7\u00f5es, design de interiores e refor\u00e7os estruturais. Dire\u00e7\u00e3o e gest\u00e3o das obras. Servi\u00e7o de chave na mano.<\/strong><\/span><\/p>\n<p style=\"text-align: center;\"><a href=\"http:\/\/carrizosarq.com\/projetos\/residencial\/\">Voltar<\/a><\/p>\n","protected":false},"excerpt":{"rendered":"[metaslider id=\"2670\"]\n<p class=\"font7\"><span style=\"color: #003366;\"><strong>Reformas integrais de apartamentos. Desenvolvimento de projetos, incluindo instala\u00e7\u00f5es, design de interiores e refor\u00e7os estruturais. Dire\u00e7\u00e3o e gest\u00e3o das obras. Servi&#8230;<\/p>\n","protected":false},"author":1,"featured_media":0,"parent":0,"menu_order":0,"comment_status":"closed","ping_status":"closed","template":"","meta":{"_mi_skip_tracking":false,"ngg_post_thumbnail":0},"_links":{"self":[{"href":"http:\/\/carrizosarq.com\/pt_PT\/wp-json\/wp\/v2\/pages\/1597"}],"collection":[{"href":"http:\/\/carrizosarq.com\/pt_PT\/wp-json\/wp\/v2\/pages"}],"about":[{"href":"http:\/\/carrizosarq.com\/pt_PT\/wp-json\/wp\/v2\/types\/page"}],"author":[{"embeddable":true,"href":"http:\/\/carrizosarq.com\/pt_PT\/wp-json\/wp\/v2\/users\/1"}],"replies":[{"embeddable":true,"href":"http:\/\/carrizosarq.com\/pt_PT\/wp-json\/wp\/v2\/comments?post=1597"}],"version-history":[{"count":60,"href":"http:\/\/carrizosarq.com\/pt_PT\/wp-json\/wp\/v2\/pages\/1597\/revisions"}],"predecessor-version":[{"id":3189,"href":"http:\/\/carrizosarq.com\/pt_PT\/wp-json\/wp\/v2\/pages\/1597\/revisions\/3189"}],"wp:attachment":[{"href":"http:\/\/carrizosarq.com\/pt_PT\/wp-json\/wp\/v2\/media?parent=1597"}],"curies":[{"name":"wp","href":"https:\/\/api.w.org\/{rel}","templated":true}]}}