{"id":1585,"date":"2018-03-17T11:15:07","date_gmt":"2018-03-17T11:15:07","guid":{"rendered":"http:\/\/localhost\/wordpress\/?page_id=1585"},"modified":"2018-12-01T11:52:15","modified_gmt":"2018-12-01T11:52:15","slug":"naves-industriales-2","status":"publish","type":"page","link":"http:\/\/carrizosarq.com\/pt_PT\/naves-industriales-2\/","title":{"rendered":"Reabilita\u00e7\u00e3o de dois Galp\u00f5es"},"content":{"rendered":"<div id=\"metaslider-id-3086\" style=\"max-width: 700px; margin: 0 auto;\" class=\"ml-slider-3-29-1 metaslider metaslider-nivo metaslider-3086 ml-slider ml-slider-lightbox-1-12-0 easy-fancybox-1-9-5\">\n    <div id=\"metaslider_container_3086\">\n        <div class='slider-wrapper theme-default'><div class='ribbon'><\/div><div id='metaslider_3086' class='nivoSlider'><a href=\"http:\/\/carrizosarq.com\/wp-content\/uploads\/2018\/12\/VISTA-01B.jpg\" target=\"_self\" rel=\"lightbox[3086]\"><img src=\"http:\/\/carrizosarq.com\/wp-content\/uploads\/2018\/12\/VISTA-01B-700x300.jpg\" height=\"300\" width=\"700\" title=\"VISTA 01B\" alt=\"\" class=\"slider-3086 slide-3091\" \/><\/a><a href=\"http:\/\/carrizosarq.com\/wp-content\/uploads\/2018\/12\/VISTA-02B.jpg\" target=\"_self\" rel=\"lightbox[3086]\"><img src=\"http:\/\/carrizosarq.com\/wp-content\/uploads\/2018\/12\/VISTA-02B-700x300.jpg\" height=\"300\" width=\"700\" title=\"VISTA 02B\" alt=\"\" class=\"slider-3086 slide-3092\" \/><\/a><a href=\"http:\/\/carrizosarq.com\/wp-content\/uploads\/2018\/12\/VISTA-03B.jpg\" target=\"_self\" rel=\"lightbox[3086]\"><img src=\"http:\/\/carrizosarq.com\/wp-content\/uploads\/2018\/12\/VISTA-03B-700x300.jpg\" height=\"300\" width=\"700\" title=\"VISTA 03B\" alt=\"\" class=\"slider-3086 slide-3093\" \/><\/a><a href=\"http:\/\/carrizosarq.com\/wp-content\/uploads\/2018\/12\/VISTA-06B.jpg\" target=\"_self\" rel=\"lightbox[3086]\"><img src=\"http:\/\/carrizosarq.com\/wp-content\/uploads\/2018\/12\/VISTA-06B-700x300.jpg\" height=\"300\" width=\"700\" title=\"VISTA 06B\" alt=\"\" class=\"slider-3086 slide-3094\" \/><\/a><\/div><\/div>\n        \n    <\/div>\n<\/div>\n<p class=\"font7\" style=\"text-align: justify;\"><span style=\"color: #003366;\"><span style=\"color: #003366;\"><b>Reabilita\u00e7\u00e3o<\/b><\/span><b style=\"color: #003366;\">&nbsp;de dois <\/b><span style=\"color: #003366;\"><b>galp\u00f5es<\/b><\/span><b style=\"color: #003366;\">.<\/b><\/span><\/p>\n<p class=\"font7\"><span style=\"color: #003366;\"><span style=\"color: #003366;\"><b>Localiza\u00e7\u00e3o<\/b><\/span><strong style=\"color: #003366;\">: Barcelona<\/strong><\/span><\/p>\n<p class=\"font7\"><span style=\"color: #003366;\"><strong>Data: 2010<\/strong><\/span><\/p>\n<p><span style=\"color: #003366;\"><span style=\"color: #003366;\"><b>Fun\u00e7\u00f5es<\/b><\/span><strong style=\"color: #003366;\">: Desenvolvimento do Projeto B\u00e1sico.&nbsp;<\/strong><\/span><\/p>\n<p class=\"font7\"><span style=\"color: #003366;\"><span style=\"color: #003366;\"><b>Superf\u00edcie<\/b><\/span><strong style=\"color: #003366;\">: 2.900 m\u00b2 &nbsp;<\/strong><\/span><\/p>\n<p class=\"font7\">&nbsp;<\/p>\n<p style=\"text-align: center;\"><a href=\"http:\/\/carrizosarq.com\/projetos\/residencial\/\">Voltar<\/a><\/p>\n","protected":false},"excerpt":{"rendered":"[metaslider id=\"3086\"]\n<p class=\"font7\" style=\"text-align: justify;\"><span style=\"color: #003366;\"><span style=\"color: #003366;\"><b>Reabilita\u00e7\u00e3o<\/b><\/span><b style=\"color: #003366;\">&nbsp;de dois <\/b><span style=\"color: #003366;\"><b>galp\u00f5es<\/b>&#8230;<\/p>\n","protected":false},"author":1,"featured_media":0,"parent":0,"menu_order":0,"comment_status":"closed","ping_status":"closed","template":"","meta":{"_mi_skip_tracking":false,"ngg_post_thumbnail":0},"_links":{"self":[{"href":"http:\/\/carrizosarq.com\/pt_PT\/wp-json\/wp\/v2\/pages\/1585"}],"collection":[{"href":"http:\/\/carrizosarq.com\/pt_PT\/wp-json\/wp\/v2\/pages"}],"about":[{"href":"http:\/\/carrizosarq.com\/pt_PT\/wp-json\/wp\/v2\/types\/page"}],"author":[{"embeddable":true,"href":"http:\/\/carrizosarq.com\/pt_PT\/wp-json\/wp\/v2\/users\/1"}],"replies":[{"embeddable":true,"href":"http:\/\/carrizosarq.com\/pt_PT\/wp-json\/wp\/v2\/comments?post=1585"}],"version-history":[{"count":23,"href":"http:\/\/carrizosarq.com\/pt_PT\/wp-json\/wp\/v2\/pages\/1585\/revisions"}],"predecessor-version":[{"id":3098,"href":"http:\/\/carrizosarq.com\/pt_PT\/wp-json\/wp\/v2\/pages\/1585\/revisions\/3098"}],"wp:attachment":[{"href":"http:\/\/carrizosarq.com\/pt_PT\/wp-json\/wp\/v2\/media?parent=1585"}],"curies":[{"name":"wp","href":"https:\/\/api.w.org\/{rel}","templated":true}]}}