{"id":1322,"date":"2017-10-04T15:13:19","date_gmt":"2017-10-04T15:13:19","guid":{"rendered":"http:\/\/localhost\/wordpress\/?page_id=1322"},"modified":"2017-10-04T15:13:19","modified_gmt":"2017-10-04T15:13:19","slug":"area-quirofanos-clinica-sagrado-corazon-sevilla","status":"publish","type":"page","link":"http:\/\/carrizosarq.com\/pt_PT\/area-quirofanos-clinica-sagrado-corazon-sevilla\/","title":{"rendered":"\u00c1rea Quir\u00f3fanos Cl\u00ednica Sagrado Coraz\u00f3n.Sevilla."},"content":{"rendered":"<!-- index.php -->\n<div\n\tclass=\"ngg-galleryoverview ngg-ajax-pagination-none\"\n\tid=\"ngg-gallery-89bea8be6e0cbcd6a1983033679f57d0-1\">\n\n    \t\t<!-- Thumbnails -->\n\t\t\t\t<div id=\"ngg-image-0\" class=\"ngg-gallery-thumbnail-box\" >\n\t\t\t\t        <div class=\"ngg-gallery-thumbnail\">\n            <a href=\"http:\/\/carrizosarq.com\/wp-content\/gallery\/sagrado-corazon\/A9R2ED1.jpg\"\n               title=\"\"\n               data-src=\"http:\/\/carrizosarq.com\/wp-content\/gallery\/sagrado-corazon\/A9R2ED1.jpg\"\n               data-thumbnail=\"http:\/\/carrizosarq.com\/wp-content\/gallery\/sagrado-corazon\/thumbs\/thumbs_A9R2ED1.jpg\"\n               data-image-id=\"296\"\n               data-title=\"A9R2ED1\"\n               data-description=\"\"\n               data-image-slug=\"a9r2ed1\"\n               class='thickbox' rel='89bea8be6e0cbcd6a1983033679f57d0'>\n                <img\n                    title=\"A9R2ED1\"\n                    alt=\"A9R2ED1\"\n                    src=\"http:\/\/carrizosarq.com\/wp-content\/gallery\/sagrado-corazon\/thumbs\/thumbs_A9R2ED1.jpg\"\n                    width=\"240\"\n                    height=\"160\"\n                    style=\"max-width:100%;\"\n                \/>\n            <\/a>\n        <\/div>\n\t\t\t\t\t\t\t<\/div> \n\t\t\t\n        \n\t\t\t\t<div id=\"ngg-image-1\" class=\"ngg-gallery-thumbnail-box\" >\n\t\t\t\t        <div class=\"ngg-gallery-thumbnail\">\n            <a href=\"http:\/\/carrizosarq.com\/wp-content\/gallery\/sagrado-corazon\/A9R2ED3.jpg\"\n               title=\"\"\n               data-src=\"http:\/\/carrizosarq.com\/wp-content\/gallery\/sagrado-corazon\/A9R2ED3.jpg\"\n               data-thumbnail=\"http:\/\/carrizosarq.com\/wp-content\/gallery\/sagrado-corazon\/thumbs\/thumbs_A9R2ED3.jpg\"\n               data-image-id=\"297\"\n               data-title=\"A9R2ED3\"\n               data-description=\"\"\n               data-image-slug=\"a9r2ed3\"\n               class='thickbox' rel='89bea8be6e0cbcd6a1983033679f57d0'>\n                <img\n                    title=\"A9R2ED3\"\n                    alt=\"A9R2ED3\"\n                    src=\"http:\/\/carrizosarq.com\/wp-content\/gallery\/sagrado-corazon\/thumbs\/thumbs_A9R2ED3.jpg\"\n                    width=\"240\"\n                    height=\"160\"\n                    style=\"max-width:100%;\"\n                \/>\n            <\/a>\n        <\/div>\n\t\t\t\t\t\t\t<\/div> \n\t\t\t\n        \n\t\t\t\t<div id=\"ngg-image-2\" class=\"ngg-gallery-thumbnail-box\" >\n\t\t\t\t        <div class=\"ngg-gallery-thumbnail\">\n            <a href=\"http:\/\/carrizosarq.com\/wp-content\/gallery\/sagrado-corazon\/A9R2ED5.jpg\"\n               title=\"\"\n               data-src=\"http:\/\/carrizosarq.com\/wp-content\/gallery\/sagrado-corazon\/A9R2ED5.jpg\"\n               data-thumbnail=\"http:\/\/carrizosarq.com\/wp-content\/gallery\/sagrado-corazon\/thumbs\/thumbs_A9R2ED5.jpg\"\n               data-image-id=\"298\"\n               data-title=\"A9R2ED5\"\n               data-description=\"\"\n               data-image-slug=\"a9r2ed5\"\n               class='thickbox' rel='89bea8be6e0cbcd6a1983033679f57d0'>\n                <img\n                    title=\"A9R2ED5\"\n                    alt=\"A9R2ED5\"\n                    src=\"http:\/\/carrizosarq.com\/wp-content\/gallery\/sagrado-corazon\/thumbs\/thumbs_A9R2ED5.jpg\"\n                    width=\"240\"\n                    height=\"160\"\n                    style=\"max-width:100%;\"\n                \/>\n            <\/a>\n        <\/div>\n\t\t\t\t\t\t\t<\/div> \n\t\t\t\n        \n\t\t\t\t<div id=\"ngg-image-3\" class=\"ngg-gallery-thumbnail-box\" >\n\t\t\t\t        <div class=\"ngg-gallery-thumbnail\">\n            <a href=\"http:\/\/carrizosarq.com\/wp-content\/gallery\/sagrado-corazon\/A9R2ED7.jpg\"\n               title=\"\"\n               data-src=\"http:\/\/carrizosarq.com\/wp-content\/gallery\/sagrado-corazon\/A9R2ED7.jpg\"\n               data-thumbnail=\"http:\/\/carrizosarq.com\/wp-content\/gallery\/sagrado-corazon\/thumbs\/thumbs_A9R2ED7.jpg\"\n               data-image-id=\"299\"\n               data-title=\"A9R2ED7\"\n               data-description=\"\"\n               data-image-slug=\"a9r2ed7\"\n               class='thickbox' rel='89bea8be6e0cbcd6a1983033679f57d0'>\n                <img\n                    title=\"A9R2ED7\"\n                    alt=\"A9R2ED7\"\n                    src=\"http:\/\/carrizosarq.com\/wp-content\/gallery\/sagrado-corazon\/thumbs\/thumbs_A9R2ED7.jpg\"\n                    width=\"240\"\n                    height=\"160\"\n                    style=\"max-width:100%;\"\n                \/>\n            <\/a>\n        <\/div>\n\t\t\t\t\t\t\t<\/div> \n\t\t\t\n        \n\t\t\t\t<div id=\"ngg-image-4\" class=\"ngg-gallery-thumbnail-box\" >\n\t\t\t\t        <div class=\"ngg-gallery-thumbnail\">\n            <a href=\"http:\/\/carrizosarq.com\/wp-content\/gallery\/sagrado-corazon\/A9R2ED9.jpg\"\n               title=\"\"\n               data-src=\"http:\/\/carrizosarq.com\/wp-content\/gallery\/sagrado-corazon\/A9R2ED9.jpg\"\n               data-thumbnail=\"http:\/\/carrizosarq.com\/wp-content\/gallery\/sagrado-corazon\/thumbs\/thumbs_A9R2ED9.jpg\"\n               data-image-id=\"300\"\n               data-title=\"A9R2ED9\"\n               data-description=\"\"\n               data-image-slug=\"a9r2ed9\"\n               class='thickbox' rel='89bea8be6e0cbcd6a1983033679f57d0'>\n                <img\n                    title=\"A9R2ED9\"\n                    alt=\"A9R2ED9\"\n                    src=\"http:\/\/carrizosarq.com\/wp-content\/gallery\/sagrado-corazon\/thumbs\/thumbs_A9R2ED9.jpg\"\n                    width=\"240\"\n                    height=\"160\"\n                    style=\"max-width:100%;\"\n                \/>\n            <\/a>\n        <\/div>\n\t\t\t\t\t\t\t<\/div> \n\t\t\t\n        \n\t\t\t\t<div id=\"ngg-image-5\" class=\"ngg-gallery-thumbnail-box\" >\n\t\t\t\t        <div class=\"ngg-gallery-thumbnail\">\n            <a href=\"http:\/\/carrizosarq.com\/wp-content\/gallery\/sagrado-corazon\/A9R2EDB.jpg\"\n               title=\"\"\n               data-src=\"http:\/\/carrizosarq.com\/wp-content\/gallery\/sagrado-corazon\/A9R2EDB.jpg\"\n               data-thumbnail=\"http:\/\/carrizosarq.com\/wp-content\/gallery\/sagrado-corazon\/thumbs\/thumbs_A9R2EDB.jpg\"\n               data-image-id=\"301\"\n               data-title=\"A9R2EDB\"\n               data-description=\"\"\n               data-image-slug=\"a9r2edb\"\n               class='thickbox' rel='89bea8be6e0cbcd6a1983033679f57d0'>\n                <img\n                    title=\"A9R2EDB\"\n                    alt=\"A9R2EDB\"\n                    src=\"http:\/\/carrizosarq.com\/wp-content\/gallery\/sagrado-corazon\/thumbs\/thumbs_A9R2EDB.jpg\"\n                    width=\"240\"\n                    height=\"160\"\n                    style=\"max-width:100%;\"\n                \/>\n            <\/a>\n        <\/div>\n\t\t\t\t\t\t\t<\/div> \n\t\t\t\n        \n\t\t\n\t\t<!-- Pagination -->\n\t<div class='ngg-clear'><\/div>\t<\/div>\n\n<p><a href=\"javascript:history.back(-1);\" title=\"Ir la p\u00e1gina anterior\">Volver<\/a><\/p>\n","protected":false},"excerpt":{"rendered":"<p>&#8230;<\/p>\n","protected":false},"author":1,"featured_media":0,"parent":0,"menu_order":0,"comment_status":"closed","ping_status":"closed","template":"","meta":{"_mi_skip_tracking":false,"ngg_post_thumbnail":0},"_links":{"self":[{"href":"http:\/\/carrizosarq.com\/pt_PT\/wp-json\/wp\/v2\/pages\/1322"}],"collection":[{"href":"http:\/\/carrizosarq.com\/pt_PT\/wp-json\/wp\/v2\/pages"}],"about":[{"href":"http:\/\/carrizosarq.com\/pt_PT\/wp-json\/wp\/v2\/types\/page"}],"author":[{"embeddable":true,"href":"http:\/\/carrizosarq.com\/pt_PT\/wp-json\/wp\/v2\/users\/1"}],"replies":[{"embeddable":true,"href":"http:\/\/carrizosarq.com\/pt_PT\/wp-json\/wp\/v2\/comments?post=1322"}],"version-history":[{"count":2,"href":"http:\/\/carrizosarq.com\/pt_PT\/wp-json\/wp\/v2\/pages\/1322\/revisions"}],"predecessor-version":[{"id":1345,"href":"http:\/\/carrizosarq.com\/pt_PT\/wp-json\/wp\/v2\/pages\/1322\/revisions\/1345"}],"wp:attachment":[{"href":"http:\/\/carrizosarq.com\/pt_PT\/wp-json\/wp\/v2\/media?parent=1322"}],"curies":[{"name":"wp","href":"https:\/\/api.w.org\/{rel}","templated":true}]}}