{"id":2104,"date":"2018-05-11T17:13:01","date_gmt":"2018-05-11T17:13:01","guid":{"rendered":"http:\/\/carrizosarq.com\/?page_id=2104"},"modified":"2018-12-01T15:14:19","modified_gmt":"2018-12-01T15:14:19","slug":"servicios","status":"publish","type":"page","link":"http:\/\/carrizosarq.com\/es_ES\/servicios\/","title":{"rendered":"Servicios"},"content":{"rendered":"<h5\n class=\"iconlist_title\"><strong><span style=\"color: #003366;\">APOYO INICIAL<\/span><\/strong><\/h5>\n<p style=\"text-align: justify;\"><strong><span style=\"color: #003366;\">Construir o reformar un edificio, ya sea una vivienda, un comercio o una oficina, es una inversi\u00f3n importante en la que depositamos mucha ilusi\u00f3n y energ\u00eda, y que requiere conocimiento y ayuda de expertos. En Carrizosa Arquitectura somos conscientes de la relevancia de tenerlo todo claro al tomar una decisi\u00f3n tan importante y por eso ofrecemos un <a href=\"http:\/\/carrizosarq.com\/es_ES\/contacto\/\">Servicio Gratuitos Sin Compromiso<\/a> para ayudar a orientarte en los primeros pasos.<\/span><\/strong><\/p>\n<ul>\n<li><strong><span style=\"color: #003366;\">Encuentro en el terreno o el edificio a reformar para conversar sobre tu idea del proyecto<\/span><\/strong><\/li>\n<li><strong><span style=\"color: #003366;\">Orientaci\u00f3n en la b\u00fasqueda del terreno<\/span><\/strong><\/li>\n<li><strong><span style=\"color: #003366;\">Presupuesto de Proyecto<\/span><\/strong><\/li>\n<li><strong><span style=\"color: #003366;\">Estimaci\u00f3n del coste de las obras<\/span><\/strong><\/li>\n<li><strong><span style=\"color: #003366;\">Asesoramiento<\/span><\/strong><\/li>\n<\/ul>\n<h5\n class=\"iconlist_title\"><strong><span style=\"color: #003366;\">PROYECTOS DE ARQUITECTURA<\/span><\/strong><\/h5>\n<p><strong><span style=\"color: #003366;\">Redacci\u00f3n de Proyectos de edificaci\u00f3n y Direcci\u00f3n de obra:<\/span><\/strong><\/p>\n<ul>\n<li><strong><span style=\"color: #003366;\">Edificaci\u00f3n de nueva planta<\/span><\/strong><\/li>\n<li><strong><span style=\"color: #003366;\">Rehabilitaci\u00f3n, reforma y ampliaciones de edificios<\/span><\/strong><\/li>\n<li><strong><span style=\"color: #003366;\">Viviendas unifamiliares y plurifamiliares<\/span><\/strong><\/li>\n<li><strong><span style=\"color: #003366;\">Edificios comerciales<\/span><\/strong><\/li>\n<li><strong><span style=\"color: #003366;\">Oficinas<\/span><\/strong><\/li>\n<li><span style=\"color: #003366;\"><strong>Edificaciones industriales<\/strong><\/span><\/li>\n<li><strong><span style=\"color: #003366;\">Sanitaria<\/span><\/strong><\/li>\n<\/ul>\n<h5\n class=\"iconlist_title\"><strong><span style=\"color: #003366;\">GESTI\u00d3N INTEGRADA DE PROYECTOS Y AUTOPROMOCI\u00d3N<\/span><\/strong><\/h5>\n<ul>\n<li><strong><span style=\"color: #003366;\">Localizaci\u00f3n de suelo edificable<\/span><\/strong><\/li>\n<li><strong><span style=\"color: #003366;\">Estudio de&nbsp;viabilidad&nbsp;<\/span><\/strong><\/li>\n<li><strong><span style=\"color: #003366;\">Gesti\u00f3n de la Autopromoci\u00f3n de viviendas y tramitaci\u00f3n de licencias<\/span><\/strong><\/li>\n<\/ul>\n<h5\n class=\"iconlist_title\"><strong><span style=\"color: #003366;\">INTERIORISMO Y PAISAJISMO&nbsp;<\/span><\/strong><\/h5>\n<ul>\n<li><strong><span style=\"color: #003366;\">Proyectos de interiorismo para espacios residenciales y comerciales<\/span><\/strong><\/li>\n<li><strong><span style=\"color: #003366;\">Dise\u00f1o y Direcci\u00f3n de obra de jardines en viviendas unifamiliares y complejos residenciales<\/span><\/strong><\/li>\n<\/ul>\n<h5\n class=\"iconlist_title\"><strong><span style=\"color: #003366;\">REDACCI\u00d3N DE DOCUMENTOS URBAN\u00cdSTICOS<\/span><\/strong><\/h5>\n<ul>\n<li><strong><span style=\"color: #003366;\">Estudios de detalle<\/span><\/strong><\/li>\n<li><strong><span style=\"color: #003366;\">Proyectos de urbanizaci\u00f3n y Parcelaci\u00f3n<\/span><\/strong><\/li>\n<li><strong><span style=\"color: #003366;\">Reparcelaciones y Juntas de compensaci\u00f3n<\/span><\/strong><\/li>\n<li><strong><span style=\"color: #003366;\">Informes urban\u00edsticos<\/span><\/strong><\/li>\n<\/ul>\n<h5\n class=\"iconlist_title\"><strong><span style=\"color: #003366;\">OTROS SERVICIOS DE ARQUITECTURA<\/span><\/strong><\/h5>\n<ul>\n<li><strong><span style=\"color: #003366;\">Informes, Dict\u00e1menes y Certificados t\u00e9cnicos<\/span><\/strong><\/li>\n<li><strong><span style=\"color: #003366;\">Certificaci\u00f3n energ\u00e9tica<\/span><\/strong><\/li>\n<li><strong><span style=\"color: #003366;\">Inspecciones T\u00e9cnicas de Edificios<\/span><\/strong><\/li>\n<li><strong><span style=\"color: #003366;\">Consultor\u00eda t\u00e9cnica<\/span><\/strong><\/li>\n<li><strong><span style=\"color: #003366;\">Seguridad y Salud<\/span><\/strong><\/li>\n<\/ul>\n<h5\n class=\"iconlist_title\"><strong><span style=\"color: #003366;\">CONSTRUCCI\u00d3N<\/span><\/strong><\/h5>\n<ul>\n<li><strong><span style=\"color: #003366;\">Mediante constructoras colaboradoras<\/span><\/strong><\/li>\n<li><strong><span style=\"color: #003366;\">Mantenimiento de edificios<\/span><\/strong><\/li>\n<\/ul>\n<p style=\"text-align: center;\"><b><a href=\"http:\/\/carrizosarq.com\/es_ES\/contacto\/\">Solicite presupuesto<\/a><\/b><\/p>\n","protected":false},"excerpt":{"rendered":"<h5 class=\"iconlist_title\"><strong><span style=\"color: #003366;\">APOYO INICIAL<\/span><\/strong><\/h5>\n<p style=\"text-align: justify;\"><strong><span style=\"color: #003366;\">Construir o reformar un edificio, ya sea una vivienda, un comercio o una oficina,&#8230;<\/p>\n","protected":false},"author":1,"featured_media":0,"parent":0,"menu_order":0,"comment_status":"closed","ping_status":"closed","template":"","meta":{"_mi_skip_tracking":false,"ngg_post_thumbnail":0},"_links":{"self":[{"href":"http:\/\/carrizosarq.com\/es_ES\/wp-json\/wp\/v2\/pages\/2104"}],"collection":[{"href":"http:\/\/carrizosarq.com\/es_ES\/wp-json\/wp\/v2\/pages"}],"about":[{"href":"http:\/\/carrizosarq.com\/es_ES\/wp-json\/wp\/v2\/types\/page"}],"author":[{"embeddable":true,"href":"http:\/\/carrizosarq.com\/es_ES\/wp-json\/wp\/v2\/users\/1"}],"replies":[{"embeddable":true,"href":"http:\/\/carrizosarq.com\/es_ES\/wp-json\/wp\/v2\/comments?post=2104"}],"version-history":[{"count":42,"href":"http:\/\/carrizosarq.com\/es_ES\/wp-json\/wp\/v2\/pages\/2104\/revisions"}],"predecessor-version":[{"id":3161,"href":"http:\/\/carrizosarq.com\/es_ES\/wp-json\/wp\/v2\/pages\/2104\/revisions\/3161"}],"wp:attachment":[{"href":"http:\/\/carrizosarq.com\/es_ES\/wp-json\/wp\/v2\/media?parent=2104"}],"curies":[{"name":"wp","href":"https:\/\/api.w.org\/{rel}","templated":true}]}}