{"id":2001,"date":"2018-05-10T16:17:05","date_gmt":"2018-05-10T16:17:05","guid":{"rendered":"http:\/\/carrizosarq.com\/?page_id=2001"},"modified":"2018-12-01T13:18:33","modified_gmt":"2018-12-01T13:18:33","slug":"rota-38","status":"publish","type":"page","link":"http:\/\/carrizosarq.com\/es_ES\/rota-38\/","title":{"rendered":"Casa Rota"},"content":{"rendered":"<p\n style=\"text-align: left;\"><div id=\"metaslider-id-2580\" style=\"max-width: 700px; margin: 0 auto;\" class=\"ml-slider-3-29-1 metaslider metaslider-nivo metaslider-2580 ml-slider ml-slider-lightbox-1-12-0 easy-fancybox-1-9-5\">\n    <div id=\"metaslider_container_2580\">\n        <div class='slider-wrapper theme-default'><div class='ribbon'><\/div><div id='metaslider_2580' class='nivoSlider'><a href=\"http:\/\/carrizosarq.com\/wp-content\/uploads\/2018\/10\/Fachada-opci\u00f3n-01-con-Cer\u00e1mica-en-Azotea_V02.jpg\" target=\"_blank\" rel=\"lightbox[2580]\"><img src=\"http:\/\/carrizosarq.com\/wp-content\/uploads\/2018\/10\/Fachada-opci\u00f3n-01-con-Cer\u00e1mica-en-Azotea_V02-700x300.jpg\" height=\"300\" width=\"700\" title=\"Fachada opci\u00f3n 01 con Cer\u00e1mica en Azotea_V02\" alt=\"\" class=\"slider-2580 slide-2581\" \/><\/a><a href=\"http:\/\/carrizosarq.com\/wp-content\/uploads\/2020\/11\/P8250079.jpg\" target=\"_self\" rel=\"lightbox[2580]\"><img src=\"http:\/\/carrizosarq.com\/wp-content\/uploads\/2020\/11\/P8250079-700x300.jpg\" height=\"300\" width=\"700\" data-caption=\"OLYMPUS DIGITAL CAMERA\" title=\"OLYMPUS DIGITAL CAMERA\" alt=\"\" class=\"slider-2580 slide-3255\" \/><\/a><a href=\"http:\/\/carrizosarq.com\/wp-content\/uploads\/2018\/10\/Fachada-opci\u00f3n-01-con-Cer\u00e1mica-en-Azotea_V01.jpg\" target=\"_blank\" rel=\"lightbox[2580]\"><img src=\"http:\/\/carrizosarq.com\/wp-content\/uploads\/2018\/10\/Fachada-opci\u00f3n-01-con-Cer\u00e1mica-en-Azotea_V01-700x300.jpg\" height=\"300\" width=\"700\" title=\"Fachada opci\u00f3n 01 con Cer\u00e1mica en Azotea_V01\" alt=\"\" class=\"slider-2580 slide-2582\" \/><\/a><a href=\"http:\/\/carrizosarq.com\/wp-content\/uploads\/2020\/11\/P8250081.jpg\" target=\"_self\" rel=\"lightbox[2580]\"><img src=\"http:\/\/carrizosarq.com\/wp-content\/uploads\/2020\/11\/P8250081-700x300.jpg\" height=\"300\" width=\"700\" data-caption=\"OLYMPUS DIGITAL CAMERA\" title=\"OLYMPUS DIGITAL CAMERA\" alt=\"\" class=\"slider-2580 slide-3256\" \/><\/a><a href=\"http:\/\/carrizosarq.com\/wp-content\/uploads\/2018\/10\/Azotea-Cer\u00e1mica-Horizontal.jpg\" target=\"_blank\" rel=\"lightbox[2580]\"><img src=\"http:\/\/carrizosarq.com\/wp-content\/uploads\/2018\/10\/Azotea-Cer\u00e1mica-Horizontal-700x300.jpg\" height=\"300\" width=\"700\" title=\"Azotea Cer\u00e1mica Horizontal\" alt=\"\" class=\"slider-2580 slide-2583\" \/><\/a><a href=\"http:\/\/carrizosarq.com\/wp-content\/uploads\/2020\/11\/PA080066-e1604863121857.jpg\" target=\"_self\" rel=\"lightbox[2580]\"><img src=\"http:\/\/carrizosarq.com\/wp-content\/uploads\/2020\/11\/PA080066-e1604863121857-700x300.jpg\" height=\"300\" width=\"700\" data-caption=\"OLYMPUS DIGITAL CAMERA\" title=\"OLYMPUS DIGITAL CAMERA\" alt=\"\" class=\"slider-2580 slide-3263\" \/><\/a><a href=\"http:\/\/carrizosarq.com\/wp-content\/uploads\/2020\/11\/PA080067-e1604863165843.jpg\" target=\"_self\" rel=\"lightbox[2580]\"><img src=\"http:\/\/carrizosarq.com\/wp-content\/uploads\/2020\/11\/PA080067-e1604863165843-700x300.jpg\" height=\"300\" width=\"700\" data-caption=\"OLYMPUS DIGITAL CAMERA\" title=\"OLYMPUS DIGITAL CAMERA\" alt=\"\" class=\"slider-2580 slide-3262\" \/><\/a><a href=\"http:\/\/carrizosarq.com\/wp-content\/uploads\/2020\/11\/P8250066.jpg\" target=\"_self\" rel=\"lightbox[2580]\"><img src=\"http:\/\/carrizosarq.com\/wp-content\/uploads\/2020\/11\/P8250066-700x300.jpg\" height=\"300\" width=\"700\" data-caption=\"OLYMPUS DIGITAL CAMERA\" title=\"OLYMPUS DIGITAL CAMERA\" alt=\"\" class=\"slider-2580 slide-3254\" \/><\/a><a href=\"http:\/\/carrizosarq.com\/wp-content\/uploads\/2018\/10\/Distribuidor-05.jpg\" target=\"_self\" rel=\"lightbox[2580]\"><img src=\"http:\/\/carrizosarq.com\/wp-content\/uploads\/2018\/10\/Distribuidor-05-700x300.jpg\" height=\"300\" width=\"700\" title=\"Distribuidor 05\" alt=\"\" class=\"slider-2580 slide-2618\" \/><\/a><a href=\"http:\/\/carrizosarq.com\/wp-content\/uploads\/2020\/11\/PA080064.jpg\" target=\"_self\" rel=\"lightbox[2580]\"><img src=\"http:\/\/carrizosarq.com\/wp-content\/uploads\/2020\/11\/PA080064-700x300.jpg\" height=\"300\" width=\"700\" data-caption=\"OLYMPUS DIGITAL CAMERA\" title=\"OLYMPUS DIGITAL CAMERA\" alt=\"\" class=\"slider-2580 slide-3257\" \/><\/a><a href=\"http:\/\/carrizosarq.com\/wp-content\/uploads\/2018\/10\/Prueba_nievel-renderizado-8b.jpg\" target=\"_self\" rel=\"lightbox[2580]\"><img src=\"http:\/\/carrizosarq.com\/wp-content\/uploads\/2018\/10\/Prueba_nievel-renderizado-8b-700x300.jpg\" height=\"300\" width=\"700\" title=\"Prueba_nievel renderizado 8b\" alt=\"\" class=\"slider-2580 slide-2619\" \/><\/a><a href=\"http:\/\/carrizosarq.com\/wp-content\/uploads\/2020\/11\/WhatsApp-Image-2020-09-29-at-16.54.35.jpeg\" target=\"_self\" rel=\"lightbox[2580]\"><img src=\"http:\/\/carrizosarq.com\/wp-content\/uploads\/2020\/11\/WhatsApp-Image-2020-09-29-at-16.54.35-700x300.jpeg\" height=\"300\" width=\"700\" title=\"WhatsApp Image 2020-09-29 at 16.54.35\" alt=\"\" class=\"slider-2580 slide-3260\" \/><\/a><a href=\"http:\/\/carrizosarq.com\/wp-content\/uploads\/2020\/11\/WhatsApp-Image-2020-09-29-at-16.55.42.jpeg\" target=\"_self\" rel=\"lightbox[2580]\"><img src=\"http:\/\/carrizosarq.com\/wp-content\/uploads\/2020\/11\/WhatsApp-Image-2020-09-29-at-16.55.42-700x300.jpeg\" height=\"300\" width=\"700\" title=\"WhatsApp Image 2020-09-29 at 16.55.42\" alt=\"\" class=\"slider-2580 slide-3261\" \/><\/a><a href=\"http:\/\/carrizosarq.com\/wp-content\/uploads\/2018\/05\/Planta-baja-e1526930283499.jpg\" target=\"_self\" rel=\"lightbox[2580]\"><img src=\"http:\/\/carrizosarq.com\/wp-content\/uploads\/2018\/05\/Planta-baja-e1526930283499-700x300.jpg\" height=\"300\" width=\"700\" title=\"Planta baja\" alt=\"\" class=\"slider-2580 slide-2615\" \/><\/a><a href=\"http:\/\/carrizosarq.com\/wp-content\/uploads\/2018\/05\/Planta-primera.jpg\" target=\"_self\" rel=\"lightbox[2580]\"><img src=\"http:\/\/carrizosarq.com\/wp-content\/uploads\/2018\/05\/Planta-primera-700x300.jpg\" height=\"300\" width=\"700\" title=\"Planta primera\" alt=\"\" class=\"slider-2580 slide-2614\" \/><\/a><a href=\"http:\/\/carrizosarq.com\/wp-content\/uploads\/2018\/05\/Secci\u00f3n-01.jpg\" target=\"_self\" rel=\"lightbox[2580]\"><img src=\"http:\/\/carrizosarq.com\/wp-content\/uploads\/2018\/05\/Secci\u00f3n-01-700x300.jpg\" height=\"300\" width=\"700\" title=\"Secci\u00f3n 01\" alt=\"\" class=\"slider-2580 slide-2611\" \/><\/a><a href=\"http:\/\/carrizosarq.com\/wp-content\/uploads\/2018\/05\/Planta-segunda.jpg\" target=\"_self\" rel=\"lightbox[2580]\"><img src=\"http:\/\/carrizosarq.com\/wp-content\/uploads\/2018\/05\/Planta-segunda-700x300.jpg\" height=\"300\" width=\"700\" title=\"Planta segunda\" alt=\"\" class=\"slider-2580 slide-2613\" \/><\/a><a href=\"http:\/\/carrizosarq.com\/wp-content\/uploads\/2018\/05\/Planta-tercera.jpg\" target=\"_self\" rel=\"lightbox[2580]\"><img src=\"http:\/\/carrizosarq.com\/wp-content\/uploads\/2018\/05\/Planta-tercera-700x300.jpg\" height=\"300\" width=\"700\" title=\"Planta tercera\" alt=\"\" class=\"slider-2580 slide-2612\" \/><\/a><\/div><\/div>\n        \n    <\/div>\n<\/div><\/p>\n<p>&nbsp;<\/p>\n<p\n class=\"font7\" style=\"text-align: justify;\"><span style=\"color: #003366;\"><strong>Vivienda unifamiliar adosada. Se proyecta la vivienda de cuatro plantas en sustituci\u00f3n de la existente de una sola planta, incluy\u00e9ndose proyecto de demolici\u00f3n. La vivienda se dise\u00f1a buscando la m\u00e1xima eficiencia energ\u00e9tica. Calefacci\u00f3n mediante Hidroestufa de pellet. Actualmente en construcci\u00f3n.&nbsp;&nbsp;<\/strong><\/span><\/p>\n<p\n class=\"font7\"><span style=\"color: #003366;\"><strong>Localizaci\u00f3n: Badajoz<\/strong><\/span><\/p>\n<p\n class=\"font7\"><span style=\"color: #003366;\"><strong>Fecha: 2017-2018<\/strong><\/span><\/p>\n<p><span style=\"color: #003366;\"><strong>Funciones: Estudio urban\u00edstico. Redacci\u00f3n de Proyecto B\u00e1sico y de Ejecuci\u00f3n. Interiorismo y dise\u00f1o de mobiliario. C\u00e1lculo de estructuras e instalaciones. Proyecto de Seguridad y Salud. Direcci\u00f3n de obras.<\/strong><\/span><\/p>\n<p\n class=\"font7\"><span style=\"color: #003366;\"><strong>Superficie Vivienda: 260 m\u00b2 &nbsp;<\/strong><\/span><\/p>\n<p\n class=\"font7\"><span style=\"color: #003366;\"><strong>Superficie Parcela: 95 m\u00b2<\/strong><\/span><\/p>\n<p\n style=\"text-align: center;\"><a href=\"http:\/\/carrizosarq.com\/projetos\/residencial\/\">Volver<\/a><\/p>\n","protected":false},"excerpt":{"rendered":"<p style=\"text-align: left;\">[metaslider id=\"2580\"]<\/p>\n<p>&nbsp;<\/p>\n<p class=\"font7\" style=\"text-align: justify;\"><span style=\"color: #003366;\"><strong>Vivienda unifamiliar adosada. Se proyecta la vivienda de cuatro plantas en sustituci\u00f3n de la exist&#8230;<\/p>\n","protected":false},"author":1,"featured_media":0,"parent":0,"menu_order":0,"comment_status":"closed","ping_status":"closed","template":"","meta":{"_mi_skip_tracking":false,"ngg_post_thumbnail":0},"_links":{"self":[{"href":"http:\/\/carrizosarq.com\/es_ES\/wp-json\/wp\/v2\/pages\/2001"}],"collection":[{"href":"http:\/\/carrizosarq.com\/es_ES\/wp-json\/wp\/v2\/pages"}],"about":[{"href":"http:\/\/carrizosarq.com\/es_ES\/wp-json\/wp\/v2\/types\/page"}],"author":[{"embeddable":true,"href":"http:\/\/carrizosarq.com\/es_ES\/wp-json\/wp\/v2\/users\/1"}],"replies":[{"embeddable":true,"href":"http:\/\/carrizosarq.com\/es_ES\/wp-json\/wp\/v2\/comments?post=2001"}],"version-history":[{"count":60,"href":"http:\/\/carrizosarq.com\/es_ES\/wp-json\/wp\/v2\/pages\/2001\/revisions"}],"predecessor-version":[{"id":3153,"href":"http:\/\/carrizosarq.com\/es_ES\/wp-json\/wp\/v2\/pages\/2001\/revisions\/3153"}],"wp:attachment":[{"href":"http:\/\/carrizosarq.com\/es_ES\/wp-json\/wp\/v2\/media?parent=2001"}],"curies":[{"name":"wp","href":"https:\/\/api.w.org\/{rel}","templated":true}]}}