{"id":1852,"date":"2018-05-09T11:10:56","date_gmt":"2018-05-09T11:10:56","guid":{"rendered":"http:\/\/carrizosarq.com\/?page_id=1852"},"modified":"2020-11-08T19:05:13","modified_gmt":"2020-11-08T19:05:13","slug":"moreno-torroba-4","status":"publish","type":"page","link":"http:\/\/carrizosarq.com\/es_ES\/moreno-torroba-4\/","title":{"rendered":"Casa Sostenible Moreno Torroba 4"},"content":{"rendered":"<div id=\"metaslider-id-2573\" style=\"max-width: 700px; margin: 0 auto;\" class=\"ml-slider-3-29-1 metaslider metaslider-nivo metaslider-2573 ml-slider ml-slider-lightbox-1-12-0 easy-fancybox-1-9-5\">\n    <div id=\"metaslider_container_2573\">\n        <div class='slider-wrapper theme-default'><div class='ribbon'><\/div><div id='metaslider_2573' class='nivoSlider'><a href=\"http:\/\/carrizosarq.com\/wp-content\/uploads\/2018\/10\/Fachada-01E.jpg\" target=\"_self\" rel=\"lightbox[2573]\"><img src=\"http:\/\/carrizosarq.com\/wp-content\/uploads\/2018\/10\/Fachada-01E-700x300.jpg\" height=\"300\" width=\"700\" title=\"Fachada 01E\" alt=\"\" class=\"slider-2573 slide-2605\" \/><\/a><a href=\"http:\/\/carrizosarq.com\/wp-content\/uploads\/2018\/10\/Fachada-OTRA-VISTA.jpg\" target=\"_self\" rel=\"lightbox[2573]\"><img src=\"http:\/\/carrizosarq.com\/wp-content\/uploads\/2018\/10\/Fachada-OTRA-VISTA-700x300.jpg\" height=\"300\" width=\"700\" title=\"Fachada OTRA VISTA\" alt=\"\" class=\"slider-2573 slide-2606\" \/><\/a><a href=\"http:\/\/carrizosarq.com\/wp-content\/uploads\/2019\/03\/Area-Barbacoa-Cerrada.jpg\" target=\"_self\" rel=\"lightbox[2573]\"><img src=\"http:\/\/carrizosarq.com\/wp-content\/uploads\/2019\/03\/Area-Barbacoa-Cerrada-700x300.jpg\" height=\"300\" width=\"700\" title=\"Area Barbacoa Cerrada\" alt=\"\" class=\"slider-2573 slide-3202\" \/><\/a><a href=\"http:\/\/carrizosarq.com\/wp-content\/uploads\/2019\/03\/Area-Barbacoa-Abierta.jpg\" target=\"_self\" rel=\"lightbox[2573]\"><img src=\"http:\/\/carrizosarq.com\/wp-content\/uploads\/2019\/03\/Area-Barbacoa-Abierta-700x300.jpg\" height=\"300\" width=\"700\" title=\"Area Barbacoa Abierta\" alt=\"\" class=\"slider-2573 slide-3201\" \/><\/a><a href=\"http:\/\/carrizosarq.com\/wp-content\/uploads\/2019\/03\/Area-Barbacoa-Detalle.jpg\" target=\"_self\" rel=\"lightbox[2573]\"><img src=\"http:\/\/carrizosarq.com\/wp-content\/uploads\/2019\/03\/Area-Barbacoa-Detalle-700x300.jpg\" height=\"300\" width=\"700\" title=\"Area Barbacoa Detalle\" alt=\"\" class=\"slider-2573 slide-3203\" \/><\/a><a href=\"http:\/\/carrizosarq.com\/wp-content\/uploads\/2018\/10\/Entrada-01.jpg\" target=\"_self\" rel=\"lightbox[2573]\"><img src=\"http:\/\/carrizosarq.com\/wp-content\/uploads\/2018\/10\/Entrada-01-700x300.jpg\" height=\"300\" width=\"700\" title=\"Entrada 01\" alt=\"\" class=\"slider-2573 slide-2604\" \/><\/a><a href=\"http:\/\/carrizosarq.com\/wp-content\/uploads\/2018\/10\/Sala-TV-05.jpg\" target=\"_self\" rel=\"lightbox[2573]\"><img src=\"http:\/\/carrizosarq.com\/wp-content\/uploads\/2018\/10\/Sala-TV-05-700x300.jpg\" height=\"300\" width=\"700\" title=\"Sala TV 05\" alt=\"\" class=\"slider-2573 slide-2607\" \/><\/a><a href=\"http:\/\/carrizosarq.com\/wp-content\/uploads\/2020\/11\/09-Caixas-horta-j\u00e1-com-grama.jpg\" target=\"_self\" rel=\"lightbox[2573]\"><img src=\"http:\/\/carrizosarq.com\/wp-content\/uploads\/2020\/11\/09-Caixas-horta-j\u00e1-com-grama-700x300.jpg\" height=\"300\" width=\"700\" title=\"09 Caixas horta (j\u00e1 com grama)\" alt=\"\" class=\"slider-2573 slide-3244\" \/><\/a><a href=\"http:\/\/carrizosarq.com\/wp-content\/uploads\/2020\/11\/01-Area-Churrasqueira-fechada.jpeg\" target=\"_self\" rel=\"lightbox[2573]\"><img src=\"http:\/\/carrizosarq.com\/wp-content\/uploads\/2020\/11\/01-Area-Churrasqueira-fechada-700x300.jpeg\" height=\"300\" width=\"700\" title=\"01 Area Churrasqueira fechada\" alt=\"\" class=\"slider-2573 slide-3236\" \/><\/a><a href=\"http:\/\/carrizosarq.com\/wp-content\/uploads\/2020\/11\/02-Area-Churrasqueira-aberta.jpg\" target=\"_self\" rel=\"lightbox[2573]\"><img src=\"http:\/\/carrizosarq.com\/wp-content\/uploads\/2020\/11\/02-Area-Churrasqueira-aberta-700x300.jpg\" height=\"300\" width=\"700\" data-caption=\"OLYMPUS DIGITAL CAMERA\" title=\"OLYMPUS DIGITAL CAMERA\" alt=\"\" class=\"slider-2573 slide-3237\" \/><\/a><a href=\"http:\/\/carrizosarq.com\/wp-content\/uploads\/2020\/11\/03-Area-Churrasqueira-fechada.jpeg\" target=\"_self\" rel=\"lightbox[2573]\"><img src=\"http:\/\/carrizosarq.com\/wp-content\/uploads\/2020\/11\/03-Area-Churrasqueira-fechada-700x300.jpeg\" height=\"300\" width=\"700\" title=\"03 Area Churrasqueira fechada\" alt=\"\" class=\"slider-2573 slide-3238\" \/><\/a><a href=\"http:\/\/carrizosarq.com\/wp-content\/uploads\/2020\/11\/04-Cozinha-Churrasqueira.jpeg\" target=\"_self\" rel=\"lightbox[2573]\"><img src=\"http:\/\/carrizosarq.com\/wp-content\/uploads\/2020\/11\/04-Cozinha-Churrasqueira-700x300.jpeg\" height=\"300\" width=\"700\" title=\"04 Cozinha Churrasqueira\" alt=\"\" class=\"slider-2573 slide-3239\" \/><\/a><a href=\"http:\/\/carrizosarq.com\/wp-content\/uploads\/2020\/11\/05-Detalhe-Banheiro-01.jpg\" target=\"_self\" rel=\"lightbox[2573]\"><img src=\"http:\/\/carrizosarq.com\/wp-content\/uploads\/2020\/11\/05-Detalhe-Banheiro-01-700x300.jpg\" height=\"300\" width=\"700\" data-caption=\"OLYMPUS DIGITAL CAMERA\" title=\"OLYMPUS DIGITAL CAMERA\" alt=\"\" class=\"slider-2573 slide-3240\" \/><\/a><a href=\"http:\/\/carrizosarq.com\/wp-content\/uploads\/2020\/11\/06-Detalhe-Banheiro-02.jpeg\" target=\"_self\" rel=\"lightbox[2573]\"><img src=\"http:\/\/carrizosarq.com\/wp-content\/uploads\/2020\/11\/06-Detalhe-Banheiro-02-700x300.jpeg\" height=\"300\" width=\"700\" title=\"06 Detalhe Banheiro 02\" alt=\"\" class=\"slider-2573 slide-3241\" \/><\/a><a href=\"http:\/\/carrizosarq.com\/wp-content\/uploads\/2020\/11\/07-Piscina.jpeg\" target=\"_self\" rel=\"lightbox[2573]\"><img src=\"http:\/\/carrizosarq.com\/wp-content\/uploads\/2020\/11\/07-Piscina-700x300.jpeg\" height=\"300\" width=\"700\" title=\"07 Piscina\" alt=\"\" class=\"slider-2573 slide-3242\" \/><\/a><a href=\"http:\/\/carrizosarq.com\/wp-content\/uploads\/2020\/11\/08-Detalhe-Piscina.jpg\" target=\"_self\" rel=\"lightbox[2573]\"><img src=\"http:\/\/carrizosarq.com\/wp-content\/uploads\/2020\/11\/08-Detalhe-Piscina-700x300.jpg\" height=\"300\" width=\"700\" title=\"08 Detalhe Piscina\" alt=\"\" class=\"slider-2573 slide-3243\" \/><\/a><a href=\"http:\/\/carrizosarq.com\/wp-content\/uploads\/2018\/10\/Planta-baja-copia.jpg\" target=\"_self\" rel=\"lightbox[2573]\"><img src=\"http:\/\/carrizosarq.com\/wp-content\/uploads\/2018\/10\/Planta-baja-copia-700x300.jpg\" height=\"300\" width=\"700\" title=\"Planta baja copia\" alt=\"\" class=\"slider-2573 slide-2630\" \/><\/a><a href=\"http:\/\/carrizosarq.com\/wp-content\/uploads\/2018\/10\/Planta-primera-copia.jpg\" target=\"_self\" rel=\"lightbox[2573]\"><img src=\"http:\/\/carrizosarq.com\/wp-content\/uploads\/2018\/10\/Planta-primera-copia-700x300.jpg\" height=\"300\" width=\"700\" title=\"Planta primera copia\" alt=\"\" class=\"slider-2573 slide-2631\" \/><\/a><a href=\"http:\/\/carrizosarq.com\/wp-content\/uploads\/2018\/10\/Seccion-01-copia.jpg\" target=\"_self\" rel=\"lightbox[2573]\"><img src=\"http:\/\/carrizosarq.com\/wp-content\/uploads\/2018\/10\/Seccion-01-copia-700x300.jpg\" height=\"300\" width=\"700\" title=\"Seccion 01 copia\" alt=\"\" class=\"slider-2573 slide-2632\" \/><\/a><a href=\"http:\/\/carrizosarq.com\/wp-content\/uploads\/2018\/10\/Seccion-02-copia.jpg\" target=\"_self\" rel=\"lightbox[2573]\"><img src=\"http:\/\/carrizosarq.com\/wp-content\/uploads\/2018\/10\/Seccion-02-copia-700x300.jpg\" height=\"300\" width=\"700\" title=\"Seccion 02 copia\" alt=\"\" class=\"slider-2573 slide-2633\" \/><\/a><a href=\"http:\/\/carrizosarq.com\/wp-content\/uploads\/2018\/10\/Fachada-lateral-copia.jpg\" target=\"_self\" rel=\"lightbox[2573]\"><img src=\"http:\/\/carrizosarq.com\/wp-content\/uploads\/2018\/10\/Fachada-lateral-copia-700x300.jpg\" height=\"300\" width=\"700\" title=\"Fachada lateral copia\" alt=\"\" class=\"slider-2573 slide-2628\" \/><\/a><a href=\"http:\/\/carrizosarq.com\/wp-content\/uploads\/2018\/10\/Fachada-posterior-copia.jpg\" target=\"_self\" rel=\"lightbox[2573]\"><img src=\"http:\/\/carrizosarq.com\/wp-content\/uploads\/2018\/10\/Fachada-posterior-copia-700x300.jpg\" height=\"300\" width=\"700\" title=\"Fachada posterior copia\" alt=\"\" class=\"slider-2573 slide-2629\" \/><\/a><\/div><\/div>\n        \n    <\/div>\n<\/div>\n<h4 class=\"font7\"><span style=\"color: #003366;\"><strong>Vivienda unifamiliar sostenible adosada.<\/strong><\/span><\/h4>\n<p style=\"text-align: justify;\"><span style=\"color: #003366;\"><b style=\"color: #003366;\">Los clientes eligieron el terreno donde ser\u00e1 <\/b><span style=\"color: #003366;\"><b>construido<\/b><\/span><b style=\"color: #003366;\">&nbsp;su nuevo hogar en una zona de gran expansi\u00f3n de Badajoz, justo en la frontera con Portugal, pues \u00e9l es profesor de Universidad en esta ciudad y ella m\u00e9dica en Portugal. Encargaron el proyecto de una casa de dise\u00f1o <\/b><span style=\"color: #003366;\"><b>contempor\u00e1neo<\/b><\/span><b style=\"color: #003366;\">&nbsp;y con un buen comportamiento energ\u00e9tico.<\/b><\/span><\/p>\n<p style=\"text-align: justify;\"><span style=\"color: #003366;\"><b style=\"color: #003366;\">En el terreno, donde existe una casa en avanzado estado de degradaci\u00f3n que debemos demoler, se proyecta una vivienda de dos plantas. Tambi\u00e9n se construir\u00e1 una piscina, un \u00e1rea de barbacoa y un jard\u00edn con huerta. En el proyecto se busca unir conceptos de arquitectura bioclim\u00e1tica y de <\/b><span style=\"color: #003366;\"><b>eficiencia<\/b><\/span><b style=\"color: #003366;\">&nbsp;energ\u00e9tica.Para ello se aprovechar\u00e1n al m\u00e1ximo las captaciones de radiaci\u00f3n solar y las ventilaciones naturales y reduciendo la iluminaci\u00f3n artificial.<\/b><\/span><\/p>\n<h5><strong><span style=\"color: #003366;\">Eficiencia energ\u00e9tica.<\/span><\/strong><\/h5>\n<p style=\"text-align: justify;\"><span style=\"color: #003366;\"><b style=\"color: #003366;\">La envolvente de la casa se proyecta garantizando el mayor confort tanto t\u00e9rmico como ac\u00fastico. El dise\u00f1o de la fachada incluye acabados de ladrillo cer\u00e1mico visto autoventilado, mejorando el aislamiento t\u00e9rmico de la vivienda. En la planta baja se proyecta un forjado ventilado con el sistema de encofrado perdido tipo Caviti. Con esta t\u00e9cnica se aisla el forjado gracias a la circulaci\u00f3n de aire, protegiendo de las humedades y de las emisiones de <\/b><span style=\"color: #003366;\"><b>gas<\/b><\/span><b style=\"color: #003366;\">&nbsp;rad\u00f3n. Las cubiertas planas de la casa ser\u00e1n ajardinadas lo que permitir\u00e1 reducir el consumo energ\u00e9tico y las emisiones de CO\u2082.<\/b><\/span><\/p>\n<p style=\"text-align: justify;\"><span style=\"color: #003366;\"><b style=\"color: #003366;\">La climatizaci\u00f3n de los&nbsp;ambientes es obtenida <\/b><span style=\"color: #003366;\"><b>a trav\u00e9s<\/b><\/span><b style=\"color: #003366;\">&nbsp;del uso&nbsp;de un sistema&nbsp; de suelo radiante, el cual nos permite alcanzar un grado de confort \u00f3ptimo con una temperatura del agua menor, de solamente 35\u00ba. Para mejorar aun m\u00e1s la <\/b><span style=\"color: #003366;\"><b>eficiencia<\/b><\/span><b style=\"color: #003366;\">, el sistema ser\u00e1 abastecido por <\/b><span style=\"color: #003366;\"><b>energ\u00eda<\/b><\/span><b style=\"color: #003366;\">&nbsp;geot\u00e9rmica, limpia y <\/b><span style=\"color: #003366;\"><b>renovable<\/b><\/span><b style=\"color: #003366;\">. La casa contar\u00e1 adem\u00e1s con un sistema solar t\u00e9rmico para el calentamiento de agua y est\u00e1 prevista la instalaci\u00f3n de placas solares fotovoltaicas.<\/b><\/span><\/p>\n<h5><strong><span style=\"color: #003366;\">Distribuci\u00f3n de la casa.<\/span><\/strong><\/h5>\n<p style=\"text-align: justify;\"><span style=\"color: #003366;\"><b style=\"color: #003366;\">Estructurada en dos plantas, en la baja se localiza un <\/b><span style=\"color: #003366;\"><b>garaje<\/b><\/span><b style=\"color: #003366;\">&nbsp;para dos coches y el \u00e1rea de acceso, as\u00ed como el espacio principal de la casa, que comprende un despacho reservado para el trabajo del padre, un aseo, una gran sala con doble altura, una amplia cocina, y un dormitorio con cuarto de ba\u00f1o y vestidor. Bajo la cocina se proyecta un s\u00f3tano para una bodega y despensa de alimentos. Las paredes blancas&nbsp;reflejan la luz&nbsp;para el interior y las amplias ventanas y puertas de vidrio&nbsp;integran el jard\u00edn exterior en la composici\u00f3n espacial.<\/b><\/span><\/p>\n<p class=\"font7\" style=\"text-align: justify;\"><span style=\"color: #003366;\"><b style=\"color: #003366;\">La escalera y el jard\u00edn interior se presentan como piezas de gran protagonismo en el interior de la casa, siendo los&nbsp;elementos de <\/b><span style=\"color: #003366;\"><b>cohesi\u00f3n<\/b><\/span><b style=\"color: #003366;\">&nbsp;entre los dos niveles. la escalera transmite una sensaci\u00f3n de levedad gracias a los escalones revestidos de madera natural y anclados directamente en la pared que parecen flotar. La luz difusa que entra a trav\u00e9s del jard\u00edn interior hace de este elemento vertebral un espacio <\/b><span style=\"color: #003366;\"><b>atrayente<\/b><\/span><b style=\"color: #003366;\">&nbsp;y delicado, conectando el interior de la casa con el exterior a trav\u00e9s de la cubierta que no solo ilumina, si no que tambi\u00e9n sirve como conducto t\u00e9rmico constituyendo un sistema natural de ventilaci\u00f3n y regulaci\u00f3n de la temperatura.&nbsp;<\/b><\/span><\/p>\n<p style=\"text-align: justify;\"><span style=\"color: #003366;\"><b style=\"color: #003366;\">En la primera planta se encuentran dos cuartos de ba\u00f1o y cuatro dormitorios. Dos de los dormitorios tienen salida directa al jard\u00edn de la cubierta sobre el garaje. La entrada de luz cenital junto con una&nbsp;combinaci\u00f3n de materiales sencillos y naturales consigue transmitir una sensaci\u00f3n de calma y <\/b><span style=\"color: #003366;\"><b>equilibrio<\/b><\/span><b style=\"color: #003366;\">&nbsp;en esta planta m\u00e1s \u00edntima. Las zonas de <\/b><span style=\"color: #003366;\"><b>d\u00eda<\/b><\/span><b style=\"color: #003366;\">&nbsp;y noche quedan as\u00ed organizadas por <\/b><span style=\"color: #003366;\"><b>niveles<\/b><\/span><b style=\"color: #003366;\">&nbsp;y las actividades&nbsp; se desarrollan de forma natural.<\/b><\/span><\/p>\n<p style=\"text-align: justify;\"><span style=\"color: #003366;\"><strong>En el fondo de la parcela se proyecta un espacio de barbacoa cubierta y otra descubierta, con aseo y trastero. El jard\u00edn que conecta con la casa alberga una piscina de 30m\u00b2 con tratamiento del agua con cloraci\u00f3n salina.<\/strong><\/span><\/p>\n<p class=\"font7\"><span style=\"color: #003366;\"><b>Actualmente se encuentra en <\/b><b>tramites<\/b><b>&nbsp;de licencia de obras.&nbsp;<\/b><\/span><\/p>\n<h5><span style=\"color: #003366;\"><strong>Ficha del proyecto.<\/strong><\/span><\/h5>\n<p class=\"font7\"><span style=\"color: #003366;\"><strong>Localizaci\u00f3n: Badajoz<\/strong><\/span><\/p>\n<p class=\"font7\"><span style=\"color: #003366;\"><strong>Fecha: 2016-2018<\/strong><\/span><\/p>\n<p><span style=\"color: #003366;\"><strong>Funciones: Estudio urban\u00edstico. Redacci\u00f3n de Proyecto B\u00e1sico y de Ejecuci\u00f3n. Interiorismo y dise\u00f1o de mobiliario. C\u00e1lculo de estructuras e instalaciones. Proyecto de Seguridad y Salud.&nbsp;<\/strong><\/span><\/p>\n<p class=\"font7\"><span style=\"color: #003366;\"><strong>Superficie Vivienda: 290 m\u00b2 &nbsp;<\/strong><\/span><\/p>\n<p class=\"font7\"><span style=\"color: #003366;\"><strong>Superficie Parcela: 495 m\u00b2<\/strong><\/span><\/p>\n<p style=\"text-align: center;\"><a href=\"http:\/\/carrizosarq.com\/projetos\/residencial\/\">Volver<\/a><\/p>\n","protected":false},"excerpt":{"rendered":"[metaslider id=\"2573\"]\n<h4 class=\"font7\"><span style=\"color: #003366;\"><strong>Vivienda unifamiliar sostenible adosada.<\/strong><\/span><\/h4>\n<p style=\"text-align: justify;\"><span style=\"color: #003366;\"><b style=\"color: #003366;\">Los clientes&#8230;<\/p>\n","protected":false},"author":1,"featured_media":0,"parent":0,"menu_order":0,"comment_status":"closed","ping_status":"closed","template":"","meta":{"_mi_skip_tracking":false,"ngg_post_thumbnail":0},"_links":{"self":[{"href":"http:\/\/carrizosarq.com\/es_ES\/wp-json\/wp\/v2\/pages\/1852"}],"collection":[{"href":"http:\/\/carrizosarq.com\/es_ES\/wp-json\/wp\/v2\/pages"}],"about":[{"href":"http:\/\/carrizosarq.com\/es_ES\/wp-json\/wp\/v2\/types\/page"}],"author":[{"embeddable":true,"href":"http:\/\/carrizosarq.com\/es_ES\/wp-json\/wp\/v2\/users\/1"}],"replies":[{"embeddable":true,"href":"http:\/\/carrizosarq.com\/es_ES\/wp-json\/wp\/v2\/comments?post=1852"}],"version-history":[{"count":75,"href":"http:\/\/carrizosarq.com\/es_ES\/wp-json\/wp\/v2\/pages\/1852\/revisions"}],"predecessor-version":[{"id":3245,"href":"http:\/\/carrizosarq.com\/es_ES\/wp-json\/wp\/v2\/pages\/1852\/revisions\/3245"}],"wp:attachment":[{"href":"http:\/\/carrizosarq.com\/es_ES\/wp-json\/wp\/v2\/media?parent=1852"}],"curies":[{"name":"wp","href":"https:\/\/api.w.org\/{rel}","templated":true}]}}