{"id":1640,"date":"2018-03-17T20:40:00","date_gmt":"2018-03-17T20:40:00","guid":{"rendered":"http:\/\/localhost\/wordpress\/?page_id=1640"},"modified":"2018-12-01T11:23:07","modified_gmt":"2018-12-01T11:23:07","slug":"aeropuerto-de-barcelona","status":"publish","type":"page","link":"http:\/\/carrizosarq.com\/es_ES\/aeropuerto-de-barcelona\/","title":{"rendered":"Nueva Terminal Aeropuerto de Barcelona"},"content":{"rendered":"\n\n<div class=\"ngg-galleryoverview ngg-slideshow\"\n\t id=\"ngg-slideshow-fd88282603980826ed5992553883df12-6825742650\"\n     data-gallery-id=\"fd88282603980826ed5992553883df12\"\n     style=\"max-width: 600px; max-height: 400px;\">\n\n \t<div id=\"ngg-image-0\" class=\"ngg-gallery-slideshow-image\" style=\"height:400px\">\n\n        <a href=\"http:\/\/carrizosarq.com\/wp-content\/gallery\/aeropuerto\/5.jpg\"\n           title=\"\"\n           data-src=\"http:\/\/carrizosarq.com\/wp-content\/gallery\/aeropuerto\/5.jpg\"\n           data-thumbnail=\"http:\/\/carrizosarq.com\/wp-content\/gallery\/aeropuerto\/thumbs\/thumbs_5.jpg\"\n           data-image-id=\"32\"\n           data-title=\"5\"\n           data-description=\"\"\n           class='thickbox' rel='fd88282603980826ed5992553883df12'>\n\n            <img data-image-id='32'\n                 title=\"\"\n                 alt=\"5\"\n                 src=\"http:\/\/carrizosarq.com\/wp-content\/gallery\/aeropuerto\/5.jpg\"\n                 style=\"max-height: 380px;\"\/>\n        <\/a>\n\n        <\/div> \n<div id=\"ngg-image-1\" class=\"ngg-gallery-slideshow-image\" style=\"height:400px\">\n\n        <a href=\"http:\/\/carrizosarq.com\/wp-content\/gallery\/aeropuerto\/12.jpg\"\n           title=\"\"\n           data-src=\"http:\/\/carrizosarq.com\/wp-content\/gallery\/aeropuerto\/12.jpg\"\n           data-thumbnail=\"http:\/\/carrizosarq.com\/wp-content\/gallery\/aeropuerto\/thumbs\/thumbs_12.jpg\"\n           data-image-id=\"33\"\n           data-title=\"12\"\n           data-description=\"\"\n           class='thickbox' rel='fd88282603980826ed5992553883df12'>\n\n            <img data-image-id='33'\n                 title=\"\"\n                 alt=\"12\"\n                 src=\"http:\/\/carrizosarq.com\/wp-content\/gallery\/aeropuerto\/12.jpg\"\n                 style=\"max-height: 380px;\"\/>\n        <\/a>\n\n        <\/div> \n<div id=\"ngg-image-2\" class=\"ngg-gallery-slideshow-image\" style=\"height:400px\">\n\n        <a href=\"http:\/\/carrizosarq.com\/wp-content\/gallery\/aeropuerto\/13.jpg\"\n           title=\"\"\n           data-src=\"http:\/\/carrizosarq.com\/wp-content\/gallery\/aeropuerto\/13.jpg\"\n           data-thumbnail=\"http:\/\/carrizosarq.com\/wp-content\/gallery\/aeropuerto\/thumbs\/thumbs_13.jpg\"\n           data-image-id=\"34\"\n           data-title=\"13\"\n           data-description=\"\"\n           class='thickbox' rel='fd88282603980826ed5992553883df12'>\n\n            <img data-image-id='34'\n                 title=\"\"\n                 alt=\"13\"\n                 src=\"http:\/\/carrizosarq.com\/wp-content\/gallery\/aeropuerto\/13.jpg\"\n                 style=\"max-height: 380px;\"\/>\n        <\/a>\n\n        <\/div> \n<div id=\"ngg-image-3\" class=\"ngg-gallery-slideshow-image\" style=\"height:400px\">\n\n        <a href=\"http:\/\/carrizosarq.com\/wp-content\/gallery\/aeropuerto\/15.jpg\"\n           title=\"\"\n           data-src=\"http:\/\/carrizosarq.com\/wp-content\/gallery\/aeropuerto\/15.jpg\"\n           data-thumbnail=\"http:\/\/carrizosarq.com\/wp-content\/gallery\/aeropuerto\/thumbs\/thumbs_15.jpg\"\n           data-image-id=\"35\"\n           data-title=\"\\\\Servidor\\nous projectes\\CURRICULUM FREIRE ARQUITECTES\\(5)ARCHIVOS POR PROYECTO, COLABORACI\u00d3N CON BOFIL\\7-AEROPUERTO DE BARCEL\"\n           data-description=\"\"\n           class='thickbox' rel='fd88282603980826ed5992553883df12'>\n\n            <img data-image-id='35'\n                 title=\"\"\n                 alt=\"\\\\Servidor\\nous projectes\\CURRICULUM FREIRE ARQUITECTES\\(5)ARCHIVOS POR PROYECTO, COLABORACI\u00d3N CON BOFIL\\7-AEROPUERTO DE BARCEL\"\n                 src=\"http:\/\/carrizosarq.com\/wp-content\/gallery\/aeropuerto\/15.jpg\"\n                 style=\"max-height: 380px;\"\/>\n        <\/a>\n\n        <\/div> \n<div id=\"ngg-image-4\" class=\"ngg-gallery-slideshow-image\" style=\"height:400px\">\n\n        <a href=\"http:\/\/carrizosarq.com\/wp-content\/gallery\/aeropuerto\/16.jpg\"\n           title=\"\"\n           data-src=\"http:\/\/carrizosarq.com\/wp-content\/gallery\/aeropuerto\/16.jpg\"\n           data-thumbnail=\"http:\/\/carrizosarq.com\/wp-content\/gallery\/aeropuerto\/thumbs\/thumbs_16.jpg\"\n           data-image-id=\"36\"\n           data-title=\"16\"\n           data-description=\"\"\n           class='thickbox' rel='fd88282603980826ed5992553883df12'>\n\n            <img data-image-id='36'\n                 title=\"\"\n                 alt=\"16\"\n                 src=\"http:\/\/carrizosarq.com\/wp-content\/gallery\/aeropuerto\/16.jpg\"\n                 style=\"max-height: 380px;\"\/>\n        <\/a>\n\n        <\/div> \n<div id=\"ngg-image-5\" class=\"ngg-gallery-slideshow-image\" style=\"height:400px\">\n\n        <a href=\"http:\/\/carrizosarq.com\/wp-content\/gallery\/aeropuerto\/DSC06941.JPG\"\n           title=\"\"\n           data-src=\"http:\/\/carrizosarq.com\/wp-content\/gallery\/aeropuerto\/DSC06941.JPG\"\n           data-thumbnail=\"http:\/\/carrizosarq.com\/wp-content\/gallery\/aeropuerto\/thumbs\/thumbs_DSC06941.JPG\"\n           data-image-id=\"50\"\n           data-title=\"DSC06941\"\n           data-description=\"\"\n           class='thickbox' rel='fd88282603980826ed5992553883df12'>\n\n            <img data-image-id='50'\n                 title=\"\"\n                 alt=\"DSC06941\"\n                 src=\"http:\/\/carrizosarq.com\/wp-content\/gallery\/aeropuerto\/DSC06941.JPG\"\n                 style=\"max-height: 380px;\"\/>\n        <\/a>\n\n        <\/div> \n<div id=\"ngg-image-6\" class=\"ngg-gallery-slideshow-image\" style=\"height:400px\">\n\n        <a href=\"http:\/\/carrizosarq.com\/wp-content\/gallery\/aeropuerto\/2.jpg\"\n           title=\"\"\n           data-src=\"http:\/\/carrizosarq.com\/wp-content\/gallery\/aeropuerto\/2.jpg\"\n           data-thumbnail=\"http:\/\/carrizosarq.com\/wp-content\/gallery\/aeropuerto\/thumbs\/thumbs_2.jpg\"\n           data-image-id=\"427\"\n           data-title=\"2\"\n           data-description=\"\"\n           class='thickbox' rel='fd88282603980826ed5992553883df12'>\n\n            <img data-image-id='427'\n                 title=\"\"\n                 alt=\"2\"\n                 src=\"http:\/\/carrizosarq.com\/wp-content\/gallery\/aeropuerto\/2.jpg\"\n                 style=\"max-height: 380px;\"\/>\n        <\/a>\n\n        <\/div> \n<div id=\"ngg-image-7\" class=\"ngg-gallery-slideshow-image\" style=\"height:400px\">\n\n        <a href=\"http:\/\/carrizosarq.com\/wp-content\/gallery\/aeropuerto\/2-1.jpg\"\n           title=\"\"\n           data-src=\"http:\/\/carrizosarq.com\/wp-content\/gallery\/aeropuerto\/2-1.jpg\"\n           data-thumbnail=\"http:\/\/carrizosarq.com\/wp-content\/gallery\/aeropuerto\/thumbs\/thumbs_2-1.jpg\"\n           data-image-id=\"428\"\n           data-title=\"2\"\n           data-description=\"\"\n           class='thickbox' rel='fd88282603980826ed5992553883df12'>\n\n            <img data-image-id='428'\n                 title=\"\"\n                 alt=\"2\"\n                 src=\"http:\/\/carrizosarq.com\/wp-content\/gallery\/aeropuerto\/2-1.jpg\"\n                 style=\"max-height: 380px;\"\/>\n        <\/a>\n\n        <\/div> \n<div id=\"ngg-image-8\" class=\"ngg-gallery-slideshow-image\" style=\"height:400px\">\n\n        <a href=\"http:\/\/carrizosarq.com\/wp-content\/gallery\/aeropuerto\/4.jpg\"\n           title=\"\"\n           data-src=\"http:\/\/carrizosarq.com\/wp-content\/gallery\/aeropuerto\/4.jpg\"\n           data-thumbnail=\"http:\/\/carrizosarq.com\/wp-content\/gallery\/aeropuerto\/thumbs\/thumbs_4.jpg\"\n           data-image-id=\"429\"\n           data-title=\"4\"\n           data-description=\"\"\n           class='thickbox' rel='fd88282603980826ed5992553883df12'>\n\n            <img data-image-id='429'\n                 title=\"\"\n                 alt=\"4\"\n                 src=\"http:\/\/carrizosarq.com\/wp-content\/gallery\/aeropuerto\/4.jpg\"\n                 style=\"max-height: 380px;\"\/>\n        <\/a>\n\n        <\/div> \n<div id=\"ngg-image-9\" class=\"ngg-gallery-slideshow-image\" style=\"height:400px\">\n\n        <a href=\"http:\/\/carrizosarq.com\/wp-content\/gallery\/aeropuerto\/6.jpg\"\n           title=\"\"\n           data-src=\"http:\/\/carrizosarq.com\/wp-content\/gallery\/aeropuerto\/6.jpg\"\n           data-thumbnail=\"http:\/\/carrizosarq.com\/wp-content\/gallery\/aeropuerto\/thumbs\/thumbs_6.jpg\"\n           data-image-id=\"430\"\n           data-title=\"6\"\n           data-description=\"\"\n           class='thickbox' rel='fd88282603980826ed5992553883df12'>\n\n            <img data-image-id='430'\n                 title=\"\"\n                 alt=\"6\"\n                 src=\"http:\/\/carrizosarq.com\/wp-content\/gallery\/aeropuerto\/6.jpg\"\n                 style=\"max-height: 380px;\"\/>\n        <\/a>\n\n        <\/div> \n<div id=\"ngg-image-10\" class=\"ngg-gallery-slideshow-image\" style=\"height:400px\">\n\n        <a href=\"http:\/\/carrizosarq.com\/wp-content\/gallery\/aeropuerto\/10.png\"\n           title=\"\"\n           data-src=\"http:\/\/carrizosarq.com\/wp-content\/gallery\/aeropuerto\/10.png\"\n           data-thumbnail=\"http:\/\/carrizosarq.com\/wp-content\/gallery\/aeropuerto\/thumbs\/thumbs_10.png\"\n           data-image-id=\"431\"\n           data-title=\"10\"\n           data-description=\"\"\n           class='thickbox' rel='fd88282603980826ed5992553883df12'>\n\n            <img data-image-id='431'\n                 title=\"\"\n                 alt=\"10\"\n                 src=\"http:\/\/carrizosarq.com\/wp-content\/gallery\/aeropuerto\/10.png\"\n                 style=\"max-height: 380px;\"\/>\n        <\/a>\n\n        <\/div> \n<div id=\"ngg-image-11\" class=\"ngg-gallery-slideshow-image\" style=\"height:400px\">\n\n        <a href=\"http:\/\/carrizosarq.com\/wp-content\/gallery\/aeropuerto\/2-2.jpg\"\n           title=\"\"\n           data-src=\"http:\/\/carrizosarq.com\/wp-content\/gallery\/aeropuerto\/2-2.jpg\"\n           data-thumbnail=\"http:\/\/carrizosarq.com\/wp-content\/gallery\/aeropuerto\/thumbs\/thumbs_2-2.jpg\"\n           data-image-id=\"432\"\n           data-title=\"2\"\n           data-description=\"\"\n           class='thickbox' rel='fd88282603980826ed5992553883df12'>\n\n            <img data-image-id='432'\n                 title=\"\"\n                 alt=\"2\"\n                 src=\"http:\/\/carrizosarq.com\/wp-content\/gallery\/aeropuerto\/2-2.jpg\"\n                 style=\"max-height: 380px;\"\/>\n        <\/a>\n\n        <\/div> \n<div id=\"ngg-image-12\" class=\"ngg-gallery-slideshow-image\" style=\"height:400px\">\n\n        <a href=\"http:\/\/carrizosarq.com\/wp-content\/gallery\/aeropuerto\/8.jpg\"\n           title=\"\"\n           data-src=\"http:\/\/carrizosarq.com\/wp-content\/gallery\/aeropuerto\/8.jpg\"\n           data-thumbnail=\"http:\/\/carrizosarq.com\/wp-content\/gallery\/aeropuerto\/thumbs\/thumbs_8.jpg\"\n           data-image-id=\"433\"\n           data-title=\"8\"\n           data-description=\"\"\n           class='thickbox' rel='fd88282603980826ed5992553883df12'>\n\n            <img data-image-id='433'\n                 title=\"\"\n                 alt=\"8\"\n                 src=\"http:\/\/carrizosarq.com\/wp-content\/gallery\/aeropuerto\/8.jpg\"\n                 style=\"max-height: 380px;\"\/>\n        <\/a>\n\n        <\/div> \n<div id=\"ngg-image-13\" class=\"ngg-gallery-slideshow-image\" style=\"height:400px\">\n\n        <a href=\"http:\/\/carrizosarq.com\/wp-content\/gallery\/aeropuerto\/13-1.jpg\"\n           title=\"\"\n           data-src=\"http:\/\/carrizosarq.com\/wp-content\/gallery\/aeropuerto\/13-1.jpg\"\n           data-thumbnail=\"http:\/\/carrizosarq.com\/wp-content\/gallery\/aeropuerto\/thumbs\/thumbs_13-1.jpg\"\n           data-image-id=\"434\"\n           data-title=\"13\"\n           data-description=\"\"\n           class='thickbox' rel='fd88282603980826ed5992553883df12'>\n\n            <img data-image-id='434'\n                 title=\"\"\n                 alt=\"13\"\n                 src=\"http:\/\/carrizosarq.com\/wp-content\/gallery\/aeropuerto\/13-1.jpg\"\n                 style=\"max-height: 380px;\"\/>\n        <\/a>\n\n        <\/div> \n<div id=\"ngg-image-14\" class=\"ngg-gallery-slideshow-image\" style=\"height:400px\">\n\n        <a href=\"http:\/\/carrizosarq.com\/wp-content\/gallery\/aeropuerto\/15-1.jpg\"\n           title=\"\"\n           data-src=\"http:\/\/carrizosarq.com\/wp-content\/gallery\/aeropuerto\/15-1.jpg\"\n           data-thumbnail=\"http:\/\/carrizosarq.com\/wp-content\/gallery\/aeropuerto\/thumbs\/thumbs_15-1.jpg\"\n           data-image-id=\"435\"\n           data-title=\"15\"\n           data-description=\"\"\n           class='thickbox' rel='fd88282603980826ed5992553883df12'>\n\n            <img data-image-id='435'\n                 title=\"\"\n                 alt=\"15\"\n                 src=\"http:\/\/carrizosarq.com\/wp-content\/gallery\/aeropuerto\/15-1.jpg\"\n                 style=\"max-height: 380px;\"\/>\n        <\/a>\n\n        <\/div> \n<\/div>\n\n\n\n\n<p>&nbsp;<\/p>\n<p class=\"font7\"><strong><span style=\"color: #003366;\">Nueva terminal del Aeropuerto de Barcelona. En este proyecto trabajamos en colaboraci\u00f3n con Freire Arquitectes, en apoyo del estudio autor del proyecto, el Taller de Arquitectura Ricardo Bofill.<\/span><\/strong><\/p>\n<p><strong><span style=\"color: #003366;\">Se trabaj\u00f3 en la Sala de Autoridades, Sala CIP-Internacional, Sala CIP-UE y en las zonas comerciales incluyendo los patios.&nbsp;&nbsp;<\/span><\/strong><\/p>\n<p class=\"font7\"><strong><span style=\"color: #003366;\">Localizaci\u00f3n: El Prat de Llobregat (Barcelona)&nbsp;<\/span><\/strong><\/p>\n<p><strong><span style=\"color: #003366;\">Funciones: Elaboraci\u00f3n de Proyectos B\u00e1sico y de Ejecuci\u00f3n&nbsp;de acuerdo con prescripciones del proyecto gen\u00e9rico y tutela del Taller de Arquitectura Ricardo Bofill. Dise\u00f1o de mobiliario e interiorismo.<\/span><\/strong><\/p>\n<p class=\"font7\"><strong><span style=\"color: #003366;\">Fecha: 2007-2009<\/span><\/strong><\/p>\n<p class=\"font7\"><strong><span style=\"color: #003366;\">Superficie Sala de Autoridades: 1850 m\u00b2 &nbsp;<\/span><\/strong><\/p>\n<p><strong><span style=\"color: #003366;\">Superficie Sala CIP-Internacional: 700 m\u00b2 &nbsp;<\/span><\/strong><\/p>\n<p><strong><span style=\"color: #003366;\">Superficie Sala CIP-UE: 650 m\u00b2 &nbsp;<\/span><\/strong><\/p>\n<p><strong><span style=\"color: #003366;\">Superficie Zonas Comerciales: 35.000 m\u00b2<\/span> <\/strong>&nbsp;<\/p>\n<p style=\"text-align: center;\"><a href=\"http:\/\/carrizosarq.com\/projetos\/otras-tipologias\/\">Volver<\/a><\/p>\n","protected":false},"excerpt":{"rendered":"<p>[ngg_images source=\u00bbgalleries\u00bb container_ids=\u00bb6&#8243; display_type=\u00bbphotocrati-nextgen_basic_slideshow\u00bb gallery_width=\u00bb600&#8243; gallery_height=\u00bb400&#8243; cycle_effect=\u00bbfade\u00bb cycle_interval=\u00bb10&#8243; show_thumbnail_link=\u00bb0&#8243; thumbnail_link_text=\u00bbMostrar miniaturas\u00bb or&#8230;<\/p>\n","protected":false},"author":1,"featured_media":0,"parent":0,"menu_order":0,"comment_status":"closed","ping_status":"closed","template":"","meta":{"_mi_skip_tracking":false,"ngg_post_thumbnail":0},"_links":{"self":[{"href":"http:\/\/carrizosarq.com\/es_ES\/wp-json\/wp\/v2\/pages\/1640"}],"collection":[{"href":"http:\/\/carrizosarq.com\/es_ES\/wp-json\/wp\/v2\/pages"}],"about":[{"href":"http:\/\/carrizosarq.com\/es_ES\/wp-json\/wp\/v2\/types\/page"}],"author":[{"embeddable":true,"href":"http:\/\/carrizosarq.com\/es_ES\/wp-json\/wp\/v2\/users\/1"}],"replies":[{"embeddable":true,"href":"http:\/\/carrizosarq.com\/es_ES\/wp-json\/wp\/v2\/comments?post=1640"}],"version-history":[{"count":27,"href":"http:\/\/carrizosarq.com\/es_ES\/wp-json\/wp\/v2\/pages\/1640\/revisions"}],"predecessor-version":[{"id":3065,"href":"http:\/\/carrizosarq.com\/es_ES\/wp-json\/wp\/v2\/pages\/1640\/revisions\/3065"}],"wp:attachment":[{"href":"http:\/\/carrizosarq.com\/es_ES\/wp-json\/wp\/v2\/media?parent=1640"}],"curies":[{"name":"wp","href":"https:\/\/api.w.org\/{rel}","templated":true}]}}