{"id":1636,"date":"2018-03-17T20:36:52","date_gmt":"2018-03-17T20:36:52","guid":{"rendered":"http:\/\/localhost\/wordpress\/?page_id=1636"},"modified":"2018-10-23T20:58:44","modified_gmt":"2018-10-23T20:58:44","slug":"can-paulo","status":"publish","type":"page","link":"http:\/\/carrizosarq.com\/es_ES\/can-paulo\/","title":{"rendered":"Cal Paulo. Restaurante"},"content":{"rendered":"<p>[cincopa<br \/>\n AYNAYWut4umj]<\/p>\n<p class=\"font7\" style=\"text-align: justify;\"><span style=\"color: #003366;\"><strong>Reforma y rehabilitaci\u00f3n de una mas\u00eda para construir vivienda y restaurante. Se trata de una mas\u00eda catalogada. Se rehabilit\u00f3 integralmente para dar cabida a un restaurante en planta baja y planta primera. En la segunda planta &nbsp;se ubica la vivienda de los propietarios.<\/strong><\/span><\/p>\n<p class=\"font7\" style=\"text-align: justify;\"><span style=\"color: #003366;\"><strong>Localizaci\u00f3n: Begues (Barcelona)&nbsp;<\/strong><\/span><\/p>\n<p style=\"text-align: justify;\"><span style=\"color: #003366;\"><strong>Funciones: Redacci\u00f3n de Proyectos B\u00e1sico y de Ejecuci\u00f3n. Dise\u00f1o de mobiliario. Proyecto en colaboraci\u00f3n con Freire Arquitectes.<\/strong><\/span><\/p>\n<p class=\"font7\" style=\"text-align: justify;\"><span style=\"color: #003366;\"><strong>Fecha: 2005-2007<\/strong><\/span><\/p>\n<p class=\"font7\" style=\"text-align: justify;\"><span style=\"color: #003366;\"><strong>Superficie construida: 1.100,00 m\u00b2 &nbsp;<\/strong><strong>&nbsp;<\/strong><\/span><\/p>\n<p style=\"text-align: center;\"><a href=\"http:\/\/carrizosarq.com\/projetos\/comercial\/\">Volver<\/a><\/p>\n","protected":false},"excerpt":{"rendered":"<p>[cincopa AYNAYWut4umj]<\/p>\n<p class=\"font7\" style=\"text-align: justify;\"><span style=\"color: #003366;\"><strong>Reforma y rehabilitaci\u00f3n de una mas\u00eda para construir vivienda y restaurante. Se trata de una mas\u00eda catalogada. Se rehabilit\u00f3 integralment&#8230;<\/p>\n","protected":false},"author":1,"featured_media":0,"parent":0,"menu_order":0,"comment_status":"closed","ping_status":"closed","template":"","meta":{"_mi_skip_tracking":false,"ngg_post_thumbnail":0},"_links":{"self":[{"href":"http:\/\/carrizosarq.com\/es_ES\/wp-json\/wp\/v2\/pages\/1636"}],"collection":[{"href":"http:\/\/carrizosarq.com\/es_ES\/wp-json\/wp\/v2\/pages"}],"about":[{"href":"http:\/\/carrizosarq.com\/es_ES\/wp-json\/wp\/v2\/types\/page"}],"author":[{"embeddable":true,"href":"http:\/\/carrizosarq.com\/es_ES\/wp-json\/wp\/v2\/users\/1"}],"replies":[{"embeddable":true,"href":"http:\/\/carrizosarq.com\/es_ES\/wp-json\/wp\/v2\/comments?post=1636"}],"version-history":[{"count":14,"href":"http:\/\/carrizosarq.com\/es_ES\/wp-json\/wp\/v2\/pages\/1636\/revisions"}],"predecessor-version":[{"id":2547,"href":"http:\/\/carrizosarq.com\/es_ES\/wp-json\/wp\/v2\/pages\/1636\/revisions\/2547"}],"wp:attachment":[{"href":"http:\/\/carrizosarq.com\/es_ES\/wp-json\/wp\/v2\/media?parent=1636"}],"curies":[{"name":"wp","href":"https:\/\/api.w.org\/{rel}","templated":true}]}}