{"id":1631,"date":"2018-03-17T20:32:57","date_gmt":"2018-03-17T20:32:57","guid":{"rendered":"http:\/\/localhost\/wordpress\/?page_id=1631"},"modified":"2018-10-23T21:03:07","modified_gmt":"2018-10-23T21:03:07","slug":"carioca-taste","status":"publish","type":"page","link":"http:\/\/carrizosarq.com\/es_ES\/carioca-taste\/","title":{"rendered":"Carioca Taste. Restaurante"},"content":{"rendered":"<p>[cincopa<br \/>\n AIMApXuD5KtD]<\/p>\n<p class=\"font7\" style=\"text-align: justify;\"><span style=\"color: #003366;\"><strong>Dos restaurantes. Reforma integral de local de tres plantas para renovaci\u00f3n de la imagen del negocio. La planta baja y s\u00f3tano se destinan a restaurante de cocina tradicional brasile\u00f1a, localiz\u00e1ndose la cocina y ba\u00f1os en planta baja. La planta primera ubica un restaurante de comida japonesa, compuesto de comedor, cocina y ba\u00f1os.<\/strong><\/span><\/p>\n<p class=\"font7\" style=\"text-align: justify;\"><span style=\"color: #003366;\"><strong>Localizaci\u00f3n: Centro, Rio de Janeiro (Brasil)&nbsp;<\/strong><\/span><\/p>\n<p style=\"text-align: justify;\"><span style=\"color: #003366;\"><strong>Funciones: Redacci\u00f3n de Proyectos B\u00e1sico y de Ejecuci\u00f3n. Dise\u00f1o de mobiliario.&nbsp;<\/strong><\/span><\/p>\n<p class=\"font7\" style=\"text-align: justify;\"><span style=\"color: #003366;\"><strong>Fecha: 2015<\/strong><\/span><\/p>\n<p class=\"font7\" style=\"text-align: justify;\"><span style=\"color: #003366;\"><strong>Superficie construida: 445,00 m\u00b2 &nbsp;<\/strong><\/span><\/p>\n<p style=\"text-align: center;\"><a href=\"http:\/\/carrizosarq.com\/projetos\/comercial\/\">Volver<\/a><\/p>\n","protected":false},"excerpt":{"rendered":"<p>[cincopa AIMApXuD5KtD]<\/p>\n<p class=\"font7\" style=\"text-align: justify;\"><span style=\"color: #003366;\"><strong>Dos restaurantes. Reforma integral de local de tres plantas para renovaci\u00f3n de la imagen del negocio. La planta baja y s\u00f3tano se destinan&#8230;<\/p>\n","protected":false},"author":1,"featured_media":0,"parent":0,"menu_order":0,"comment_status":"closed","ping_status":"closed","template":"","meta":{"_mi_skip_tracking":false,"ngg_post_thumbnail":0},"_links":{"self":[{"href":"http:\/\/carrizosarq.com\/es_ES\/wp-json\/wp\/v2\/pages\/1631"}],"collection":[{"href":"http:\/\/carrizosarq.com\/es_ES\/wp-json\/wp\/v2\/pages"}],"about":[{"href":"http:\/\/carrizosarq.com\/es_ES\/wp-json\/wp\/v2\/types\/page"}],"author":[{"embeddable":true,"href":"http:\/\/carrizosarq.com\/es_ES\/wp-json\/wp\/v2\/users\/1"}],"replies":[{"embeddable":true,"href":"http:\/\/carrizosarq.com\/es_ES\/wp-json\/wp\/v2\/comments?post=1631"}],"version-history":[{"count":18,"href":"http:\/\/carrizosarq.com\/es_ES\/wp-json\/wp\/v2\/pages\/1631\/revisions"}],"predecessor-version":[{"id":2551,"href":"http:\/\/carrizosarq.com\/es_ES\/wp-json\/wp\/v2\/pages\/1631\/revisions\/2551"}],"wp:attachment":[{"href":"http:\/\/carrizosarq.com\/es_ES\/wp-json\/wp\/v2\/media?parent=1631"}],"curies":[{"name":"wp","href":"https:\/\/api.w.org\/{rel}","templated":true}]}}