{"id":1629,"date":"2018-03-17T20:31:36","date_gmt":"2018-03-17T20:31:36","guid":{"rendered":"http:\/\/localhost\/wordpress\/?page_id=1629"},"modified":"2018-11-30T19:49:10","modified_gmt":"2018-11-30T19:49:10","slug":"funshoes","status":"publish","type":"page","link":"http:\/\/carrizosarq.com\/es_ES\/funshoes\/","title":{"rendered":"FunShoes. Tiendas de calzado infantil"},"content":{"rendered":"<div id=\"metaslider-id-2989\" style=\"max-width: 700px; margin: 0 auto;\" class=\"ml-slider-3-29-1 metaslider metaslider-nivo metaslider-2989 ml-slider ml-slider-lightbox-1-12-0 easy-fancybox-1-9-5\">\n    <div id=\"metaslider_container_2989\">\n        <div class='slider-wrapper theme-default'><div class='ribbon'><\/div><div id='metaslider_2989' class='nivoSlider'><a href=\"http:\/\/carrizosarq.com\/wp-content\/uploads\/2018\/11\/loja_imagem_1432909381_232_2.jpg\" target=\"_self\" rel=\"lightbox[2989]\"><img src=\"http:\/\/carrizosarq.com\/wp-content\/uploads\/2018\/11\/loja_imagem_1432909381_232_2-460x197.jpg\" height=\"300\" width=\"700\" title=\"loja_imagem_1432909381_232_2\" alt=\"\" class=\"slider-2989 slide-2992\" \/><\/a><a href=\"http:\/\/carrizosarq.com\/wp-content\/uploads\/2018\/11\/puerta.jpg\" target=\"_self\" rel=\"lightbox[2989]\"><img src=\"http:\/\/carrizosarq.com\/wp-content\/uploads\/2018\/11\/puerta-275x117.jpg\" height=\"300\" width=\"700\" title=\"puerta\" alt=\"\" class=\"slider-2989 slide-2993\" \/><\/a><a href=\"http:\/\/carrizosarq.com\/wp-content\/uploads\/2018\/11\/IMG_3417-640x480_2014109112425.jpg\" target=\"_self\" rel=\"lightbox[2989]\"><img src=\"http:\/\/carrizosarq.com\/wp-content\/uploads\/2018\/11\/IMG_3417-640x480_2014109112425-640x274.jpg\" height=\"300\" width=\"700\" title=\"IMG_3417 [640x480]_2014109112425\" alt=\"\" class=\"slider-2989 slide-2997\" \/><\/a><a href=\"http:\/\/carrizosarq.com\/wp-content\/uploads\/2018\/11\/IMG_3435-640x480_2014109112427-copia.jpg\" target=\"_self\" rel=\"lightbox[2989]\"><img src=\"http:\/\/carrizosarq.com\/wp-content\/uploads\/2018\/11\/IMG_3435-640x480_2014109112427-copia-640x274.jpg\" height=\"300\" width=\"700\" title=\"IMG_3435 [640x480]_2014109112427 copia\" alt=\"\" class=\"slider-2989 slide-2998\" \/><\/a><a href=\"http:\/\/carrizosarq.com\/wp-content\/uploads\/2018\/11\/Thumb_L_IMG_3414-640x480_2014109112425.jpg\" target=\"_self\" rel=\"lightbox[2989]\"><img src=\"http:\/\/carrizosarq.com\/wp-content\/uploads\/2018\/11\/Thumb_L_IMG_3414-640x480_2014109112425-330x141.jpg\" height=\"300\" width=\"700\" title=\"Thumb_L_IMG_3414 [640x480]_2014109112425\" alt=\"\" class=\"slider-2989 slide-2999\" \/><\/a><a href=\"http:\/\/carrizosarq.com\/wp-content\/uploads\/2018\/11\/FUNSHOES1.jpg\" target=\"_self\" rel=\"lightbox[2989]\"><img src=\"http:\/\/carrizosarq.com\/wp-content\/uploads\/2018\/11\/FUNSHOES1-700x300.jpg\" height=\"300\" width=\"700\" title=\"FUNSHOES1\" alt=\"\" class=\"slider-2989 slide-3002\" \/><\/a><a href=\"http:\/\/carrizosarq.com\/wp-content\/uploads\/2018\/11\/FunShues-Stand.jpg\" target=\"_self\" rel=\"lightbox[2989]\"><img src=\"http:\/\/carrizosarq.com\/wp-content\/uploads\/2018\/11\/FunShues-Stand-560x240.jpg\" height=\"300\" width=\"700\" title=\"FunShues Stand\" alt=\"\" class=\"slider-2989 slide-3003\" \/><\/a><a href=\"http:\/\/carrizosarq.com\/wp-content\/uploads\/2018\/11\/FunShoes-Itaborai-Planta.jpg\" target=\"_self\" rel=\"lightbox[2989]\"><img src=\"http:\/\/carrizosarq.com\/wp-content\/uploads\/2018\/11\/FunShoes-Itaborai-Planta-700x300.jpg\" height=\"300\" width=\"700\" title=\"FunShoes Itaborai Planta\" alt=\"\" class=\"slider-2989 slide-3013\" \/><\/a><a href=\"http:\/\/carrizosarq.com\/wp-content\/uploads\/2018\/11\/FunShoes-Itaborai-Seccion-1.jpg\" target=\"_self\" rel=\"lightbox[2989]\"><img src=\"http:\/\/carrizosarq.com\/wp-content\/uploads\/2018\/11\/FunShoes-Itaborai-Seccion-1-578x247.jpg\" height=\"300\" width=\"700\" title=\"FunShoes Itaborai Seccion 1\" alt=\"\" class=\"slider-2989 slide-3014\" \/><\/a><a href=\"http:\/\/carrizosarq.com\/wp-content\/uploads\/2018\/11\/FunShoes-Itaborai-Seccion-2.jpg\" target=\"_self\" rel=\"lightbox[2989]\"><img src=\"http:\/\/carrizosarq.com\/wp-content\/uploads\/2018\/11\/FunShoes-Itaborai-Seccion-2-577x247.jpg\" height=\"300\" width=\"700\" title=\"FunShoes Itaborai Seccion 2\" alt=\"\" class=\"slider-2989 slide-3015\" \/><\/a><a href=\"http:\/\/carrizosarq.com\/wp-content\/uploads\/2018\/11\/FunShoes-Madureira-Planta.jpg\" target=\"_self\" rel=\"lightbox[2989]\"><img src=\"http:\/\/carrizosarq.com\/wp-content\/uploads\/2018\/11\/FunShoes-Madureira-Planta-651x279.jpg\" height=\"300\" width=\"700\" title=\"FunShoes Madureira Planta\" alt=\"\" class=\"slider-2989 slide-3016\" \/><\/a><a href=\"http:\/\/carrizosarq.com\/wp-content\/uploads\/2018\/11\/FunShoes-Madureira-Seccion-1.jpg\" target=\"_self\" rel=\"lightbox[2989]\"><img src=\"http:\/\/carrizosarq.com\/wp-content\/uploads\/2018\/11\/FunShoes-Madureira-Seccion-1-572x245.jpg\" height=\"300\" width=\"700\" title=\"FunShoes Madureira Seccion 1\" alt=\"\" class=\"slider-2989 slide-3017\" \/><\/a><a href=\"http:\/\/carrizosarq.com\/wp-content\/uploads\/2018\/11\/FunShoes-Madureira-Seccion-2.jpg\" target=\"_self\" rel=\"lightbox[2989]\"><img src=\"http:\/\/carrizosarq.com\/wp-content\/uploads\/2018\/11\/FunShoes-Madureira-Seccion-2-541x231.jpg\" height=\"300\" width=\"700\" title=\"FunShoes Madureira Seccion 2\" alt=\"\" class=\"slider-2989 slide-3018\" \/><\/a><a href=\"http:\/\/carrizosarq.com\/wp-content\/uploads\/2018\/11\/FunShoes-S\u00e3o-Gon\u00e7alo-Planta.jpg\" target=\"_self\" rel=\"lightbox[2989]\"><img src=\"http:\/\/carrizosarq.com\/wp-content\/uploads\/2018\/11\/FunShoes-S\u00e3o-Gon\u00e7alo-Planta-667x285.jpg\" height=\"300\" width=\"700\" title=\"FunShoes S\u00e3o Gon\u00e7alo Planta\" alt=\"\" class=\"slider-2989 slide-3019\" \/><\/a><a href=\"http:\/\/carrizosarq.com\/wp-content\/uploads\/2018\/11\/FunShoes-S\u00e3o-Gon\u00e7alo-Seccion-1.jpg\" target=\"_self\" rel=\"lightbox[2989]\"><img src=\"http:\/\/carrizosarq.com\/wp-content\/uploads\/2018\/11\/FunShoes-S\u00e3o-Gon\u00e7alo-Seccion-1-697x298.jpg\" height=\"300\" width=\"700\" title=\"FunShoes S\u00e3o Gon\u00e7alo Seccion 1\" alt=\"\" class=\"slider-2989 slide-3020\" \/><\/a><a href=\"http:\/\/carrizosarq.com\/wp-content\/uploads\/2018\/11\/FunShoes-S\u00e3o-Gon\u00e7alo-Seccion-2.jpg\" target=\"_self\" rel=\"lightbox[2989]\"><img src=\"http:\/\/carrizosarq.com\/wp-content\/uploads\/2018\/11\/FunShoes-S\u00e3o-Gon\u00e7alo-Seccion-2-697x298.jpg\" height=\"300\" width=\"700\" title=\"FunShoes S\u00e3o Gon\u00e7alo Seccion 2\" alt=\"\" class=\"slider-2989 slide-3021\" \/><\/a><\/div><\/div>\n        \n    <\/div>\n<\/div>\n<p class=\"font7\"><span style=\"color: #003366;\"><strong>Tres tiendas y un stand de calzado infantil. Reforma integral de locales comerciales en centros comerciales para implantaci\u00f3n de nuevos negocios.&nbsp;<\/strong><\/span><\/p>\n<p class=\"font7\"><span style=\"color: #003366;\"><strong>Localizaci\u00f3n local 01: S\u00e3o Gon\u00e7alo, Rio de Janeiro (Brasil)&nbsp;<\/strong><\/span><\/p>\n<p><span style=\"color: #003366;\"><strong>Localizaci\u00f3n local 02: Itaborai, Rio de Janeiro (Brasil)&nbsp;<\/strong><\/span><\/p>\n<p><span style=\"color: #003366;\"><strong>Localizaci\u00f3n local 03: Madureira, Rio de Janeiro (Brasil)&nbsp;<\/strong><\/span><\/p>\n<p><span style=\"color: #003366;\"><strong>Localizaci\u00f3n stand: Madureira, Rio de Janeiro (Brasil)&nbsp;<\/strong><\/span><\/p>\n<p><span style=\"color: #003366;\"><strong>Funciones: Redacci\u00f3n de Proyectos B\u00e1sico y de Ejecuci\u00f3n. Dise\u00f1o de mobiliario. Direcci\u00f3n y gesti\u00f3n de las obras. Dise\u00f1o de stand de venta.<\/strong><\/span><\/p>\n<p class=\"font7\"><span style=\"color: #003366;\"><strong>Fecha: 2014-2015<\/strong><\/span><\/p>\n<p class=\"font7\"><span style=\"color: #003366;\"><strong>Superficie construida local 01: 36,00 m\u00b2 &nbsp;<\/strong><\/span><\/p>\n<p><span style=\"color: #003366;\"><strong>Superficie construida local 02: 30,00 m\u00b2 &nbsp;<\/strong><\/span><\/p>\n<p><span style=\"color: #003366;\"><strong>Superficie construida local 03: 35,00 m\u00b2 &nbsp;<\/strong><\/span><\/p>\n<p><span style=\"color: #003366;\"><strong>Superficie en planta del stand: 6,00 m\u00b2 &nbsp;<\/strong><\/span><\/p>\n<p style=\"text-align: center;\"><a href=\"http:\/\/carrizosarq.com\/projetos\/comercial\/\">Volver<\/a><\/p>\n","protected":false},"excerpt":{"rendered":"[metaslider id=\"2989\"]\n<p class=\"font7\"><span style=\"color: #003366;\"><strong>Tres tiendas y un stand de calzado infantil. Reforma integral de locales comerciales en centros comerciales para implantaci\u00f3n de nuevos negocios.&nbsp;<\/strong><\/span...\n<\/p>\n","protected":false},"author":1,"featured_media":0,"parent":0,"menu_order":0,"comment_status":"closed","ping_status":"closed","template":"","meta":{"_mi_skip_tracking":false,"ngg_post_thumbnail":0},"_links":{"self":[{"href":"http:\/\/carrizosarq.com\/es_ES\/wp-json\/wp\/v2\/pages\/1629"}],"collection":[{"href":"http:\/\/carrizosarq.com\/es_ES\/wp-json\/wp\/v2\/pages"}],"about":[{"href":"http:\/\/carrizosarq.com\/es_ES\/wp-json\/wp\/v2\/types\/page"}],"author":[{"embeddable":true,"href":"http:\/\/carrizosarq.com\/es_ES\/wp-json\/wp\/v2\/users\/1"}],"replies":[{"embeddable":true,"href":"http:\/\/carrizosarq.com\/es_ES\/wp-json\/wp\/v2\/comments?post=1629"}],"version-history":[{"count":18,"href":"http:\/\/carrizosarq.com\/es_ES\/wp-json\/wp\/v2\/pages\/1629\/revisions"}],"predecessor-version":[{"id":3026,"href":"http:\/\/carrizosarq.com\/es_ES\/wp-json\/wp\/v2\/pages\/1629\/revisions\/3026"}],"wp:attachment":[{"href":"http:\/\/carrizosarq.com\/es_ES\/wp-json\/wp\/v2\/media?parent=1629"}],"curies":[{"name":"wp","href":"https:\/\/api.w.org\/{rel}","templated":true}]}}