{"id":1626,"date":"2018-03-17T20:28:54","date_gmt":"2018-03-17T20:28:54","guid":{"rendered":"http:\/\/localhost\/wordpress\/?page_id=1626"},"modified":"2018-11-30T20:05:55","modified_gmt":"2018-11-30T20:05:55","slug":"kavinne","status":"publish","type":"page","link":"http:\/\/carrizosarq.com\/es_ES\/kavinne\/","title":{"rendered":"Kavinne. Tiendas de moda femenina"},"content":{"rendered":"<div id=\"metaslider-id-3033\" style=\"max-width: 700px; margin: 0 auto;\" class=\"ml-slider-3-29-1 metaslider metaslider-nivo metaslider-3033 ml-slider ml-slider-lightbox-1-12-0 easy-fancybox-1-9-5\">\n    <div id=\"metaslider_container_3033\">\n        <div class='slider-wrapper theme-default'><div class='ribbon'><\/div><div id='metaslider_3033' class='nivoSlider'><a href=\"http:\/\/carrizosarq.com\/wp-content\/uploads\/2018\/11\/13623_624864214280438_8660081247623644432_n.jpg\" target=\"_self\" rel=\"lightbox[3033]\"><img src=\"http:\/\/carrizosarq.com\/wp-content\/uploads\/2018\/11\/13623_624864214280438_8660081247623644432_n-700x300.jpg\" height=\"300\" width=\"700\" title=\"13623_624864214280438_8660081247623644432_n\" alt=\"\" class=\"slider-3033 slide-3043\" \/><\/a><a href=\"http:\/\/carrizosarq.com\/wp-content\/uploads\/2018\/11\/11090323_624864210947105_4747423070820900806_n.jpg\" target=\"_self\" rel=\"lightbox[3033]\"><img src=\"http:\/\/carrizosarq.com\/wp-content\/uploads\/2018\/11\/11090323_624864210947105_4747423070820900806_n-700x300.jpg\" height=\"300\" width=\"700\" title=\"11090323_624864210947105_4747423070820900806_n\" alt=\"\" class=\"slider-3033 slide-3044\" \/><\/a><a href=\"http:\/\/carrizosarq.com\/wp-content\/uploads\/2018\/11\/IMG-20150506-WA0005.jpg\" target=\"_self\" rel=\"lightbox[3033]\"><img src=\"http:\/\/carrizosarq.com\/wp-content\/uploads\/2018\/11\/IMG-20150506-WA0005-700x300.jpg\" height=\"300\" width=\"700\" title=\"IMG-20150506-WA0005\" alt=\"\" class=\"slider-3033 slide-3045\" \/><\/a><a href=\"http:\/\/carrizosarq.com\/wp-content\/uploads\/2018\/11\/Kavinne-Centro.jpg\" target=\"_self\" rel=\"lightbox[3033]\"><img src=\"http:\/\/carrizosarq.com\/wp-content\/uploads\/2018\/11\/Kavinne-Centro-640x274.jpg\" height=\"300\" width=\"700\" title=\"Kavinne Centro\" alt=\"\" class=\"slider-3033 slide-3046\" \/><\/a><a href=\"http:\/\/carrizosarq.com\/wp-content\/uploads\/2018\/11\/Kavinne-Centro_02.jpg\" target=\"_self\" rel=\"lightbox[3033]\"><img src=\"http:\/\/carrizosarq.com\/wp-content\/uploads\/2018\/11\/Kavinne-Centro_02-640x274.jpg\" height=\"300\" width=\"700\" title=\"Kavinne Centro_02\" alt=\"\" class=\"slider-3033 slide-3047\" \/><\/a><a href=\"http:\/\/carrizosarq.com\/wp-content\/uploads\/2018\/11\/2013-08-17-11.11.11.jpg\" target=\"_self\" rel=\"lightbox[3033]\"><img src=\"http:\/\/carrizosarq.com\/wp-content\/uploads\/2018\/11\/2013-08-17-11.11.11-700x300.jpg\" height=\"300\" width=\"700\" title=\"2013-08-17 11.11.11\" alt=\"\" class=\"slider-3033 slide-3042\" \/><\/a><a href=\"http:\/\/carrizosarq.com\/wp-content\/uploads\/2018\/11\/2013-08-12-18.37.18.jpg\" target=\"_self\" rel=\"lightbox[3033]\"><img src=\"http:\/\/carrizosarq.com\/wp-content\/uploads\/2018\/11\/2013-08-12-18.37.18-700x300.jpg\" height=\"300\" width=\"700\" title=\"2013-08-12 18.37.18\" alt=\"\" class=\"slider-3033 slide-3041\" \/><\/a><\/div><\/div>\n        \n    <\/div>\n<\/div>\n<p class=\"font7\" style=\"text-align: justify;\"><span style=\"color: #003366;\"><strong>Dos tiendas de moda femenina. <\/strong><\/span><\/p>\n<p class=\"font7\" style=\"text-align: justify;\"><span style=\"color: #003366;\"><strong>Kavinne Ouvidor surge de la reforma integral de un local de dos plantas destinadas anteriormente a restaurante. La planta baja, donde anteriormente se encontraba el comedor, es donde se desarrolla la nueva tienda y uso. La planta primera, que era la que ubicaba la cocina, se transforma en dos oficinas independientes del nuevo negocio. <\/strong><\/span><\/p>\n<p class=\"font7\" style=\"text-align: justify;\"><span style=\"color: #003366;\"><strong>En el caso de Kavinne Copacabana, se realiz\u00f3 una reforma integral del local comercial renovaci\u00f3n de la imagen del negocio.&nbsp;<\/strong><\/span><\/p>\n<p class=\"font7\" style=\"text-align: justify;\"><span style=\"color: #003366;\"><strong>Localizaci\u00f3n local 01: Ouvidor, Rio de Janeiro (Brasil)&nbsp;<\/strong><\/span><\/p>\n<p style=\"text-align: justify;\"><span style=\"color: #003366;\"><strong>Localizaci\u00f3n local 02: Copacabana, Rio de Janeiro (Brasil)&nbsp;<\/strong><\/span><\/p>\n<p style=\"text-align: justify;\"><span style=\"color: #003366;\"><strong>Funciones: Redacci\u00f3n de Proyectos B\u00e1sico y de Ejecuci\u00f3n. Dise\u00f1o de mobiliario. Direcci\u00f3n y gesti\u00f3n de las obras.<\/strong><\/span><\/p>\n<p class=\"font7\" style=\"text-align: justify;\"><span style=\"color: #003366;\"><strong>Fecha: 2014-2015<\/strong><\/span><\/p>\n<p class=\"font7\" style=\"text-align: justify;\"><span style=\"color: #003366;\"><strong>Superficie construida local 01: 360,00 m\u00b2 &nbsp;<\/strong><\/span><\/p>\n<p style=\"text-align: justify;\"><span style=\"color: #003366;\"><strong>Superficie construida local 02: 50,00 m\u00b2 <\/strong><\/span><\/p>\n<p style=\"text-align: center;\"><a href=\"http:\/\/carrizosarq.com\/projetos\/comercial\/\">Volver<\/a><\/p>\n","protected":false},"excerpt":{"rendered":"[metaslider id=\"3033\"]\n<p class=\"font7\" style=\"text-align: justify;\"><span style=\"color: #003366;\"><strong>Dos tiendas de moda femenina. <\/strong><\/span><\/p>\n<p class=\"font7\" style=\"text-align: justify;\"><span style=\"color: #003366;\"><strong>Kav&#8230;<\/p>\n","protected":false},"author":1,"featured_media":0,"parent":0,"menu_order":0,"comment_status":"closed","ping_status":"closed","template":"","meta":{"_mi_skip_tracking":false,"ngg_post_thumbnail":0},"_links":{"self":[{"href":"http:\/\/carrizosarq.com\/es_ES\/wp-json\/wp\/v2\/pages\/1626"}],"collection":[{"href":"http:\/\/carrizosarq.com\/es_ES\/wp-json\/wp\/v2\/pages"}],"about":[{"href":"http:\/\/carrizosarq.com\/es_ES\/wp-json\/wp\/v2\/types\/page"}],"author":[{"embeddable":true,"href":"http:\/\/carrizosarq.com\/es_ES\/wp-json\/wp\/v2\/users\/1"}],"replies":[{"embeddable":true,"href":"http:\/\/carrizosarq.com\/es_ES\/wp-json\/wp\/v2\/comments?post=1626"}],"version-history":[{"count":19,"href":"http:\/\/carrizosarq.com\/es_ES\/wp-json\/wp\/v2\/pages\/1626\/revisions"}],"predecessor-version":[{"id":2507,"href":"http:\/\/carrizosarq.com\/es_ES\/wp-json\/wp\/v2\/pages\/1626\/revisions\/2507"}],"wp:attachment":[{"href":"http:\/\/carrizosarq.com\/es_ES\/wp-json\/wp\/v2\/media?parent=1626"}],"curies":[{"name":"wp","href":"https:\/\/api.w.org\/{rel}","templated":true}]}}