{"id":1624,"date":"2018-03-17T20:27:08","date_gmt":"2018-03-17T20:27:08","guid":{"rendered":"http:\/\/localhost\/wordpress\/?page_id=1624"},"modified":"2018-12-01T13:17:36","modified_gmt":"2018-12-01T13:17:36","slug":"sindicato-do-chopp","status":"publish","type":"page","link":"http:\/\/carrizosarq.com\/es_ES\/sindicato-do-chopp\/","title":{"rendered":"Sindicato do Chopp. Cervecer\u00eda y Restaurante"},"content":{"rendered":"<div id=\"metaslider-id-3117\" style=\"max-width: 700px; margin: 0 auto;\" class=\"ml-slider-3-29-1 metaslider metaslider-nivo metaslider-3117 ml-slider ml-slider-lightbox-1-12-0 easy-fancybox-1-9-5\">\n    <div id=\"metaslider_container_3117\">\n        <div class='slider-wrapper theme-default'><div class='ribbon'><\/div><div id='metaslider_3117' class='nivoSlider'><a href=\"http:\/\/carrizosarq.com\/wp-content\/uploads\/2018\/12\/SINDICATODOCHOPP.jpg\" target=\"_self\" rel=\"lightbox[3117]\"><img src=\"http:\/\/carrizosarq.com\/wp-content\/uploads\/2018\/12\/SINDICATODOCHOPP-354x151.jpg\" height=\"300\" width=\"700\" title=\"SINDICATODOCHOPP\" alt=\"\" class=\"slider-3117 slide-3124\" \/><\/a><a href=\"http:\/\/carrizosarq.com\/wp-content\/uploads\/2018\/12\/sindicato-do-chopp.jpg\" target=\"_self\" rel=\"lightbox[3117]\"><img src=\"http:\/\/carrizosarq.com\/wp-content\/uploads\/2018\/12\/sindicato-do-chopp-550x235.jpg\" height=\"300\" width=\"700\" title=\"sindicato-do-chopp\" alt=\"\" class=\"slider-3117 slide-3125\" \/><\/a><a href=\"http:\/\/carrizosarq.com\/wp-content\/uploads\/2018\/12\/c700x420-1.jpg\" target=\"_self\" rel=\"lightbox[3117]\"><img src=\"http:\/\/carrizosarq.com\/wp-content\/uploads\/2018\/12\/c700x420-1-700x300.jpg\" height=\"300\" width=\"700\" title=\"c700x420 (1)\" alt=\"\" class=\"slider-3117 slide-3122\" \/><\/a><a href=\"http:\/\/carrizosarq.com\/wp-content\/uploads\/2018\/12\/sindicato-do-chopp-1.jpg\" target=\"_self\" rel=\"lightbox[3117]\"><img src=\"http:\/\/carrizosarq.com\/wp-content\/uploads\/2018\/12\/sindicato-do-chopp-1-550x235.jpg\" height=\"300\" width=\"700\" title=\"sindicato-do-chopp (1)\" alt=\"\" class=\"slider-3117 slide-3123\" \/><\/a><a href=\"http:\/\/carrizosarq.com\/wp-content\/uploads\/2018\/12\/2015-03-02-09.03.39.jpg\" target=\"_self\" rel=\"lightbox[3117]\"><img src=\"http:\/\/carrizosarq.com\/wp-content\/uploads\/2018\/12\/2015-03-02-09.03.39-700x300.jpg\" height=\"300\" width=\"700\" title=\"2015-03-02 09.03.39\" alt=\"\" class=\"slider-3117 slide-3133\" \/><\/a><a href=\"http:\/\/carrizosarq.com\/wp-content\/uploads\/2018\/12\/c700x420.jpg\" target=\"_self\" rel=\"lightbox[3117]\"><img src=\"http:\/\/carrizosarq.com\/wp-content\/uploads\/2018\/12\/c700x420-700x300.jpg\" height=\"300\" width=\"700\" title=\"c700x420\" alt=\"\" class=\"slider-3117 slide-3138\" \/><\/a><a href=\"http:\/\/carrizosarq.com\/wp-content\/uploads\/2018\/12\/2015-03-02-09.55.37.jpg\" target=\"_self\" rel=\"lightbox[3117]\"><img src=\"http:\/\/carrizosarq.com\/wp-content\/uploads\/2018\/12\/2015-03-02-09.55.37-700x300.jpg\" height=\"300\" width=\"700\" title=\"2015-03-02 09.55.37\" alt=\"\" class=\"slider-3117 slide-3136\" \/><\/a><a href=\"http:\/\/carrizosarq.com\/wp-content\/uploads\/2018\/12\/2015-03-02-09.04.39.jpg\" target=\"_self\" rel=\"lightbox[3117]\"><img src=\"http:\/\/carrizosarq.com\/wp-content\/uploads\/2018\/12\/2015-03-02-09.04.39-700x300.jpg\" height=\"300\" width=\"700\" title=\"2015-03-02 09.04.39\" alt=\"\" class=\"slider-3117 slide-3134\" \/><\/a><a href=\"http:\/\/carrizosarq.com\/wp-content\/uploads\/2018\/12\/2015-03-02-10.01.15.jpg\" target=\"_self\" rel=\"lightbox[3117]\"><img src=\"http:\/\/carrizosarq.com\/wp-content\/uploads\/2018\/12\/2015-03-02-10.01.15-700x300.jpg\" height=\"300\" width=\"700\" title=\"2015-03-02 10.01.15\" alt=\"\" class=\"slider-3117 slide-3137\" \/><\/a><a href=\"http:\/\/carrizosarq.com\/wp-content\/uploads\/2018\/12\/Untitled-3.jpg\" target=\"_self\" rel=\"lightbox[3117]\"><img src=\"http:\/\/carrizosarq.com\/wp-content\/uploads\/2018\/12\/Untitled-3-292x125.jpg\" height=\"300\" width=\"700\" title=\"Untitled-3\" alt=\"\" class=\"slider-3117 slide-3139\" \/><\/a><a href=\"http:\/\/carrizosarq.com\/wp-content\/uploads\/2018\/12\/2015-03-02-09.55.26.jpg\" target=\"_self\" rel=\"lightbox[3117]\"><img src=\"http:\/\/carrizosarq.com\/wp-content\/uploads\/2018\/12\/2015-03-02-09.55.26-700x300.jpg\" height=\"300\" width=\"700\" title=\"2015-03-02 09.55.26\" alt=\"\" class=\"slider-3117 slide-3135\" \/><\/a><a href=\"http:\/\/carrizosarq.com\/wp-content\/uploads\/2018\/12\/Planta.jpg\" target=\"_self\" rel=\"lightbox[3117]\"><img src=\"http:\/\/carrizosarq.com\/wp-content\/uploads\/2018\/12\/Planta-700x300.jpg\" height=\"300\" width=\"700\" title=\"Planta\" alt=\"\" class=\"slider-3117 slide-3143\" \/><\/a><a href=\"http:\/\/carrizosarq.com\/wp-content\/uploads\/2018\/12\/Secciones-01.jpg\" target=\"_self\" rel=\"lightbox[3117]\"><img src=\"http:\/\/carrizosarq.com\/wp-content\/uploads\/2018\/12\/Secciones-01-700x300.jpg\" height=\"300\" width=\"700\" title=\"Secciones 01\" alt=\"\" class=\"slider-3117 slide-3144\" \/><\/a><a href=\"http:\/\/carrizosarq.com\/wp-content\/uploads\/2018\/12\/Secciones-02.jpg\" target=\"_self\" rel=\"lightbox[3117]\"><img src=\"http:\/\/carrizosarq.com\/wp-content\/uploads\/2018\/12\/Secciones-02-700x300.jpg\" height=\"300\" width=\"700\" title=\"Secciones 02\" alt=\"\" class=\"slider-3117 slide-3145\" \/><\/a><\/div><\/div>\n        \n    <\/div>\n<\/div>\n<p class=\"font7\"><span style=\"color: #003366;\"><strong>Restaurante y cervecer\u00eda. Reforma integral del establecimiento para renovaci\u00f3n de la imagen del negocio. El local cuenta con dos plantas, ubicando en la planta baja el acceso al restaurante, comedor, bar y ba\u00f1os. En la planta primera se localiza la cocina. El restaurante cuenta con terraza exterior con mesas.<\/strong><\/span><\/p>\n<p class=\"font7\"><span style=\"color: #003366;\"><strong>Localizaci\u00f3n: Ipanema, Rio de Janeiro (Brasil)<\/strong><\/span><\/p>\n<p><span style=\"color: #003366;\"><strong>Funciones: Redacci\u00f3n de Proyectos B\u00e1sico y de Ejecuci\u00f3n. Dise\u00f1o de mobiliario. Direcci\u00f3n y gesti\u00f3n de las obras.<\/strong><\/span><\/p>\n<p class=\"font7\"><span style=\"color: #003366;\"><strong>Fecha: 2015<\/strong><\/span><\/p>\n<p class=\"font7\"><span style=\"color: #003366;\"><strong>Superficie Construida: 350 m\u00b2 &nbsp;<\/strong><\/span><\/p>\n<p><span style=\"color: #003366;\"><strong>Superficie Terraza: 35 m\u00b2 &nbsp;<\/strong><\/span><\/p>\n<p style=\"text-align: center;\"><a href=\"http:\/\/carrizosarq.com\/projetos\/comercial\/\">Volver<\/a><\/p>\n","protected":false},"excerpt":{"rendered":"[metaslider id=\"3117\"]\n<p class=\"font7\"><span style=\"color: #003366;\"><strong>Restaurante y cervecer\u00eda. Reforma integral del establecimiento para renovaci\u00f3n de la imagen del negocio. El local cuenta con dos plantas, ubicando en la planta baja e&#8230;<\/p>\n","protected":false},"author":1,"featured_media":0,"parent":0,"menu_order":0,"comment_status":"closed","ping_status":"closed","template":"","meta":{"_mi_skip_tracking":false,"ngg_post_thumbnail":0},"_links":{"self":[{"href":"http:\/\/carrizosarq.com\/es_ES\/wp-json\/wp\/v2\/pages\/1624"}],"collection":[{"href":"http:\/\/carrizosarq.com\/es_ES\/wp-json\/wp\/v2\/pages"}],"about":[{"href":"http:\/\/carrizosarq.com\/es_ES\/wp-json\/wp\/v2\/types\/page"}],"author":[{"embeddable":true,"href":"http:\/\/carrizosarq.com\/es_ES\/wp-json\/wp\/v2\/users\/1"}],"replies":[{"embeddable":true,"href":"http:\/\/carrizosarq.com\/es_ES\/wp-json\/wp\/v2\/comments?post=1624"}],"version-history":[{"count":17,"href":"http:\/\/carrizosarq.com\/es_ES\/wp-json\/wp\/v2\/pages\/1624\/revisions"}],"predecessor-version":[{"id":3151,"href":"http:\/\/carrizosarq.com\/es_ES\/wp-json\/wp\/v2\/pages\/1624\/revisions\/3151"}],"wp:attachment":[{"href":"http:\/\/carrizosarq.com\/es_ES\/wp-json\/wp\/v2\/media?parent=1624"}],"curies":[{"name":"wp","href":"https:\/\/api.w.org\/{rel}","templated":true}]}}