{"id":1621,"date":"2018-03-17T20:24:58","date_gmt":"2018-03-17T20:24:58","guid":{"rendered":"http:\/\/localhost\/wordpress\/?page_id=1621"},"modified":"2018-11-30T17:39:01","modified_gmt":"2018-11-30T17:39:01","slug":"catran","status":"publish","type":"page","link":"http:\/\/carrizosarq.com\/es_ES\/catran\/","title":{"rendered":"Catran. Tiendas de ropa y complementos para cama, mesa y ba\u00f1o"},"content":{"rendered":"<div id=\"metaslider-id-2926\" style=\"max-width: 700px; margin: 0 auto;\" class=\"ml-slider-3-29-1 metaslider metaslider-nivo metaslider-2926 ml-slider ml-slider-lightbox-1-12-0 easy-fancybox-1-9-5\">\n    <div id=\"metaslider_container_2926\">\n        <div class='slider-wrapper theme-default'><div class='ribbon'><\/div><div id='metaslider_2926' class='nivoSlider'><a href=\"http:\/\/carrizosarq.com\/wp-content\/uploads\/2018\/11\/Catr\u00e1n-Tijuca-01.jpeg\" target=\"_self\" rel=\"lightbox[2926]\"><img src=\"http:\/\/carrizosarq.com\/wp-content\/uploads\/2018\/11\/Catr\u00e1n-Tijuca-01-700x300.jpeg\" height=\"300\" width=\"700\" title=\"Catr\u00e1n Tijuca 01\" alt=\"\" class=\"slider-2926 slide-2941\" \/><\/a><a href=\"http:\/\/carrizosarq.com\/wp-content\/uploads\/2018\/11\/Catran_Loja_Botafogo-novo.jpg\" target=\"_self\" rel=\"lightbox[2926]\"><img src=\"http:\/\/carrizosarq.com\/wp-content\/uploads\/2018\/11\/Catran_Loja_Botafogo-novo-700x300.jpg\" height=\"300\" width=\"700\" title=\"Catran_Loja_Botafogo-novo\" alt=\"\" class=\"slider-2926 slide-2950\" \/><\/a><a href=\"http:\/\/carrizosarq.com\/wp-content\/uploads\/2018\/11\/Catran_Gavea_B-novo.jpg\" target=\"_self\" rel=\"lightbox[2926]\"><img src=\"http:\/\/carrizosarq.com\/wp-content\/uploads\/2018\/11\/Catran_Gavea_B-novo-700x300.jpg\" height=\"300\" width=\"700\" title=\"Catran_Gavea_B-novo\" alt=\"\" class=\"slider-2926 slide-2949\" \/><\/a><a href=\"http:\/\/carrizosarq.com\/wp-content\/uploads\/2018\/11\/Catran-02.jpg\" target=\"_self\" rel=\"lightbox[2926]\"><img src=\"http:\/\/carrizosarq.com\/wp-content\/uploads\/2018\/11\/Catran-02-700x300.jpg\" height=\"300\" width=\"700\" title=\"Catran 02\" alt=\"\" class=\"slider-2926 slide-2935\" \/><\/a><a href=\"http:\/\/carrizosarq.com\/wp-content\/uploads\/2018\/11\/Catr\u00e1n-Tijuca-02.jpeg\" target=\"_self\" rel=\"lightbox[2926]\"><img src=\"http:\/\/carrizosarq.com\/wp-content\/uploads\/2018\/11\/Catr\u00e1n-Tijuca-02-700x300.jpeg\" height=\"300\" width=\"700\" title=\"Catr\u00e1n Tijuca 02\" alt=\"\" class=\"slider-2926 slide-2942\" \/><\/a><a href=\"http:\/\/carrizosarq.com\/wp-content\/uploads\/2018\/11\/Catran-leblon-04.jpg\" target=\"_self\" rel=\"lightbox[2926]\"><img src=\"http:\/\/carrizosarq.com\/wp-content\/uploads\/2018\/11\/Catran-leblon-04-700x300.jpg\" height=\"300\" width=\"700\" title=\"Catran leblon 04\" alt=\"\" class=\"slider-2926 slide-2938\" \/><\/a><a href=\"http:\/\/carrizosarq.com\/wp-content\/uploads\/2018\/11\/Catran-leblon-14.jpg\" target=\"_self\" rel=\"lightbox[2926]\"><img src=\"http:\/\/carrizosarq.com\/wp-content\/uploads\/2018\/11\/Catran-leblon-14-700x300.jpg\" height=\"300\" width=\"700\" title=\"Catran leblon 14\" alt=\"\" class=\"slider-2926 slide-2940\" \/><\/a><a href=\"http:\/\/carrizosarq.com\/wp-content\/uploads\/2018\/11\/Catran-13.jpg\" target=\"_self\" rel=\"lightbox[2926]\"><img src=\"http:\/\/carrizosarq.com\/wp-content\/uploads\/2018\/11\/Catran-13-700x300.jpg\" height=\"300\" width=\"700\" title=\"Catran 13\" alt=\"\" class=\"slider-2926 slide-2936\" \/><\/a><a href=\"http:\/\/carrizosarq.com\/wp-content\/uploads\/2018\/11\/Catran-leblon-12.jpg\" target=\"_self\" rel=\"lightbox[2926]\"><img src=\"http:\/\/carrizosarq.com\/wp-content\/uploads\/2018\/11\/Catran-leblon-12-700x300.jpg\" height=\"300\" width=\"700\" title=\"Catran leblon 12\" alt=\"\" class=\"slider-2926 slide-2939\" \/><\/a><a href=\"http:\/\/carrizosarq.com\/wp-content\/uploads\/2018\/11\/2015-05-07-22.01.44_Comprimido.jpg\" target=\"_self\" rel=\"lightbox[2926]\"><img src=\"http:\/\/carrizosarq.com\/wp-content\/uploads\/2018\/11\/2015-05-07-22.01.44_Comprimido-700x300.jpg\" height=\"300\" width=\"700\" title=\"2015-05-07 22.01.44_Comprimido\" alt=\"\" class=\"slider-2926 slide-2948\" \/><\/a><a href=\"http:\/\/carrizosarq.com\/wp-content\/uploads\/2018\/11\/Catran-14.jpg\" target=\"_self\" rel=\"lightbox[2926]\"><img src=\"http:\/\/carrizosarq.com\/wp-content\/uploads\/2018\/11\/Catran-14-700x300.jpg\" height=\"300\" width=\"700\" title=\"Catran 14\" alt=\"\" class=\"slider-2926 slide-2937\" \/><\/a><a href=\"http:\/\/carrizosarq.com\/wp-content\/uploads\/2018\/11\/Planta-01.jpg\" target=\"_self\" rel=\"lightbox[2926]\"><img src=\"http:\/\/carrizosarq.com\/wp-content\/uploads\/2018\/11\/Planta-01-657x281.jpg\" height=\"300\" width=\"700\" title=\"Planta 01\" alt=\"\" class=\"slider-2926 slide-2951\" \/><\/a><a href=\"http:\/\/carrizosarq.com\/wp-content\/uploads\/2018\/11\/Planta-02.jpg\" target=\"_self\" rel=\"lightbox[2926]\"><img src=\"http:\/\/carrizosarq.com\/wp-content\/uploads\/2018\/11\/Planta-02-700x300.jpg\" height=\"300\" width=\"700\" title=\"Planta 02\" alt=\"\" class=\"slider-2926 slide-2952\" \/><\/a><\/div><\/div>\n        \n    <\/div>\n<\/div>\n<p class=\"font7\"><span style=\"color: #003366;\"><strong>Dos tiendas de ropa y complementos para cama, mesa y ba\u00f1o. Reforma integral de locales comerciales en centros comerciales para renovaci\u00f3n de la imagen del negocio.&nbsp;<\/strong><\/span><\/p>\n<p class=\"font7\"><span style=\"color: #003366;\"><strong>Localizaci\u00f3n local 01: Gavea, Rio de Janeiro (Brasil)&nbsp;<\/strong><\/span><\/p>\n<p><span style=\"color: #003366;\"><strong>Localizaci\u00f3n local 02: Botafogo, Rio de Janeiro (Brasil)&nbsp;<\/strong><\/span><\/p>\n<p><span style=\"color: #003366;\"><strong>Funciones: Redacci\u00f3n de Proyectos B\u00e1sico y de Ejecuci\u00f3n. Dise\u00f1o de mobiliario. Direcci\u00f3n y gesti\u00f3n de las obras.<\/strong><\/span><\/p>\n<p class=\"font7\"><span style=\"color: #003366;\"><strong>Fecha: 2014-2015<\/strong><\/span><\/p>\n<p class=\"font7\"><span style=\"color: #003366;\"><strong>Superficie construida local 01: 45 m\u00b2 &nbsp;<\/strong><\/span><\/p>\n<p><span style=\"color: #003366;\"><strong>Superficie construida local 02: 60 m\u00b2 &nbsp;<\/strong><\/span><\/p>\n<p style=\"text-align: center;\"><a href=\"http:\/\/carrizosarq.com\/projetos\/comercial\/\">Volver<\/a><\/p>\n","protected":false},"excerpt":{"rendered":"[metaslider id=\"2926\"]\n<p class=\"font7\"><span style=\"color: #003366;\"><strong>Dos tiendas de ropa y complementos para cama, mesa y ba\u00f1o. Reforma integral de locales comerciales en centros comerciales para renovaci\u00f3n de la imagen del negocio.&#038;nb&#8230;<\/p>\n","protected":false},"author":1,"featured_media":0,"parent":0,"menu_order":0,"comment_status":"closed","ping_status":"closed","template":"","meta":{"_mi_skip_tracking":false,"ngg_post_thumbnail":0},"_links":{"self":[{"href":"http:\/\/carrizosarq.com\/es_ES\/wp-json\/wp\/v2\/pages\/1621"}],"collection":[{"href":"http:\/\/carrizosarq.com\/es_ES\/wp-json\/wp\/v2\/pages"}],"about":[{"href":"http:\/\/carrizosarq.com\/es_ES\/wp-json\/wp\/v2\/types\/page"}],"author":[{"embeddable":true,"href":"http:\/\/carrizosarq.com\/es_ES\/wp-json\/wp\/v2\/users\/1"}],"replies":[{"embeddable":true,"href":"http:\/\/carrizosarq.com\/es_ES\/wp-json\/wp\/v2\/comments?post=1621"}],"version-history":[{"count":27,"href":"http:\/\/carrizosarq.com\/es_ES\/wp-json\/wp\/v2\/pages\/1621\/revisions"}],"predecessor-version":[{"id":2954,"href":"http:\/\/carrizosarq.com\/es_ES\/wp-json\/wp\/v2\/pages\/1621\/revisions\/2954"}],"wp:attachment":[{"href":"http:\/\/carrizosarq.com\/es_ES\/wp-json\/wp\/v2\/media?parent=1621"}],"curies":[{"name":"wp","href":"https:\/\/api.w.org\/{rel}","templated":true}]}}