{"id":1619,"date":"2018-03-17T20:23:26","date_gmt":"2018-03-17T20:23:26","guid":{"rendered":"http:\/\/localhost\/wordpress\/?page_id=1619"},"modified":"2018-12-01T10:56:56","modified_gmt":"2018-12-01T10:56:56","slug":"mimo","status":"publish","type":"page","link":"http:\/\/carrizosarq.com\/es_ES\/mimo\/","title":{"rendered":"Mimo. Tienda de maletas especiales"},"content":{"rendered":"<div id=\"metaslider-id-2866\" style=\"max-width: 700px; margin: 0 auto;\" class=\"ml-slider-3-29-1 metaslider metaslider-nivo metaslider-2866 ml-slider ml-slider-lightbox-1-12-0 easy-fancybox-1-9-5\">\n    <div id=\"metaslider_container_2866\">\n        <div class='slider-wrapper theme-default'><div class='ribbon'><\/div><div id='metaslider_2866' class='nivoSlider'><a href=\"http:\/\/carrizosarq.com\/wp-content\/uploads\/2018\/10\/Letrero.jpg\" target=\"_self\" rel=\"lightbox[2866]\"><img src=\"http:\/\/carrizosarq.com\/wp-content\/uploads\/2018\/10\/Letrero-700x300.jpg\" height=\"300\" width=\"700\" title=\"Letrero\" alt=\"\" class=\"slider-2866 slide-2881\" \/><\/a><a href=\"http:\/\/carrizosarq.com\/wp-content\/uploads\/2018\/10\/2015-07-06-20.11.21.jpg\" target=\"_self\" rel=\"lightbox[2866]\"><img src=\"http:\/\/carrizosarq.com\/wp-content\/uploads\/2018\/10\/2015-07-06-20.11.21-700x300.jpg\" height=\"300\" width=\"700\" title=\"2015-07-06 20.11.21\" alt=\"\" class=\"slider-2866 slide-2878\" \/><\/a><a href=\"http:\/\/carrizosarq.com\/wp-content\/uploads\/2018\/10\/2015-07-07-14.28.11.jpg\" target=\"_self\" rel=\"lightbox[2866]\"><img src=\"http:\/\/carrizosarq.com\/wp-content\/uploads\/2018\/10\/2015-07-07-14.28.11-700x300.jpg\" height=\"300\" width=\"700\" title=\"2015-07-07 14.28.11\" alt=\"\" class=\"slider-2866 slide-2879\" \/><\/a><a href=\"http:\/\/carrizosarq.com\/wp-content\/uploads\/2018\/10\/2015-07-07-16.03.39.jpg\" target=\"_self\" rel=\"lightbox[2866]\"><img src=\"http:\/\/carrizosarq.com\/wp-content\/uploads\/2018\/10\/2015-07-07-16.03.39-700x300.jpg\" height=\"300\" width=\"700\" title=\"2015-07-07 16.03.39\" alt=\"\" class=\"slider-2866 slide-2880\" \/><\/a><a href=\"http:\/\/carrizosarq.com\/wp-content\/uploads\/2018\/10\/2015-07-06-13.18.55.jpg\" target=\"_self\" rel=\"lightbox[2866]\"><img src=\"http:\/\/carrizosarq.com\/wp-content\/uploads\/2018\/10\/2015-07-06-13.18.55-700x300.jpg\" height=\"300\" width=\"700\" title=\"2015-07-06 13.18.55\" alt=\"\" class=\"slider-2866 slide-2877\" \/><\/a><a href=\"http:\/\/carrizosarq.com\/wp-content\/uploads\/2018\/10\/Planta.jpg\" target=\"_self\" rel=\"lightbox[2866]\"><img src=\"http:\/\/carrizosarq.com\/wp-content\/uploads\/2018\/10\/Planta-700x300.jpg\" height=\"300\" width=\"700\" title=\"Planta\" alt=\"\" class=\"slider-2866 slide-2883\" \/><\/a><a href=\"http:\/\/carrizosarq.com\/wp-content\/uploads\/2018\/10\/Seccion1.jpg\" target=\"_self\" rel=\"lightbox[2866]\"><img src=\"http:\/\/carrizosarq.com\/wp-content\/uploads\/2018\/10\/Seccion1-684x293.jpg\" height=\"300\" width=\"700\" title=\"Seccion1\" alt=\"\" class=\"slider-2866 slide-2884\" \/><\/a><a href=\"http:\/\/carrizosarq.com\/wp-content\/uploads\/2018\/10\/Seccion2jpg.jpg\" target=\"_self\" rel=\"lightbox[2866]\"><img src=\"http:\/\/carrizosarq.com\/wp-content\/uploads\/2018\/10\/Seccion2jpg-672x288.jpg\" height=\"300\" width=\"700\" title=\"Seccion2jpg\" alt=\"\" class=\"slider-2866 slide-2885\" \/><\/a><a href=\"http:\/\/carrizosarq.com\/wp-content\/uploads\/2018\/10\/Seccion3.jpg\" target=\"_self\" rel=\"lightbox[2866]\"><img src=\"http:\/\/carrizosarq.com\/wp-content\/uploads\/2018\/10\/Seccion3-414x177.jpg\" height=\"300\" width=\"700\" title=\"Seccion3\" alt=\"\" class=\"slider-2866 slide-2886\" \/><\/a><\/div><\/div>\n        \n    <\/div>\n<\/div>\n<p class=\"font7\" style=\"text-align: justify;\"><span style=\"color: #003366;\"><strong>Tienda de maletas especiales. Reforma integral de local comercial para implantaci\u00f3n de nuevo negocio. El local est\u00e1 dividido en dos plantas, siendo la planta baja destinada a tienda con acceso al p\u00fablico y la planta primera ubica el almac\u00e9n, despacho y ba\u00f1o.<\/strong><\/span><\/p>\n<p class=\"font7\" style=\"text-align: justify;\"><span style=\"color: #003366;\"><strong>Localizaci\u00f3n: Copacabana. Rio de Janeiro (Brasil)<\/strong><\/span><\/p>\n<p style=\"text-align: justify;\"><span style=\"color: #003366;\"><strong>Funciones: Redacci\u00f3n de Proyectos B\u00e1sico y de Ejecuci\u00f3n. Dise\u00f1o de mobiliario. Direcci\u00f3n y gesti\u00f3n de las obras.<\/strong><\/span><\/p>\n<p class=\"font7\" style=\"text-align: justify;\"><span style=\"color: #003366;\"><strong>Fecha: 2015<\/strong><\/span><\/p>\n<p class=\"font7\" style=\"text-align: justify;\"><span style=\"color: #003366;\"><strong>Superficie Construida: 50 m\u00b2 &nbsp;<\/strong><\/span><\/p>\n<p style=\"text-align: center;\"><a href=\"http:\/\/carrizosarq.com\/projetos\/comercial\/\">Volver<\/a><\/p>\n","protected":false},"excerpt":{"rendered":"[metaslider id=\"2866\"]\n<p class=\"font7\" style=\"text-align: justify;\"><span style=\"color: #003366;\"><strong>Tienda de maletas especiales. Reforma integral de local comercial para implantaci\u00f3n de nuevo negocio. El local est\u00e1 dividido en dos plant&#8230;<\/p>\n","protected":false},"author":1,"featured_media":0,"parent":0,"menu_order":0,"comment_status":"closed","ping_status":"closed","template":"","meta":{"_mi_skip_tracking":false,"ngg_post_thumbnail":0},"_links":{"self":[{"href":"http:\/\/carrizosarq.com\/es_ES\/wp-json\/wp\/v2\/pages\/1619"}],"collection":[{"href":"http:\/\/carrizosarq.com\/es_ES\/wp-json\/wp\/v2\/pages"}],"about":[{"href":"http:\/\/carrizosarq.com\/es_ES\/wp-json\/wp\/v2\/types\/page"}],"author":[{"embeddable":true,"href":"http:\/\/carrizosarq.com\/es_ES\/wp-json\/wp\/v2\/users\/1"}],"replies":[{"embeddable":true,"href":"http:\/\/carrizosarq.com\/es_ES\/wp-json\/wp\/v2\/comments?post=1619"}],"version-history":[{"count":57,"href":"http:\/\/carrizosarq.com\/es_ES\/wp-json\/wp\/v2\/pages\/1619\/revisions"}],"predecessor-version":[{"id":3061,"href":"http:\/\/carrizosarq.com\/es_ES\/wp-json\/wp\/v2\/pages\/1619\/revisions\/3061"}],"wp:attachment":[{"href":"http:\/\/carrizosarq.com\/es_ES\/wp-json\/wp\/v2\/media?parent=1619"}],"curies":[{"name":"wp","href":"https:\/\/api.w.org\/{rel}","templated":true}]}}