{"id":1617,"date":"2018-03-17T20:11:19","date_gmt":"2018-03-17T20:11:19","guid":{"rendered":"http:\/\/localhost\/wordpress\/?page_id=1617"},"modified":"2018-11-30T18:27:54","modified_gmt":"2018-11-30T18:27:54","slug":"palafrugell","status":"publish","type":"page","link":"http:\/\/carrizosarq.com\/es_ES\/palafrugell\/","title":{"rendered":"Complejo residencial en Palafrugell"},"content":{"rendered":"<div id=\"metaslider-id-2827\" style=\"max-width: 700px; margin: 0 auto;\" class=\"ml-slider-3-29-1 metaslider metaslider-nivo metaslider-2827 ml-slider ml-slider-lightbox-1-12-0 easy-fancybox-1-9-5\">\n    <div id=\"metaslider_container_2827\">\n        <div class='slider-wrapper theme-default'><div class='ribbon'><\/div><div id='metaslider_2827' class='nivoSlider'><a href=\"http:\/\/carrizosarq.com\/wp-content\/uploads\/2018\/10\/1-1-1.jpg\" target=\"_self\" rel=\"lightbox[2827]\"><img src=\"http:\/\/carrizosarq.com\/wp-content\/uploads\/2018\/10\/1-1-1-655x280.jpg\" height=\"300\" width=\"700\" title=\"\\Servidornous projectesCURRICULUM FREIRE ARQUITECTES(5)ARCHI\" alt=\"\" class=\"slider-2827 slide-2838\" \/><\/a><a href=\"http:\/\/carrizosarq.com\/wp-content\/uploads\/2018\/10\/4-1.jpg\" target=\"_self\" rel=\"lightbox[2827]\"><img src=\"http:\/\/carrizosarq.com\/wp-content\/uploads\/2018\/10\/4-1-655x280.jpg\" height=\"300\" width=\"700\" title=\"\\Servidornous projectesCURRICULUM FREIRE ARQUITECTES(5)ARCHI\" alt=\"\" class=\"slider-2827 slide-2841\" \/><\/a><a href=\"http:\/\/carrizosarq.com\/wp-content\/uploads\/2018\/10\/6-3.jpg\" target=\"_self\" rel=\"lightbox[2827]\"><img src=\"http:\/\/carrizosarq.com\/wp-content\/uploads\/2018\/10\/6-3-655x280.jpg\" height=\"300\" width=\"700\" title=\"\\Servidornous projectesCURRICULUM FREIRE ARQUITECTES(5)ARCHI\" alt=\"\" class=\"slider-2827 slide-2843\" \/><\/a><a href=\"http:\/\/carrizosarq.com\/wp-content\/uploads\/2018\/10\/9-1.jpg\" target=\"_self\" rel=\"lightbox[2827]\"><img src=\"http:\/\/carrizosarq.com\/wp-content\/uploads\/2018\/10\/9-1-655x280.jpg\" height=\"300\" width=\"700\" title=\"\\Servidornous projectesCURRICULUM FREIRE ARQUITECTES(5)ARCHI\" alt=\"\" class=\"slider-2827 slide-2845\" \/><\/a><a href=\"http:\/\/carrizosarq.com\/wp-content\/uploads\/2018\/10\/10-1.jpg\" target=\"_self\" rel=\"lightbox[2827]\"><img src=\"http:\/\/carrizosarq.com\/wp-content\/uploads\/2018\/10\/10-1-655x280.jpg\" height=\"300\" width=\"700\" title=\"\\Servidornous projectesCURRICULUM FREIRE ARQUITECTES(5)ARCHI\" alt=\"\" class=\"slider-2827 slide-2846\" \/><\/a><a href=\"http:\/\/carrizosarq.com\/wp-content\/uploads\/2018\/10\/2-2.jpg\" target=\"_self\" rel=\"lightbox[2827]\"><img src=\"http:\/\/carrizosarq.com\/wp-content\/uploads\/2018\/10\/2-2-655x280.jpg\" height=\"300\" width=\"700\" title=\"\\Servidornous projectesCURRICULUM FREIRE ARQUITECTES(5)ARCHI\" alt=\"\" class=\"slider-2827 slide-2839\" \/><\/a><a href=\"http:\/\/carrizosarq.com\/wp-content\/uploads\/2018\/10\/5-3.jpg\" target=\"_self\" rel=\"lightbox[2827]\"><img src=\"http:\/\/carrizosarq.com\/wp-content\/uploads\/2018\/10\/5-3-655x280.jpg\" height=\"300\" width=\"700\" title=\"\\Servidornous projectesCURRICULUM FREIRE ARQUITECTES(5)ARCHI\" alt=\"\" class=\"slider-2827 slide-2842\" \/><\/a><a href=\"http:\/\/carrizosarq.com\/wp-content\/uploads\/2018\/10\/11-1.jpg\" target=\"_self\" rel=\"lightbox[2827]\"><img src=\"http:\/\/carrizosarq.com\/wp-content\/uploads\/2018\/10\/11-1-655x280.jpg\" height=\"300\" width=\"700\" title=\"\\Servidornous projectesCURRICULUM FREIRE ARQUITECTES(5)ARCHI\" alt=\"\" class=\"slider-2827 slide-2847\" \/><\/a><a href=\"http:\/\/carrizosarq.com\/wp-content\/uploads\/2018\/10\/3-2.jpg\" target=\"_self\" rel=\"lightbox[2827]\"><img src=\"http:\/\/carrizosarq.com\/wp-content\/uploads\/2018\/10\/3-2-655x280.jpg\" height=\"300\" width=\"700\" title=\"\\Servidornous projectesCURRICULUM FREIRE ARQUITECTES(5)ARCHI\" alt=\"\" class=\"slider-2827 slide-2840\" \/><\/a><a href=\"http:\/\/carrizosarq.com\/wp-content\/uploads\/2018\/10\/8-2.jpg\" target=\"_self\" rel=\"lightbox[2827]\"><img src=\"http:\/\/carrizosarq.com\/wp-content\/uploads\/2018\/10\/8-2-655x280.jpg\" height=\"300\" width=\"700\" title=\"\\Servidornous projectesCURRICULUM FREIRE ARQUITECTES(5)ARCHI\" alt=\"\" class=\"slider-2827 slide-2844\" \/><\/a><\/div><\/div>\n        \n    <\/div>\n<\/div>\n<p class=\"font7\" style=\"text-align: justify;\"><strong><span style=\"color: #003366;\">Complejo residencial con 200 viviendas, distribuidas en cuatro edificios con tres tipolog\u00edas diferentes. Interior de la manzana con jardines y piscina.&nbsp;<\/span><\/strong><\/p>\n<p class=\"font7\" style=\"text-align: justify;\"><span style=\"color: #003366;\"><strong>Localizaci\u00f3n: Palafrugell (Gerona)<\/strong><\/span><\/p>\n<p style=\"text-align: justify;\"><span style=\"color: #003366;\"><strong>Funciones:&nbsp;<b class=\"b5\">Correcci\u00f3n del Proyecto B\u00e1sico y desarrollo del Proyecto de Ejecuci\u00f3n<\/b>. Revisi\u00f3n de la implantaci\u00f3n urban\u00edstica y Proyecto de Urbanizaci\u00f3n. Proyecto en colaboraci\u00f3n con&nbsp;<em>Freire Arquitectes<\/em>&nbsp;y el&nbsp;<em>Taller de arquitectura Ricardo Bofill<\/em>.<\/strong><\/span><\/p>\n<p class=\"font7\" style=\"text-align: justify;\"><span style=\"color: #003366;\"><strong>Fecha del Proyecto: 2008-2009<\/strong><\/span><\/p>\n<p class=\"font7\" style=\"text-align: justify;\"><span style=\"color: #003366;\"><strong>Superficie de parcela: 6.473,00 m\u00b2 &nbsp;<\/strong><\/span><\/p>\n<p style=\"text-align: center;\"><a href=\"http:\/\/carrizosarq.com\/projetos\/residencial\/\">Volver<\/a><\/p>\n","protected":false},"excerpt":{"rendered":"[metaslider id=\"2827\"]\n<p class=\"font7\" style=\"text-align: justify;\"><strong><span style=\"color: #003366;\">Complejo residencial con 200 viviendas, distribuidas en cuatro edificios con tres tipolog\u00edas diferentes. Interior de la manzana con jardines y&#8230;<\/p>\n","protected":false},"author":1,"featured_media":0,"parent":0,"menu_order":0,"comment_status":"closed","ping_status":"closed","template":"","meta":{"_mi_skip_tracking":false,"ngg_post_thumbnail":0},"_links":{"self":[{"href":"http:\/\/carrizosarq.com\/es_ES\/wp-json\/wp\/v2\/pages\/1617"}],"collection":[{"href":"http:\/\/carrizosarq.com\/es_ES\/wp-json\/wp\/v2\/pages"}],"about":[{"href":"http:\/\/carrizosarq.com\/es_ES\/wp-json\/wp\/v2\/types\/page"}],"author":[{"embeddable":true,"href":"http:\/\/carrizosarq.com\/es_ES\/wp-json\/wp\/v2\/users\/1"}],"replies":[{"embeddable":true,"href":"http:\/\/carrizosarq.com\/es_ES\/wp-json\/wp\/v2\/comments?post=1617"}],"version-history":[{"count":35,"href":"http:\/\/carrizosarq.com\/es_ES\/wp-json\/wp\/v2\/pages\/1617\/revisions"}],"predecessor-version":[{"id":2960,"href":"http:\/\/carrizosarq.com\/es_ES\/wp-json\/wp\/v2\/pages\/1617\/revisions\/2960"}],"wp:attachment":[{"href":"http:\/\/carrizosarq.com\/es_ES\/wp-json\/wp\/v2\/media?parent=1617"}],"curies":[{"name":"wp","href":"https:\/\/api.w.org\/{rel}","templated":true}]}}