{"id":1615,"date":"2018-03-17T20:09:28","date_gmt":"2018-03-17T20:09:28","guid":{"rendered":"http:\/\/localhost\/wordpress\/?page_id=1615"},"modified":"2018-12-01T10:52:28","modified_gmt":"2018-12-01T10:52:28","slug":"marjane","status":"publish","type":"page","link":"http:\/\/carrizosarq.com\/es_ES\/marjane\/","title":{"rendered":"Marjane"},"content":{"rendered":"<div id=\"metaslider-id-2850\" style=\"max-width: 700px; margin: 0 auto;\" class=\"ml-slider-3-29-1 metaslider metaslider-nivo metaslider-2850 ml-slider ml-slider-lightbox-1-12-0 easy-fancybox-1-9-5\">\n    <div id=\"metaslider_container_2850\">\n        <div class='slider-wrapper theme-default'><div class='ribbon'><\/div><div id='metaslider_2850' class='nivoSlider'><a href=\"http:\/\/carrizosarq.com\/wp-content\/uploads\/2018\/10\/01.jpg\" target=\"_self\" rel=\"lightbox[2850]\"><img src=\"http:\/\/carrizosarq.com\/wp-content\/uploads\/2018\/10\/01-700x300.jpg\" height=\"300\" width=\"700\" title=\"01\" alt=\"\" class=\"slider-2850 slide-2857\" \/><\/a><a href=\"http:\/\/carrizosarq.com\/wp-content\/uploads\/2018\/10\/02.jpg\" target=\"_self\" rel=\"lightbox[2850]\"><img src=\"http:\/\/carrizosarq.com\/wp-content\/uploads\/2018\/10\/02-700x300.jpg\" height=\"300\" width=\"700\" title=\"02\" alt=\"\" class=\"slider-2850 slide-2858\" \/><\/a><a href=\"http:\/\/carrizosarq.com\/wp-content\/uploads\/2018\/10\/imagem01.jpg\" target=\"_self\" rel=\"lightbox[2850]\"><img src=\"http:\/\/carrizosarq.com\/wp-content\/uploads\/2018\/10\/imagem01-700x300.jpg\" height=\"300\" width=\"700\" title=\"imagem01\" alt=\"\" class=\"slider-2850 slide-2861\" \/><\/a><a href=\"http:\/\/carrizosarq.com\/wp-content\/uploads\/2018\/10\/master-verterticais-02-copia.jpg\" target=\"_self\" rel=\"lightbox[2850]\"><img src=\"http:\/\/carrizosarq.com\/wp-content\/uploads\/2018\/10\/master-verterticais-02-copia-700x300.jpg\" height=\"300\" width=\"700\" title=\"master verterticais 02 copia\" alt=\"\" class=\"slider-2850 slide-2862\" \/><\/a><a href=\"http:\/\/carrizosarq.com\/wp-content\/uploads\/2018\/10\/03.jpg\" target=\"_self\" rel=\"lightbox[2850]\"><img src=\"http:\/\/carrizosarq.com\/wp-content\/uploads\/2018\/10\/03-700x300.jpg\" height=\"300\" width=\"700\" title=\"03\" alt=\"\" class=\"slider-2850 slide-2859\" \/><\/a><a href=\"http:\/\/carrizosarq.com\/wp-content\/uploads\/2018\/10\/6-1-1.jpg\" target=\"_self\" rel=\"lightbox[2850]\"><img src=\"http:\/\/carrizosarq.com\/wp-content\/uploads\/2018\/10\/6-1-1-655x280.jpg\" height=\"300\" width=\"700\" title=\"\\Servidornous projectesCURRICULUM FREIRE ARQUITECTES(4) ARCH\" alt=\"\" class=\"slider-2850 slide-2860\" \/><\/a><\/div><\/div>\n        \n    <\/div>\n<\/div>\n<p class=\"font7\"><span style=\"color: #003366;\"><strong>Estudio de volumetr\u00eda e implantaci\u00f3n de bloques de vivienda en una zona de ampliaci\u00f3n urbana de Tetu\u00e1n.&nbsp;<\/strong><\/span><span style=\"color: #003366;\"><strong>Parking subterr\u00e1neo y jard\u00edn en el interior de la manzana.<\/strong><\/span><\/p>\n<p class=\"font7\"><span style=\"color: #003366;\"><strong>Localizaci\u00f3n: Tetu\u00e1n (Marruecos)<\/strong><\/span><\/p>\n<p><span style=\"color: #003366;\"><strong>Funciones: Estudio urban\u00edstico y de implantaci\u00f3n. Estudio de volumetrias a trav\u00e9s de infografias 3D. Proyecto en colaboraci\u00f3n con Freire Arquitectes.<\/strong><\/span><\/p>\n<p class=\"font7\"><span style=\"color: #003366;\"><strong>Fecha: 2008<\/strong><\/span><\/p>\n<p class=\"font7\"><span style=\"color: #003366;\"><strong>Superficie Solar: 16.000 m\u00b2 &nbsp;<\/strong><\/span><\/p>\n<p style=\"text-align: center;\"><a href=\"http:\/\/carrizosarq.com\/projetos\/residencial\/\">Volver<\/a><\/p>\n","protected":false},"excerpt":{"rendered":"[metaslider id=\"2850\"]\n<p class=\"font7\"><span style=\"color: #003366;\"><strong>Estudio de volumetr\u00eda e implantaci\u00f3n de bloques de vivienda en una zona de ampliaci\u00f3n urbana de Tetu\u00e1n.&nbsp;<\/strong><\/span><span style=\"color: #003366;\"><strong>Par&#8230;<\/p>\n","protected":false},"author":1,"featured_media":0,"parent":0,"menu_order":0,"comment_status":"closed","ping_status":"closed","template":"","meta":{"_mi_skip_tracking":false,"ngg_post_thumbnail":0},"_links":{"self":[{"href":"http:\/\/carrizosarq.com\/es_ES\/wp-json\/wp\/v2\/pages\/1615"}],"collection":[{"href":"http:\/\/carrizosarq.com\/es_ES\/wp-json\/wp\/v2\/pages"}],"about":[{"href":"http:\/\/carrizosarq.com\/es_ES\/wp-json\/wp\/v2\/types\/page"}],"author":[{"embeddable":true,"href":"http:\/\/carrizosarq.com\/es_ES\/wp-json\/wp\/v2\/users\/1"}],"replies":[{"embeddable":true,"href":"http:\/\/carrizosarq.com\/es_ES\/wp-json\/wp\/v2\/comments?post=1615"}],"version-history":[{"count":19,"href":"http:\/\/carrizosarq.com\/es_ES\/wp-json\/wp\/v2\/pages\/1615\/revisions"}],"predecessor-version":[{"id":3057,"href":"http:\/\/carrizosarq.com\/es_ES\/wp-json\/wp\/v2\/pages\/1615\/revisions\/3057"}],"wp:attachment":[{"href":"http:\/\/carrizosarq.com\/es_ES\/wp-json\/wp\/v2\/media?parent=1615"}],"curies":[{"name":"wp","href":"https:\/\/api.w.org\/{rel}","templated":true}]}}