{"id":1613,"date":"2018-03-17T20:05:30","date_gmt":"2018-03-17T20:05:30","guid":{"rendered":"http:\/\/localhost\/wordpress\/?page_id=1613"},"modified":"2018-10-30T20:15:54","modified_gmt":"2018-10-30T20:15:54","slug":"dakar","status":"publish","type":"page","link":"http:\/\/carrizosarq.com\/es_ES\/dakar\/","title":{"rendered":"Barrio residencial en Dakar"},"content":{"rendered":"<div id=\"metaslider-id-2803\" style=\"max-width: 700px; margin: 0 auto;\" class=\"ml-slider-3-29-1 metaslider metaslider-nivo metaslider-2803 ml-slider ml-slider-lightbox-1-12-0 easy-fancybox-1-9-5\">\n    <div id=\"metaslider_container_2803\">\n        <div class='slider-wrapper theme-default'><div class='ribbon'><\/div><div id='metaslider_2803' class='nivoSlider'><a href=\"http:\/\/carrizosarq.com\/wp-content\/uploads\/2018\/10\/1-1.jpg\" target=\"_self\" rel=\"lightbox[2803]\"><img src=\"http:\/\/carrizosarq.com\/wp-content\/uploads\/2018\/10\/1-1-655x280.jpg\" height=\"300\" width=\"700\" title=\"1\" alt=\"\" class=\"slider-2803 slide-2814\" \/><\/a><a href=\"http:\/\/carrizosarq.com\/wp-content\/uploads\/2018\/10\/5-2.jpg\" target=\"_self\" rel=\"lightbox[2803]\"><img src=\"http:\/\/carrizosarq.com\/wp-content\/uploads\/2018\/10\/5-2-655x280.jpg\" height=\"300\" width=\"700\" title=\"5\" alt=\"\" class=\"slider-2803 slide-2817\" \/><\/a><a href=\"http:\/\/carrizosarq.com\/wp-content\/uploads\/2018\/10\/6-2.jpg\" target=\"_self\" rel=\"lightbox[2803]\"><img src=\"http:\/\/carrizosarq.com\/wp-content\/uploads\/2018\/10\/6-2-655x280.jpg\" height=\"300\" width=\"700\" title=\"6\" alt=\"\" class=\"slider-2803 slide-2818\" \/><\/a><a href=\"http:\/\/carrizosarq.com\/wp-content\/uploads\/2018\/10\/7-2.jpg\" target=\"_self\" rel=\"lightbox[2803]\"><img src=\"http:\/\/carrizosarq.com\/wp-content\/uploads\/2018\/10\/7-2-655x280.jpg\" height=\"300\" width=\"700\" title=\"7\" alt=\"\" class=\"slider-2803 slide-2819\" \/><\/a><a href=\"http:\/\/carrizosarq.com\/wp-content\/uploads\/2018\/10\/8-1.jpg\" target=\"_self\" rel=\"lightbox[2803]\"><img src=\"http:\/\/carrizosarq.com\/wp-content\/uploads\/2018\/10\/8-1-655x280.jpg\" height=\"300\" width=\"700\" title=\"8\" alt=\"\" class=\"slider-2803 slide-2820\" \/><\/a><a href=\"http:\/\/carrizosarq.com\/wp-content\/uploads\/2018\/10\/3-1-1.jpg\" target=\"_self\" rel=\"lightbox[2803]\"><img src=\"http:\/\/carrizosarq.com\/wp-content\/uploads\/2018\/10\/3-1-1-655x280.jpg\" height=\"300\" width=\"700\" title=\"3 (1)\" alt=\"\" class=\"slider-2803 slide-2815\" \/><\/a><a href=\"http:\/\/carrizosarq.com\/wp-content\/uploads\/2018\/10\/5-1.jpg\" target=\"_self\" rel=\"lightbox[2803]\"><img src=\"http:\/\/carrizosarq.com\/wp-content\/uploads\/2018\/10\/5-1-655x280.jpg\" height=\"300\" width=\"700\" title=\"5 (1)\" alt=\"\" class=\"slider-2803 slide-2816\" \/><\/a><a href=\"http:\/\/carrizosarq.com\/wp-content\/uploads\/2018\/10\/10.jpg\" target=\"_self\" rel=\"lightbox[2803]\"><img src=\"http:\/\/carrizosarq.com\/wp-content\/uploads\/2018\/10\/10-655x280.jpg\" height=\"300\" width=\"700\" title=\"\\Servidornous projectesCURRICULUM FREIRE ARQUITECTES(5)ARCHI\" alt=\"\" class=\"slider-2803 slide-2821\" \/><\/a><a href=\"http:\/\/carrizosarq.com\/wp-content\/uploads\/2018\/10\/Dakar-Vista-3D-01.jpg\" target=\"_self\" rel=\"lightbox[2803]\"><img src=\"http:\/\/carrizosarq.com\/wp-content\/uploads\/2018\/10\/Dakar-Vista-3D-01-431x184.jpg\" height=\"300\" width=\"700\" title=\"Dakar Vista 3D 01\" alt=\"\" class=\"slider-2803 slide-2822\" \/><\/a><a href=\"http:\/\/carrizosarq.com\/wp-content\/uploads\/2018\/10\/Dakar-Vista-3D-02.jpg\" target=\"_self\" rel=\"lightbox[2803]\"><img src=\"http:\/\/carrizosarq.com\/wp-content\/uploads\/2018\/10\/Dakar-Vista-3D-02-392x168.jpg\" height=\"300\" width=\"700\" title=\"Dakar Vista 3D 02\" alt=\"\" class=\"slider-2803 slide-2823\" \/><\/a><\/div><\/div>\n        \n    <\/div>\n<\/div>\n<p class=\"font7\" style=\"text-align: justify;\"><span style=\"color: #003366;\"><strong>Proyecto de barrio de 2000 viviendas a partir de croquis. Estudios de adaptaci\u00f3n de masterplan inicial. Urbanizaci\u00f3n.&nbsp;<\/strong><\/span><\/p>\n<p class=\"font7\" style=\"text-align: justify;\"><span style=\"color: #003366;\"><strong>Localizaci\u00f3n: Dakar (Senegal)&nbsp;<\/strong><\/span><\/p>\n<p style=\"text-align: justify;\"><span style=\"color: #003366;\"><strong>Funciones: Estudio urban\u00edstico y de implantaci\u00f3n. Proyecto de urbanizaci\u00f3n. Desarrollo de Proyectos B\u00e1sico y de Ejecuci\u00f3n de los edificios de vivienda. Proyecto en colaboraci\u00f3n con Freire Arquitectes y el Taller de arquitectura Ricardo Bofill.<\/strong><\/span><\/p>\n<p class=\"font7\" style=\"text-align: justify;\"><span style=\"color: #003366;\"><strong>Fecha: 2009<\/strong><\/span><\/p>\n<p class=\"font7\" style=\"text-align: justify;\"><span style=\"color: #003366;\"><strong>Superficie Solar: 55 Ha.&nbsp;&nbsp;<\/strong><\/span><\/p>\n<p style=\"text-align: center;\"><a href=\"http:\/\/carrizosarq.com\/projetos\/residencial\/\">Volver<\/a><\/p>\n","protected":false},"excerpt":{"rendered":"[metaslider id=\"2803\"]\n<p class=\"font7\" style=\"text-align: justify;\"><span style=\"color: #003366;\"><strong>Proyecto de barrio de 2000 viviendas a partir de croquis. Estudios de adaptaci\u00f3n de masterplan inicial. Urbanizaci\u00f3n.&nbsp;<\/strong><\/spa...\n<\/p>\n","protected":false},"author":1,"featured_media":0,"parent":0,"menu_order":0,"comment_status":"closed","ping_status":"closed","template":"","meta":{"_mi_skip_tracking":false,"ngg_post_thumbnail":0},"_links":{"self":[{"href":"http:\/\/carrizosarq.com\/es_ES\/wp-json\/wp\/v2\/pages\/1613"}],"collection":[{"href":"http:\/\/carrizosarq.com\/es_ES\/wp-json\/wp\/v2\/pages"}],"about":[{"href":"http:\/\/carrizosarq.com\/es_ES\/wp-json\/wp\/v2\/types\/page"}],"author":[{"embeddable":true,"href":"http:\/\/carrizosarq.com\/es_ES\/wp-json\/wp\/v2\/users\/1"}],"replies":[{"embeddable":true,"href":"http:\/\/carrizosarq.com\/es_ES\/wp-json\/wp\/v2\/comments?post=1613"}],"version-history":[{"count":22,"href":"http:\/\/carrizosarq.com\/es_ES\/wp-json\/wp\/v2\/pages\/1613\/revisions"}],"predecessor-version":[{"id":2826,"href":"http:\/\/carrizosarq.com\/es_ES\/wp-json\/wp\/v2\/pages\/1613\/revisions\/2826"}],"wp:attachment":[{"href":"http:\/\/carrizosarq.com\/es_ES\/wp-json\/wp\/v2\/media?parent=1613"}],"curies":[{"name":"wp","href":"https:\/\/api.w.org\/{rel}","templated":true}]}}