{"id":1607,"date":"2018-03-17T20:00:32","date_gmt":"2018-03-17T20:00:32","guid":{"rendered":"http:\/\/localhost\/wordpress\/?page_id=1607"},"modified":"2018-12-01T12:37:38","modified_gmt":"2018-12-01T12:37:38","slug":"rambla-del-raval","status":"publish","type":"page","link":"http:\/\/carrizosarq.com\/es_ES\/rambla-del-raval\/","title":{"rendered":"Estudio de patolog\u00edas de edificio en Rambla del Raval"},"content":{"rendered":"<div id=\"metaslider-id-2794\" style=\"max-width: 700px; margin: 0 auto;\" class=\"ml-slider-3-29-1 metaslider metaslider-nivo metaslider-2794 ml-slider ml-slider-lightbox-1-12-0 easy-fancybox-1-9-5\">\n    <div id=\"metaslider_container_2794\">\n        <div class='slider-wrapper theme-default'><div class='ribbon'><\/div><div id='metaslider_2794' class='nivoSlider'><a href=\"http:\/\/carrizosarq.com\/wp-content\/uploads\/2018\/10\/Untitled-1.jpg\" target=\"_self\" rel=\"lightbox[2794]\"><img src=\"http:\/\/carrizosarq.com\/wp-content\/uploads\/2018\/10\/Untitled-1-371x159.jpg\" height=\"300\" width=\"700\" title=\"Untitled-1\" alt=\"\" class=\"slider-2794 slide-2800\" \/><\/a><a href=\"http:\/\/carrizosarq.com\/wp-content\/uploads\/2018\/10\/2-1.jpg\" target=\"_self\" rel=\"lightbox[2794]\"><img src=\"http:\/\/carrizosarq.com\/wp-content\/uploads\/2018\/10\/2-1-655x280.jpg\" height=\"300\" width=\"700\" title=\"\\Servidornous projectesCURRICULUM FREIRE ARQUITECTES(1)ARCHI\" alt=\"\" class=\"slider-2794 slide-2798\" \/><\/a><a href=\"http:\/\/carrizosarq.com\/wp-content\/uploads\/2018\/10\/3-1.jpg\" target=\"_self\" rel=\"lightbox[2794]\"><img src=\"http:\/\/carrizosarq.com\/wp-content\/uploads\/2018\/10\/3-1-655x280.jpg\" height=\"300\" width=\"700\" title=\"\\Servidornous projectesCURRICULUM FREIRE ARQUITECTES(1)ARCHI\" alt=\"\" class=\"slider-2794 slide-2799\" \/><\/a><\/div><\/div>\n        \n    <\/div>\n<\/div>\n<p class=\"font7\"><span style=\"color: #003366;\"><strong>Levantamiento de edificio y estudio de patolog\u00edas para posterior redacci\u00f3n de proyecto arquitect\u00f3nico.<\/strong><\/span><\/p>\n<p class=\"font7\"><span style=\"color: #003366;\"><strong>Localizaci\u00f3n: Rambla del Raval (Barcelona)<\/strong><\/span><\/p>\n<p class=\"font7\"><span style=\"color: #003366;\"><strong>Fecha: 2006<\/strong><\/span><\/p>\n<p class=\"font7\"><span style=\"color: #003366;\"><strong>Superficie : 850 m\u00b2 &nbsp;<\/strong><\/span><\/p>\n<p style=\"text-align: center;\"><a href=\"http:\/\/carrizosarq.com\/projetos\/residencial\/\">Volver<\/a><\/p>\n","protected":false},"excerpt":{"rendered":"[metaslider id=\"2794\"]\n<p class=\"font7\"><span style=\"color: #003366;\"><strong>Levantamiento de edificio y estudio de patolog\u00edas para posterior redacci\u00f3n de proyecto arquitect\u00f3nico.<\/strong><\/span><\/p>\n<p class=\"font7\"><span style=\"color: #003366...\n<\/p>\n","protected":false},"author":1,"featured_media":0,"parent":0,"menu_order":0,"comment_status":"closed","ping_status":"closed","template":"","meta":{"_mi_skip_tracking":false,"ngg_post_thumbnail":0},"_links":{"self":[{"href":"http:\/\/carrizosarq.com\/es_ES\/wp-json\/wp\/v2\/pages\/1607"}],"collection":[{"href":"http:\/\/carrizosarq.com\/es_ES\/wp-json\/wp\/v2\/pages"}],"about":[{"href":"http:\/\/carrizosarq.com\/es_ES\/wp-json\/wp\/v2\/types\/page"}],"author":[{"embeddable":true,"href":"http:\/\/carrizosarq.com\/es_ES\/wp-json\/wp\/v2\/users\/1"}],"replies":[{"embeddable":true,"href":"http:\/\/carrizosarq.com\/es_ES\/wp-json\/wp\/v2\/comments?post=1607"}],"version-history":[{"count":22,"href":"http:\/\/carrizosarq.com\/es_ES\/wp-json\/wp\/v2\/pages\/1607\/revisions"}],"predecessor-version":[{"id":3104,"href":"http:\/\/carrizosarq.com\/es_ES\/wp-json\/wp\/v2\/pages\/1607\/revisions\/3104"}],"wp:attachment":[{"href":"http:\/\/carrizosarq.com\/es_ES\/wp-json\/wp\/v2\/media?parent=1607"}],"curies":[{"name":"wp","href":"https:\/\/api.w.org\/{rel}","templated":true}]}}