{"id":1594,"date":"2018-03-17T11:49:55","date_gmt":"2018-03-17T11:49:55","guid":{"rendered":"http:\/\/localhost\/wordpress\/?page_id=1594"},"modified":"2018-12-01T11:34:36","modified_gmt":"2018-12-01T11:34:36","slug":"bellaterra","status":"publish","type":"page","link":"http:\/\/carrizosarq.com\/es_ES\/bellaterra\/","title":{"rendered":"Reforma integral de vivienda unifamiliar en Bellaterra"},"content":{"rendered":"<div id=\"metaslider-id-2713\" style=\"max-width: 700px; margin: 0 auto;\" class=\"ml-slider-3-29-1 metaslider metaslider-nivo metaslider-2713 ml-slider ml-slider-lightbox-1-12-0 easy-fancybox-1-9-5\">\n    <div id=\"metaslider_container_2713\">\n        <div class='slider-wrapper theme-default'><div class='ribbon'><\/div><div id='metaslider_2713' class='nivoSlider'><a href=\"http:\/\/carrizosarq.com\/wp-content\/uploads\/2018\/10\/1.jpg\" target=\"_self\" rel=\"lightbox[2713]\"><img src=\"http:\/\/carrizosarq.com\/wp-content\/uploads\/2018\/10\/1-655x280.jpg\" height=\"300\" width=\"700\" title=\"1\" alt=\"\" class=\"slider-2713 slide-2719\" \/><\/a><a href=\"http:\/\/carrizosarq.com\/wp-content\/uploads\/2018\/10\/Jardin-seco.jpg\" target=\"_self\" rel=\"lightbox[2713]\"><img src=\"http:\/\/carrizosarq.com\/wp-content\/uploads\/2018\/10\/Jardin-seco-370x158.jpg\" height=\"300\" width=\"700\" title=\"Jardin seco\" alt=\"\" class=\"slider-2713 slide-2723\" \/><\/a><a href=\"http:\/\/carrizosarq.com\/wp-content\/uploads\/2018\/10\/4.jpg\" target=\"_self\" rel=\"lightbox[2713]\"><img src=\"http:\/\/carrizosarq.com\/wp-content\/uploads\/2018\/10\/4-655x280.jpg\" height=\"300\" width=\"700\" title=\"4\" alt=\"\" class=\"slider-2713 slide-2720\" \/><\/a><a href=\"http:\/\/carrizosarq.com\/wp-content\/uploads\/2018\/10\/13.jpg\" target=\"_self\" rel=\"lightbox[2713]\"><img src=\"http:\/\/carrizosarq.com\/wp-content\/uploads\/2018\/10\/13-655x280.jpg\" height=\"300\" width=\"700\" title=\"\\Servidornous projectesCURRICULUM FREIRE ARQUITECTES(1)ARCHI\" alt=\"\" class=\"slider-2713 slide-2721\" \/><\/a><a href=\"http:\/\/carrizosarq.com\/wp-content\/uploads\/2018\/10\/14.jpg\" target=\"_self\" rel=\"lightbox[2713]\"><img src=\"http:\/\/carrizosarq.com\/wp-content\/uploads\/2018\/10\/14-655x280.jpg\" height=\"300\" width=\"700\" title=\"\\Servidornous projectesCURRICULUM FREIRE ARQUITECTES(1)ARCHI\" alt=\"\" class=\"slider-2713 slide-2722\" \/><\/a><\/div><\/div>\n        \n    <\/div>\n<\/div>\n<p class=\"font7\"><strong><span style=\"color: #003366;\">Reforma integral del interior de vivienda unifamiliar. Realizaci\u00f3n de proyecto b\u00e1sico incluyendo instalaciones, dise\u00f1o de interiorismo y mobiliario. Edificaci\u00f3n de dos plantas m\u00e1s s\u00f3tano.<\/span><\/strong><\/p>\n<p class=\"font7\"><strong><span style=\"color: #003366;\">Localizaci\u00f3n: Bellaterra (Barcelona)&nbsp;<\/span><\/strong><\/p>\n<p><span style=\"color: #003366;\"><b style=\"color: #003366;\">Funciones: Levantamiento de la edificaci\u00f3n y <\/b><span style=\"color: #003366;\"><b>patolog\u00edas<\/b><\/span><b style=\"color: #003366;\">. Desarrollo de Proyecto B\u00e1sico. Proyecto en colaboraci\u00f3n con Freire Arquitectes.<\/b><\/span><\/p>\n<p class=\"font7\"><strong><span style=\"color: #003366;\">Fecha: 2006<\/span><\/strong><\/p>\n<p class=\"font7\"><strong><span style=\"color: #003366;\">Superficie Vivienda: 380 m\u00b2 &nbsp;<\/span><\/strong><\/p>\n<p style=\"text-align: center;\"><a href=\"http:\/\/carrizosarq.com\/projetos\/residencial\/\">Volver<\/a><\/p>\n","protected":false},"excerpt":{"rendered":"[metaslider id=\"2713\"]\n<p class=\"font7\"><strong><span style=\"color: #003366;\">Reforma integral del interior de vivienda unifamiliar. Realizaci\u00f3n de proyecto b\u00e1sico incluyendo instalaciones, dise\u00f1o de interiorismo y mobiliario. Edificaci\u00f3n de do&#8230;<\/p>\n","protected":false},"author":1,"featured_media":0,"parent":0,"menu_order":0,"comment_status":"closed","ping_status":"closed","template":"","meta":{"_mi_skip_tracking":false,"ngg_post_thumbnail":0},"_links":{"self":[{"href":"http:\/\/carrizosarq.com\/es_ES\/wp-json\/wp\/v2\/pages\/1594"}],"collection":[{"href":"http:\/\/carrizosarq.com\/es_ES\/wp-json\/wp\/v2\/pages"}],"about":[{"href":"http:\/\/carrizosarq.com\/es_ES\/wp-json\/wp\/v2\/types\/page"}],"author":[{"embeddable":true,"href":"http:\/\/carrizosarq.com\/es_ES\/wp-json\/wp\/v2\/users\/1"}],"replies":[{"embeddable":true,"href":"http:\/\/carrizosarq.com\/es_ES\/wp-json\/wp\/v2\/comments?post=1594"}],"version-history":[{"count":21,"href":"http:\/\/carrizosarq.com\/es_ES\/wp-json\/wp\/v2\/pages\/1594\/revisions"}],"predecessor-version":[{"id":3081,"href":"http:\/\/carrizosarq.com\/es_ES\/wp-json\/wp\/v2\/pages\/1594\/revisions\/3081"}],"wp:attachment":[{"href":"http:\/\/carrizosarq.com\/es_ES\/wp-json\/wp\/v2\/media?parent=1594"}],"curies":[{"name":"wp","href":"https:\/\/api.w.org\/{rel}","templated":true}]}}