{"id":1581,"date":"2018-03-17T10:23:04","date_gmt":"2018-03-17T10:23:04","guid":{"rendered":"http:\/\/localhost\/wordpress\/?page_id=1581"},"modified":"2018-10-30T19:35:47","modified_gmt":"2018-10-30T19:35:47","slug":"hugo-cadaval-2","status":"publish","type":"page","link":"http:\/\/carrizosarq.com\/es_ES\/hugo-cadaval-2\/","title":{"rendered":"Casa ecol\u00f3gica Hugo Cadaval "},"content":{"rendered":"<div id=\"metaslider-id-2694\" style=\"max-width: 700px; margin: 0 auto;\" class=\"ml-slider-3-29-1 metaslider metaslider-nivo metaslider-2694 ml-slider ml-slider-lightbox-1-12-0 easy-fancybox-1-9-5\">\n    <div id=\"metaslider_container_2694\">\n        <div class='slider-wrapper theme-default'><div class='ribbon'><\/div><div id='metaslider_2694' class='nivoSlider'><a href=\"http:\/\/carrizosarq.com\/wp-content\/uploads\/2018\/10\/38982f61-1141-4780-86ab-ae5056fd8b27.jpg\" target=\"_self\" rel=\"lightbox[2694]\"><img src=\"http:\/\/carrizosarq.com\/wp-content\/uploads\/2018\/10\/38982f61-1141-4780-86ab-ae5056fd8b27-700x300.jpg\" height=\"300\" width=\"700\" title=\"38982f61-1141-4780-86ab-ae5056fd8b27\" alt=\"\" class=\"slider-2694 slide-2703\" \/><\/a><a href=\"http:\/\/carrizosarq.com\/wp-content\/uploads\/2018\/10\/12036681_973865142673156_8836806041683097868_n.jpg\" target=\"_self\" rel=\"lightbox[2694]\"><img src=\"http:\/\/carrizosarq.com\/wp-content\/uploads\/2018\/10\/12036681_973865142673156_8836806041683097868_n-700x300.jpg\" height=\"300\" width=\"700\" title=\"12036681_973865142673156_8836806041683097868_n\" alt=\"\" class=\"slider-2694 slide-2704\" \/><\/a><a href=\"http:\/\/carrizosarq.com\/wp-content\/uploads\/2018\/10\/18222382_1282218585166234_407566549930526926_n.jpg\" target=\"_self\" rel=\"lightbox[2694]\"><img src=\"http:\/\/carrizosarq.com\/wp-content\/uploads\/2018\/10\/18222382_1282218585166234_407566549930526926_n-700x300.jpg\" height=\"300\" width=\"700\" title=\"18222382_1282218585166234_407566549930526926_n\" alt=\"\" class=\"slider-2694 slide-2705\" \/><\/a><a href=\"http:\/\/carrizosarq.com\/wp-content\/uploads\/2018\/10\/28279426_1548879875166769_474366352911615064_n.jpg\" target=\"_self\" rel=\"lightbox[2694]\"><img src=\"http:\/\/carrizosarq.com\/wp-content\/uploads\/2018\/10\/28279426_1548879875166769_474366352911615064_n-700x300.jpg\" height=\"300\" width=\"700\" title=\"28279426_1548879875166769_474366352911615064_n\" alt=\"\" class=\"slider-2694 slide-2706\" \/><\/a><a href=\"http:\/\/carrizosarq.com\/wp-content\/uploads\/2018\/10\/pp.jpg\" target=\"_self\" rel=\"lightbox[2694]\"><img src=\"http:\/\/carrizosarq.com\/wp-content\/uploads\/2018\/10\/pp-480x205.jpg\" height=\"300\" width=\"700\" title=\"pp\" alt=\"\" class=\"slider-2694 slide-2710\" \/><\/a><a href=\"http:\/\/carrizosarq.com\/wp-content\/uploads\/2018\/10\/33030379_1625776220810467_6508059683297689600_n.jpg\" target=\"_self\" rel=\"lightbox[2694]\"><img src=\"http:\/\/carrizosarq.com\/wp-content\/uploads\/2018\/10\/33030379_1625776220810467_6508059683297689600_n-700x300.jpg\" height=\"300\" width=\"700\" title=\"33030379_1625776220810467_6508059683297689600_n\" alt=\"\" class=\"slider-2694 slide-2707\" \/><\/a><a href=\"http:\/\/carrizosarq.com\/wp-content\/uploads\/2018\/10\/34810091_1646353472086075_8806448506186235904_n.jpg\" target=\"_self\" rel=\"lightbox[2694]\"><img src=\"http:\/\/carrizosarq.com\/wp-content\/uploads\/2018\/10\/34810091_1646353472086075_8806448506186235904_n-700x300.jpg\" height=\"300\" width=\"700\" title=\"34810091_1646353472086075_8806448506186235904_n\" alt=\"\" class=\"slider-2694 slide-2708\" \/><\/a><a href=\"http:\/\/carrizosarq.com\/wp-content\/uploads\/2018\/10\/35051488_1646353678752721_1088404610420310016_n.jpg\" target=\"_self\" rel=\"lightbox[2694]\"><img src=\"http:\/\/carrizosarq.com\/wp-content\/uploads\/2018\/10\/35051488_1646353678752721_1088404610420310016_n-700x300.jpg\" height=\"300\" width=\"700\" title=\"35051488_1646353678752721_1088404610420310016_n\" alt=\"\" class=\"slider-2694 slide-2709\" \/><\/a><\/div><\/div>\n        \n    <\/div>\n<\/div>\n<p class=\"font7\" style=\"text-align: justify;\"><span style=\"color: #003366;\"><strong>Vivienda unifamiliar en medio natural, dise\u00f1ada siguiendo conceptos de arquitectura bioclim\u00e1tica. En la construcci\u00f3n de la vivienda se busca la utilizaci\u00f3n de RCD (Residuos de Construcci\u00f3n y Demolici\u00f3n)<\/strong><\/span><\/p>\n<p class=\"font7\"><span style=\"color: #003366;\"><strong>Localizaci\u00f3n: Paraty, Rio de Janeiro (Brasil)<\/strong><\/span><\/p>\n<p><span style=\"color: #003366;\"><strong>Funciones: Estudio de implantaci\u00f3n. Redacci\u00f3n de Proyectos B\u00e1sico y de Ejecuci\u00f3n. Apoyo en la ejecuci\u00f3n de las obras.&nbsp;<\/strong><\/span><\/p>\n<p class=\"font7\"><span style=\"color: #003366;\"><strong>Fecha: 2010-2012<\/strong><\/span><\/p>\n<p class=\"font7\"><span style=\"color: #003366;\"><strong>Superficie: 150 m\u00b2<\/strong><\/span><\/p>\n<p style=\"text-align: center;\"><a href=\"http:\/\/carrizosarq.com\/projetos\/residencial\/\">Volver<\/a><\/p>\n","protected":false},"excerpt":{"rendered":"[metaslider id=\"2694\"]\n<p class=\"font7\" style=\"text-align: justify;\"><span style=\"color: #003366;\"><strong>Vivienda unifamiliar en medio natural, dise\u00f1ada siguiendo conceptos de arquitectura bioclim\u00e1tica. En la construcci\u00f3n de la vivienda se bu&#8230;<\/p>\n","protected":false},"author":1,"featured_media":0,"parent":0,"menu_order":0,"comment_status":"closed","ping_status":"closed","template":"","meta":{"_mi_skip_tracking":false,"ngg_post_thumbnail":0},"_links":{"self":[{"href":"http:\/\/carrizosarq.com\/es_ES\/wp-json\/wp\/v2\/pages\/1581"}],"collection":[{"href":"http:\/\/carrizosarq.com\/es_ES\/wp-json\/wp\/v2\/pages"}],"about":[{"href":"http:\/\/carrizosarq.com\/es_ES\/wp-json\/wp\/v2\/types\/page"}],"author":[{"embeddable":true,"href":"http:\/\/carrizosarq.com\/es_ES\/wp-json\/wp\/v2\/users\/1"}],"replies":[{"embeddable":true,"href":"http:\/\/carrizosarq.com\/es_ES\/wp-json\/wp\/v2\/comments?post=1581"}],"version-history":[{"count":32,"href":"http:\/\/carrizosarq.com\/es_ES\/wp-json\/wp\/v2\/pages\/1581\/revisions"}],"predecessor-version":[{"id":1650,"href":"http:\/\/carrizosarq.com\/es_ES\/wp-json\/wp\/v2\/pages\/1581\/revisions\/1650"}],"wp:attachment":[{"href":"http:\/\/carrizosarq.com\/es_ES\/wp-json\/wp\/v2\/media?parent=1581"}],"curies":[{"name":"wp","href":"https:\/\/api.w.org\/{rel}","templated":true}]}}