{"id":1631,"date":"2018-03-17T20:32:57","date_gmt":"2018-03-17T20:32:57","guid":{"rendered":"http:\/\/localhost\/wordpress\/?page_id=1631"},"modified":"2018-10-23T21:03:07","modified_gmt":"2018-10-23T21:03:07","slug":"carioca-taste","status":"publish","type":"page","link":"http:\/\/carrizosarq.com\/en_GB\/carioca-taste\/","title":{"rendered":"Carioca Taste. Restaurant"},"content":{"rendered":"<p>[cincopa<br \/>\n AIMApXuD5KtD]<\/p>\n<p class=\"font7\" style=\"text-align: justify;\"><span style=\"color: #003366;\"><strong>Two restaurants. Complete renovation of three-floor premises to renew the image of the business. The ground floor and basement are used as a restaurant for traditional Brazilian cuisine, where the kitchen and bathrooms are located on the ground floor. The first floor houses a restaurant with Japanese food, consisting of dining room, kitchen and bathrooms.<\/strong><\/span><\/p>\n<p class=\"font7\" style=\"text-align: justify;\"><span style=\"color: #003366;\"><strong>Location: Centro, Rio de Janeiro (Brasil)&nbsp;<\/strong><\/span><\/p>\n<p style=\"text-align: justify;\"><span style=\"color: #003366;\"><strong>Duties: Redacci\u00f3n de Proyectos B\u00e1sico y de Ejecuci\u00f3n. Dise\u00f1o de mobiliario.&nbsp;<\/strong><\/span><\/p>\n<p class=\"font7\" style=\"text-align: justify;\"><span style=\"color: #003366;\"><strong>Projetc: 2015<\/strong><\/span><\/p>\n<p class=\"font7\" style=\"text-align: justify;\"><span style=\"color: #003366;\"><strong>Construction area: 445,00 m\u00b2 &nbsp;<\/strong><\/span><\/p>\n<p style=\"text-align: center;\"><a href=\"http:\/\/carrizosarq.com\/projetos\/comercial\/\">Back<\/a><\/p>\n","protected":false},"excerpt":{"rendered":"<p>[cincopa AIMApXuD5KtD]<\/p>\n<p class=\"font7\" style=\"text-align: justify;\"><span style=\"color: #003366;\"><strong>Two restaurants. Complete renovation of three-floor premises to renew the image of the business. The ground floor and basement are used as a r&#8230;<\/p>\n","protected":false},"author":1,"featured_media":0,"parent":0,"menu_order":0,"comment_status":"closed","ping_status":"closed","template":"","meta":{"_mi_skip_tracking":false,"ngg_post_thumbnail":0},"_links":{"self":[{"href":"http:\/\/carrizosarq.com\/en_GB\/wp-json\/wp\/v2\/pages\/1631"}],"collection":[{"href":"http:\/\/carrizosarq.com\/en_GB\/wp-json\/wp\/v2\/pages"}],"about":[{"href":"http:\/\/carrizosarq.com\/en_GB\/wp-json\/wp\/v2\/types\/page"}],"author":[{"embeddable":true,"href":"http:\/\/carrizosarq.com\/en_GB\/wp-json\/wp\/v2\/users\/1"}],"replies":[{"embeddable":true,"href":"http:\/\/carrizosarq.com\/en_GB\/wp-json\/wp\/v2\/comments?post=1631"}],"version-history":[{"count":18,"href":"http:\/\/carrizosarq.com\/en_GB\/wp-json\/wp\/v2\/pages\/1631\/revisions"}],"predecessor-version":[{"id":2551,"href":"http:\/\/carrizosarq.com\/en_GB\/wp-json\/wp\/v2\/pages\/1631\/revisions\/2551"}],"wp:attachment":[{"href":"http:\/\/carrizosarq.com\/en_GB\/wp-json\/wp\/v2\/media?parent=1631"}],"curies":[{"name":"wp","href":"https:\/\/api.w.org\/{rel}","templated":true}]}}